{"id":1202,"date":"2026-01-08T11:49:06","date_gmt":"2026-01-08T10:49:06","guid":{"rendered":"https:\/\/www.carmelec.fr\/?page_id=1202"},"modified":"2026-01-09T15:34:26","modified_gmt":"2026-01-09T14:34:26","slug":"mtfs-ii","status":"publish","type":"page","link":"https:\/\/www.carmelec.fr\/en\/mtfs-ii\/","title":{"rendered":"MTFS II"},"content":{"rendered":"<div data-elementor-type=\"wp-page\" data-elementor-id=\"1202\" class=\"elementor elementor-1202\" data-elementor-post-type=\"page\">\n\t\t\t\t<div class=\"elementor-element elementor-element-4e30b1cb e-flex e-con-boxed e-con e-parent\" data-id=\"4e30b1cb\" data-element_type=\"container\" data-settings=\"{&quot;background_background&quot;:&quot;classic&quot;}\">\n\t\t\t\t\t<div class=\"e-con-inner\">\n\t\t<div class=\"elementor-element elementor-element-55012a39 e-grid e-con-full e-con e-child\" data-id=\"55012a39\" data-element_type=\"container\">\n\t\t<div class=\"elementor-element elementor-element-36a777ad e-con-full e-flex e-con e-child\" data-id=\"36a777ad\" data-element_type=\"container\">\n\t\t\t\t<div class=\"elementor-element elementor-element-9bbbd71 elementor-headline--style-highlight elementor-widget elementor-widget-animated-headline\" data-id=\"9bbbd71\" data-element_type=\"widget\" data-settings=\"{&quot;marker&quot;:&quot;underline&quot;,&quot;highlighted_text&quot;:&quot;MTFS II&quot;,&quot;headline_style&quot;:&quot;highlight&quot;,&quot;highlight_animation_duration&quot;:1200}\" data-widget_type=\"animated-headline.default\">\n\t\t\t\t<div class=\"elementor-widget-container\">\n\t\t\t\t\t\t\t<h1 class=\"elementor-headline\">\n\t\t\t\t<span class=\"elementor-headline-dynamic-wrapper elementor-headline-text-wrapper\">\n\t\t\t\t\t<span class=\"elementor-headline-dynamic-text elementor-headline-text-active\">MTFS II<\/span>\n\t\t\t\t<\/span>\n\t\t\t\t<\/h1>\n\t\t\t\t\t\t<\/div>\n\t\t\t\t<\/div>\n\t\t\t\t<div class=\"elementor-element elementor-element-2941f6c1 elementor-widget elementor-widget-heading\" data-id=\"2941f6c1\" data-element_type=\"widget\" data-widget_type=\"heading.default\">\n\t\t\t\t<div class=\"elementor-widget-container\">\n\t\t\t\t\t<h3 class=\"elementor-heading-title elementor-size-default\">Vibrating string meter<\/h3>\t\t\t\t<\/div>\n\t\t\t\t<\/div>\n\t\t\t\t<div class=\"elementor-element elementor-element-197c02b8 elementor-widget elementor-widget-text-editor\" data-id=\"197c02b8\" data-element_type=\"widget\" data-widget_type=\"text-editor.default\">\n\t\t\t\t<div class=\"elementor-widget-container\">\n\t\t\t\t\t\t\t\t\t<ul><li>Designed for inspection of engineering structure (dam, bridge, nuclear power plant)<\/li><li>Easy to use<\/li><li>Fast and reliable measurement<\/li><li>Enable recovery of damaged vibrating string sensors<\/li><\/ul>\t\t\t\t\t\t\t\t<\/div>\n\t\t\t\t<\/div>\n\t\t\t\t<\/div>\n\t\t\t\t<div class=\"elementor-element elementor-element-5f335a0d elementor-widget elementor-widget-image\" data-id=\"5f335a0d\" data-element_type=\"widget\" data-widget_type=\"image.default\">\n\t\t\t\t<div class=\"elementor-widget-container\">\n\t\t\t\t\t\t\t\t\t\t\t\t\t\t\t<img fetchpriority=\"high\" decoding=\"async\" width=\"231\" height=\"300\" src=\"https:\/\/www.carmelec.fr\/wp-content\/uploads\/2026\/01\/MFTS-II-Debout-LT-231x300.png\" class=\"attachment-medium size-medium wp-image-1195\" alt=\"\" srcset=\"https:\/\/www.carmelec.fr\/wp-content\/uploads\/2026\/01\/MFTS-II-Debout-LT-231x300.png 231w, https:\/\/www.carmelec.fr\/wp-content\/uploads\/2026\/01\/MFTS-II-Debout-LT-787x1024.png 787w, https:\/\/www.carmelec.fr\/wp-content\/uploads\/2026\/01\/MFTS-II-Debout-LT-768x999.png 768w, https:\/\/www.carmelec.fr\/wp-content\/uploads\/2026\/01\/MFTS-II-Debout-LT-1181x1536.png 1181w, https:\/\/www.carmelec.fr\/wp-content\/uploads\/2026\/01\/MFTS-II-Debout-LT-1574x2048.png 1574w, https:\/\/www.carmelec.fr\/wp-content\/uploads\/2026\/01\/MFTS-II-Debout-LT-9x12.png 9w, https:\/\/www.carmelec.fr\/wp-content\/uploads\/2026\/01\/MFTS-II-Debout-LT-scaled.png 1968w\" sizes=\"(max-width: 231px) 100vw, 231px\" \/>\t\t\t\t\t\t\t\t\t\t\t\t\t\t\t<\/div>\n\t\t\t\t<\/div>\n\t\t\t\t<\/div>\n\t\t<div class=\"elementor-element elementor-element-2d7604a e-con-full e-flex e-con e-child\" data-id=\"2d7604a\" data-element_type=\"container\">\n\t\t\t\t<div class=\"elementor-element elementor-element-e9d5a9a elementor-headline--style-highlight elementor-widget elementor-widget-animated-headline\" data-id=\"e9d5a9a\" data-element_type=\"widget\" data-settings=\"{&quot;marker&quot;:&quot;curly&quot;,&quot;highlighted_text&quot;:&quot;Documentations&quot;,&quot;headline_style&quot;:&quot;highlight&quot;,&quot;loop&quot;:&quot;yes&quot;,&quot;highlight_animation_duration&quot;:1200,&quot;highlight_iteration_delay&quot;:8000}\" data-widget_type=\"animated-headline.default\">\n\t\t\t\t<div class=\"elementor-widget-container\">\n\t\t\t\t\t\t\t<h3 class=\"elementor-headline\">\n\t\t\t\t<span class=\"elementor-headline-dynamic-wrapper elementor-headline-text-wrapper\">\n\t\t\t\t\t<span class=\"elementor-headline-dynamic-text elementor-headline-text-active\">Documentation<\/span>\n\t\t\t\t<\/span>\n\t\t\t\t<\/h3>\n\t\t\t\t\t\t<\/div>\n\t\t\t\t<\/div>\n\t\t<div class=\"elementor-element elementor-element-ec7c225 e-grid e-con-full e-con e-child\" data-id=\"ec7c225\" data-element_type=\"container\">\n\t\t<div class=\"elementor-element elementor-element-39479e7 e-con-full e-flex e-con e-child\" data-id=\"39479e7\" data-element_type=\"container\">\n\t\t\t\t<div class=\"elementor-element elementor-element-3a7b31d e-transform elementor-widget elementor-widget-html\" data-id=\"3a7b31d\" data-element_type=\"widget\" data-settings=\"{&quot;_transform_scale_effect_hover&quot;:{&quot;unit&quot;:&quot;px&quot;,&quot;size&quot;:1.1,&quot;sizes&quot;:[]},&quot;_transform_scale_effect_hover_tablet&quot;:{&quot;unit&quot;:&quot;px&quot;,&quot;size&quot;:&quot;&quot;,&quot;sizes&quot;:[]},&quot;_transform_scale_effect_hover_mobile&quot;:{&quot;unit&quot;:&quot;px&quot;,&quot;size&quot;:&quot;&quot;,&quot;sizes&quot;:[]}}\" data-link=\"\/wp-content\/uploads\/carmelec\/documentations\/DC-Fiche_MFTS2.pdf\" data-target=\"_blank\" data-widget_type=\"html.default\">\n\t\t\t\t<div class=\"elementor-widget-container\">\n\t\t\t\t\t<div class=\"image-wrapper\">\r\n  <div\r\n    class=\"img-hover-container\"\r\n    role=\"link\"\r\n    tabindex=\"0\"\r\n    aria-label=\"Ouvrir la notice\"\r\n  >\r\n    <img decoding=\"async\"\r\n      src=\"\/wp-content\/uploads\/animated\/notice\/fr_colored.png\"\r\n      class=\"top img-scale\"\r\n      alt=\"\"\r\n    \/>\r\n    <img decoding=\"async\"\r\n      src=\"\/wp-content\/uploads\/animated\/notice\/fr_empty.png\"\r\n      class=\"img-scale\"\r\n      alt=\"\"\r\n    \/>\r\n  <\/div>\r\n<\/div>\r\n\r\n<script>\r\n(function () {\r\n  function getLinkEl(target) {\r\n    return target.closest('[data-link]')\r\n  }\r\n\r\n  function openFrom(el) {\r\n    const raw = (el.getAttribute('data-link') || '').trim();\r\n    if (!raw) return;\r\n\r\n    const url = raw.startsWith('http') ? raw : (location.origin + raw);\r\n    const target = el.getAttribute('data-target') || '_self';\r\n\r\n    window.open(url, target);\r\n  }\r\n\r\n  \/\/ Clic souris \/ tactile (capture = vrai pour \u00eatre prioritaire)\r\n  document.addEventListener('click', function (e) {\r\n    const el = getLinkEl(e.target);\r\n    if (!el) return;\r\n    e.preventDefault();\r\n    openFrom(el);\r\n  }, true);\r\n\r\n  \/\/ Clavier (Entr\u00e9e \/ Espace)\r\n  document.addEventListener('keydown', function (e) {\r\n    if (e.key !== 'Enter' && e.key !== ' ') return;\r\n    const el = getLinkEl(document.activeElement);\r\n    if (!el) return;\r\n    e.preventDefault();\r\n    openFrom(el);\r\n  }, true);\r\n})();\r\n<\/script>\r\n\r\n\r\n\t\t\t\t<\/div>\n\t\t\t\t<\/div>\n\t\t\t\t<\/div>\n\t\t<div class=\"elementor-element elementor-element-f280b5e e-con-full e-flex e-con e-child\" data-id=\"f280b5e\" data-element_type=\"container\">\n\t\t\t\t<div class=\"elementor-element elementor-element-657f955 e-transform elementor-widget elementor-widget-html\" data-id=\"657f955\" data-element_type=\"widget\" data-settings=\"{&quot;_transform_scale_effect_hover&quot;:{&quot;unit&quot;:&quot;px&quot;,&quot;size&quot;:1.1,&quot;sizes&quot;:[]},&quot;_transform_scale_effect_hover_tablet&quot;:{&quot;unit&quot;:&quot;px&quot;,&quot;size&quot;:&quot;&quot;,&quot;sizes&quot;:[]},&quot;_transform_scale_effect_hover_mobile&quot;:{&quot;unit&quot;:&quot;px&quot;,&quot;size&quot;:&quot;&quot;,&quot;sizes&quot;:[]}}\" data-link=\"\/wp-content\/uploads\/carmelec\/documentations\/Datasheet-MFTS_II.pdf\" data-target=\"_blank\" data-widget_type=\"html.default\">\n\t\t\t\t<div class=\"elementor-widget-container\">\n\t\t\t\t\t<div class=\"image-wrapper\">\r\n  <div\r\n    class=\"img-hover-container\"\r\n    role=\"link\"\r\n    tabindex=\"0\"\r\n    aria-label=\"Ouvrir la notice\"\r\n  >\r\n    <img decoding=\"async\"\r\n      src=\"\/wp-content\/uploads\/animated\/notice\/en_colored.png\"\r\n      class=\"top img-scale\"\r\n      alt=\"\"\r\n    \/>\r\n    <img decoding=\"async\"\r\n      src=\"\/wp-content\/uploads\/animated\/notice\/en_empty.png\"\r\n      class=\"img-scale\"\r\n      alt=\"\"\r\n    \/>\r\n  <\/div>\r\n<\/div>\r\n\r\n<script>\r\n(function () {\r\n  function getLinkEl(target) {\r\n    return target.closest('[data-link]')\r\n  }\r\n\r\n  function openFrom(el) {\r\n    const raw = (el.getAttribute('data-link') || '').trim();\r\n    if (!raw) return;\r\n\r\n    const url = raw.startsWith('http') ? raw : (location.origin + raw);\r\n    const target = el.getAttribute('data-target') || '_self';\r\n\r\n    window.open(url, target);\r\n  }\r\n\r\n  \/\/ Clic souris \/ tactile (capture = vrai pour \u00eatre prioritaire)\r\n  document.addEventListener('click', function (e) {\r\n    const el = getLinkEl(e.target);\r\n    if (!el) return;\r\n    e.preventDefault();\r\n    openFrom(el);\r\n  }, true);\r\n\r\n  \/\/ Clavier (Entr\u00e9e \/ Espace)\r\n  document.addEventListener('keydown', function (e) {\r\n    if (e.key !== 'Enter' && e.key !== ' ') return;\r\n    const el = getLinkEl(document.activeElement);\r\n    if (!el) return;\r\n    e.preventDefault();\r\n    openFrom(el);\r\n  }, true);\r\n})();\r\n<\/script>\r\n\r\n\r\n\t\t\t\t<\/div>\n\t\t\t\t<\/div>\n\t\t\t\t<\/div>\n\t\t\t\t<\/div>\n\t\t\t\t<\/div>\n\t\t\t\t\t<\/div>\n\t\t\t\t<\/div>\n\t\t<div class=\"elementor-element elementor-element-7d71f63a e-flex e-con-boxed e-con e-parent\" data-id=\"7d71f63a\" data-element_type=\"container\">\n\t\t\t\t\t<div class=\"e-con-inner\">\n\t\t\t\t<div class=\"elementor-element elementor-element-45ffaaf4 elementor-widget elementor-widget-spacer\" data-id=\"45ffaaf4\" data-element_type=\"widget\" data-widget_type=\"spacer.default\">\n\t\t\t\t<div class=\"elementor-widget-container\">\n\t\t\t\t\t\t\t<div class=\"elementor-spacer\">\n\t\t\t<div class=\"elementor-spacer-inner\"><\/div>\n\t\t<\/div>\n\t\t\t\t\t\t<\/div>\n\t\t\t\t<\/div>\n\t\t\t\t<div class=\"elementor-element elementor-element-d4f1868 elementor-headline--style-highlight elementor-widget elementor-widget-animated-headline\" data-id=\"d4f1868\" data-element_type=\"widget\" data-settings=\"{&quot;marker&quot;:&quot;underline&quot;,&quot;highlighted_text&quot;:&quot;Caract\\u00e9ristiques techniques\\u200b&quot;,&quot;headline_style&quot;:&quot;highlight&quot;,&quot;highlight_animation_duration&quot;:1200}\" data-widget_type=\"animated-headline.default\">\n\t\t\t\t<div class=\"elementor-widget-container\">\n\t\t\t\t\t\t\t<h3 class=\"elementor-headline\">\n\t\t\t\t<span class=\"elementor-headline-dynamic-wrapper elementor-headline-text-wrapper\">\n\t\t\t\t\t<span class=\"elementor-headline-dynamic-text elementor-headline-text-active\">Technical characteristics<\/span>\n\t\t\t\t<\/span>\n\t\t\t\t<\/h3>\n\t\t\t\t\t\t<\/div>\n\t\t\t\t<\/div>\n\t\t<div class=\"elementor-element elementor-element-2ba429e2 e-con-full e-flex e-con e-child\" data-id=\"2ba429e2\" data-element_type=\"container\">\n\t\t<div class=\"elementor-element elementor-element-27c768f1 e-con-full e-flex e-con e-child\" data-id=\"27c768f1\" data-element_type=\"container\">\n\t\t<div class=\"elementor-element elementor-element-1b14982c e-grid e-con-full e-con e-child\" data-id=\"1b14982c\" data-element_type=\"container\">\n\t\t<div class=\"elementor-element elementor-element-29de4dc2 e-con-full e-flex e-con e-child\" data-id=\"29de4dc2\" data-element_type=\"container\">\n\t\t<div class=\"elementor-element elementor-element-61b0d565 e-con-full e-flex e-con e-child\" data-id=\"61b0d565\" data-element_type=\"container\">\n\t\t\t\t<div class=\"elementor-element elementor-element-525163a5 elementor-widget elementor-widget-image\" data-id=\"525163a5\" data-element_type=\"widget\" data-widget_type=\"image.default\">\n\t\t\t\t<div class=\"elementor-widget-container\">\n\t\t\t\t\t\t\t\t\t\t\t\t\t\t\t<img decoding=\"async\" width=\"150\" height=\"150\" src=\"https:\/\/www.carmelec.fr\/wp-content\/uploads\/2025\/06\/vision-2-150x150.png\" class=\"attachment-thumbnail size-thumbnail wp-image-159\" alt=\"\" srcset=\"https:\/\/www.carmelec.fr\/wp-content\/uploads\/2025\/06\/vision-2-150x150.png 150w, https:\/\/www.carmelec.fr\/wp-content\/uploads\/2025\/06\/vision-2-300x300.png 300w, https:\/\/www.carmelec.fr\/wp-content\/uploads\/2025\/06\/vision-2.png 512w\" sizes=\"(max-width: 150px) 100vw, 150px\" \/>\t\t\t\t\t\t\t\t\t\t\t\t\t\t\t<\/div>\n\t\t\t\t<\/div>\n\t\t\t\t<\/div>\n\t\t<div class=\"elementor-element elementor-element-686de82b e-con-full e-flex e-con e-child\" data-id=\"686de82b\" data-element_type=\"container\">\n\t\t\t\t<div class=\"elementor-element elementor-element-2629a180 elementor-widget elementor-widget-heading\" data-id=\"2629a180\" data-element_type=\"widget\" data-widget_type=\"heading.default\">\n\t\t\t\t<div class=\"elementor-widget-container\">\n\t\t\t\t\t<h3 class=\"elementor-heading-title elementor-size-default\">Detection characteristics<\/h3>\t\t\t\t<\/div>\n\t\t\t\t<\/div>\n\t\t\t\t<div class=\"elementor-element elementor-element-626a3422 elementor-widget elementor-widget-text-editor\" data-id=\"626a3422\" data-element_type=\"widget\" data-widget_type=\"text-editor.default\">\n\t\t\t\t<div class=\"elementor-widget-container\">\n\t\t\t\t\t\t\t\t\t<ul><li>Units: DeciHertz<\/li><li>Range: from 1600 dHz tp 16 000 dHz<\/li><li>Resolution: 1 dHz<\/li><li>Sensitivity: 200 \u00b5V to 100 mV RMS<\/li><li>Programmable filter:\u00a0<ul><li>4th order<\/li><li>Step of 205 dHz<\/li><li>Width of +\/- 20%<\/li><\/ul><\/li><li>Excitation voltage:<ul><li>70 V in normal sensor mode<\/li><li>25 V, 50 V and 90 Vin hard sensor mode<\/li><li>110 V, 130 V and 150 V in boost mode<\/li><\/ul><\/li><\/ul>\t\t\t\t\t\t\t\t<\/div>\n\t\t\t\t<\/div>\n\t\t\t\t<\/div>\n\t\t\t\t<\/div>\n\t\t<div class=\"elementor-element elementor-element-10d1575 e-con-full e-flex e-con e-child\" data-id=\"10d1575\" data-element_type=\"container\">\n\t\t<div class=\"elementor-element elementor-element-536c0b8d e-con-full e-flex e-con e-child\" data-id=\"536c0b8d\" data-element_type=\"container\">\n\t\t\t\t<div class=\"elementor-element elementor-element-113b2d54 elementor-widget elementor-widget-image\" data-id=\"113b2d54\" data-element_type=\"widget\" data-widget_type=\"image.default\">\n\t\t\t\t<div class=\"elementor-widget-container\">\n\t\t\t\t\t\t\t\t\t\t\t\t\t\t\t<img decoding=\"async\" width=\"150\" height=\"150\" src=\"https:\/\/www.carmelec.fr\/wp-content\/uploads\/2025\/06\/parametre-150x150.png\" class=\"attachment-thumbnail size-thumbnail wp-image-165\" alt=\"\" srcset=\"https:\/\/www.carmelec.fr\/wp-content\/uploads\/2025\/06\/parametre-150x150.png 150w, https:\/\/www.carmelec.fr\/wp-content\/uploads\/2025\/06\/parametre-300x300.png 300w, https:\/\/www.carmelec.fr\/wp-content\/uploads\/2025\/06\/parametre.png 512w\" sizes=\"(max-width: 150px) 100vw, 150px\" \/>\t\t\t\t\t\t\t\t\t\t\t\t\t\t\t<\/div>\n\t\t\t\t<\/div>\n\t\t\t\t<\/div>\n\t\t<div class=\"elementor-element elementor-element-456c2b6f e-con-full e-flex e-con e-child\" data-id=\"456c2b6f\" data-element_type=\"container\">\n\t\t\t\t<div class=\"elementor-element elementor-element-db1bd23 elementor-widget elementor-widget-heading\" data-id=\"db1bd23\" data-element_type=\"widget\" data-widget_type=\"heading.default\">\n\t\t\t\t<div class=\"elementor-widget-container\">\n\t\t\t\t\t<h3 class=\"elementor-heading-title elementor-size-default\">Mechanical and environmental characteristics<\/h3>\t\t\t\t<\/div>\n\t\t\t\t<\/div>\n\t\t\t\t<div class=\"elementor-element elementor-element-7368b10e elementor-widget elementor-widget-text-editor\" data-id=\"7368b10e\" data-element_type=\"widget\" data-widget_type=\"text-editor.default\">\n\t\t\t\t<div class=\"elementor-widget-container\">\n\t\t\t\t\t\t\t\t\t<ul><li>Weight: 385 g with battery<\/li><li>Case material: ABS<\/li><li>Environmental characteristics:<ul><li>Operating temperature: from 10 to 50 \u00b0C<\/li><li>Storage temperature: from -20\u00b0C to 55\u00b0C<\/li><\/ul><\/li><\/ul>\t\t\t\t\t\t\t\t<\/div>\n\t\t\t\t<\/div>\n\t\t\t\t<\/div>\n\t\t\t\t<\/div>\n\t\t<div class=\"elementor-element elementor-element-6f5998f8 e-con-full e-flex e-con e-child\" data-id=\"6f5998f8\" data-element_type=\"container\">\n\t\t<div class=\"elementor-element elementor-element-395f216e e-con-full e-flex e-con e-child\" data-id=\"395f216e\" data-element_type=\"container\">\n\t\t\t\t<div class=\"elementor-element elementor-element-4215e1e2 elementor-widget elementor-widget-image\" data-id=\"4215e1e2\" data-element_type=\"widget\" data-widget_type=\"image.default\">\n\t\t\t\t<div class=\"elementor-widget-container\">\n\t\t\t\t\t\t\t\t\t\t\t\t\t\t\t<img loading=\"lazy\" decoding=\"async\" width=\"150\" height=\"150\" src=\"https:\/\/www.carmelec.fr\/wp-content\/uploads\/2025\/06\/eclair-150x150.png\" class=\"attachment-thumbnail size-thumbnail wp-image-166\" alt=\"\" srcset=\"https:\/\/www.carmelec.fr\/wp-content\/uploads\/2025\/06\/eclair-150x150.png 150w, https:\/\/www.carmelec.fr\/wp-content\/uploads\/2025\/06\/eclair-300x300.png 300w, https:\/\/www.carmelec.fr\/wp-content\/uploads\/2025\/06\/eclair.png 512w\" sizes=\"(max-width: 150px) 100vw, 150px\" \/>\t\t\t\t\t\t\t\t\t\t\t\t\t\t\t<\/div>\n\t\t\t\t<\/div>\n\t\t\t\t<\/div>\n\t\t<div class=\"elementor-element elementor-element-79c5b7f4 e-con-full e-flex e-con e-child\" data-id=\"79c5b7f4\" data-element_type=\"container\">\n\t\t\t\t<div class=\"elementor-element elementor-element-53735eb2 elementor-widget elementor-widget-heading\" data-id=\"53735eb2\" data-element_type=\"widget\" data-widget_type=\"heading.default\">\n\t\t\t\t<div class=\"elementor-widget-container\">\n\t\t\t\t\t<h3 class=\"elementor-heading-title elementor-size-default\">Electrical characteristics<\/h3>\t\t\t\t<\/div>\n\t\t\t\t<\/div>\n\t\t\t\t<div class=\"elementor-element elementor-element-3ff91b23 elementor-widget elementor-widget-text-editor\" data-id=\"3ff91b23\" data-element_type=\"widget\" data-widget_type=\"text-editor.default\">\n\t\t\t\t<div class=\"elementor-widget-container\">\n\t\t\t\t\t\t\t\t\t<ul><li>Electromagnetic compatibility: compliance with EN 61326 : 2006 standard.<\/li><li>Power supply: 9 V battery<\/li><li>Consumption: 2.5 mA in standby mode, 30 mA in measurement mode<\/li><li>Battery life: around 50 hours \/ 800 measurements<\/li><\/ul>\t\t\t\t\t\t\t\t<\/div>\n\t\t\t\t<\/div>\n\t\t\t\t<\/div>\n\t\t\t\t<\/div>\n\t\t\t\t<\/div>\n\t\t\t\t<\/div>\n\t\t<div class=\"elementor-element elementor-element-556c2fb0 e-con-full e-flex e-con e-child\" data-id=\"556c2fb0\" data-element_type=\"container\">\n\t\t<div class=\"elementor-element elementor-element-1df62b5a e-con-full e-flex e-con e-child\" data-id=\"1df62b5a\" data-element_type=\"container\">\n\t\t<div class=\"elementor-element elementor-element-7398c1b7 e-con-full e-flex e-con e-child\" data-id=\"7398c1b7\" data-element_type=\"container\">\n\t\t\t\t<div class=\"elementor-element elementor-element-28bf1e31 elementor-widget elementor-widget-image\" data-id=\"28bf1e31\" data-element_type=\"widget\" data-widget_type=\"image.default\">\n\t\t\t\t<div class=\"elementor-widget-container\">\n\t\t\t\t\t\t\t\t\t\t\t\t\t\t\t<img loading=\"lazy\" decoding=\"async\" width=\"150\" height=\"150\" src=\"https:\/\/www.carmelec.fr\/wp-content\/uploads\/2025\/06\/batterie-1-150x150.png\" class=\"attachment-thumbnail size-thumbnail wp-image-161\" alt=\"\" srcset=\"https:\/\/www.carmelec.fr\/wp-content\/uploads\/2025\/06\/batterie-1-150x150.png 150w, https:\/\/www.carmelec.fr\/wp-content\/uploads\/2025\/06\/batterie-1-300x300.png 300w, https:\/\/www.carmelec.fr\/wp-content\/uploads\/2025\/06\/batterie-1.png 512w\" sizes=\"(max-width: 150px) 100vw, 150px\" \/>\t\t\t\t\t\t\t\t\t\t\t\t\t\t\t<\/div>\n\t\t\t\t<\/div>\n\t\t\t\t<div class=\"elementor-element elementor-element-558ab585 elementor-widget elementor-widget-heading\" data-id=\"558ab585\" data-element_type=\"widget\" data-widget_type=\"heading.default\">\n\t\t\t\t<div class=\"elementor-widget-container\">\n\t\t\t\t\t<h4 class=\"elementor-heading-title elementor-size-default\">50H<\/h4>\t\t\t\t<\/div>\n\t\t\t\t<\/div>\n\t\t\t\t<\/div>\n\t\t<div class=\"elementor-element elementor-element-48e02a30 e-con-full e-flex e-con e-child\" data-id=\"48e02a30\" data-element_type=\"container\">\n\t\t\t\t<div class=\"elementor-element elementor-element-44239c53 elementor-widget elementor-widget-image\" data-id=\"44239c53\" data-element_type=\"widget\" data-widget_type=\"image.default\">\n\t\t\t\t<div class=\"elementor-widget-container\">\n\t\t\t\t\t\t\t\t\t\t\t\t\t\t\t<img loading=\"lazy\" decoding=\"async\" width=\"150\" height=\"150\" src=\"https:\/\/www.carmelec.fr\/wp-content\/uploads\/2025\/06\/poids-leger-150x150.png\" class=\"attachment-thumbnail size-thumbnail wp-image-163\" alt=\"\" srcset=\"https:\/\/www.carmelec.fr\/wp-content\/uploads\/2025\/06\/poids-leger-150x150.png 150w, https:\/\/www.carmelec.fr\/wp-content\/uploads\/2025\/06\/poids-leger-300x300.png 300w, https:\/\/www.carmelec.fr\/wp-content\/uploads\/2025\/06\/poids-leger.png 512w\" sizes=\"(max-width: 150px) 100vw, 150px\" \/>\t\t\t\t\t\t\t\t\t\t\t\t\t\t\t<\/div>\n\t\t\t\t<\/div>\n\t\t\t\t<div class=\"elementor-element elementor-element-2d6c9996 elementor-widget elementor-widget-heading\" data-id=\"2d6c9996\" data-element_type=\"widget\" data-widget_type=\"heading.default\">\n\t\t\t\t<div class=\"elementor-widget-container\">\n\t\t\t\t\t<h4 class=\"elementor-heading-title elementor-size-default\">385g<\/h4>\t\t\t\t<\/div>\n\t\t\t\t<\/div>\n\t\t\t\t<\/div>\n\t\t\t\t<\/div>\n\t\t\t\t<\/div>\n\t\t\t\t<\/div>\n\t\t\t\t\t<\/div>\n\t\t\t\t<\/div>\n\t\t<div class=\"elementor-element elementor-element-305af629 e-flex e-con-boxed e-con e-parent\" data-id=\"305af629\" data-element_type=\"container\" data-settings=\"{&quot;background_background&quot;:&quot;classic&quot;}\">\n\t\t\t\t\t<div class=\"e-con-inner\">\n\t\t\t\t<div class=\"elementor-element elementor-element-abe79df elementor-headline--style-highlight elementor-widget elementor-widget-animated-headline\" data-id=\"abe79df\" data-element_type=\"widget\" data-settings=\"{&quot;marker&quot;:&quot;underline_zigzag&quot;,&quot;highlighted_text&quot;:&quot;Accessoires MTFS II\\u200b&quot;,&quot;headline_style&quot;:&quot;highlight&quot;,&quot;highlight_animation_duration&quot;:1200}\" data-widget_type=\"animated-headline.default\">\n\t\t\t\t<div class=\"elementor-widget-container\">\n\t\t\t\t\t\t\t<h3 class=\"elementor-headline\">\n\t\t\t\t<span class=\"elementor-headline-dynamic-wrapper elementor-headline-text-wrapper\">\n\t\t\t\t\t<span class=\"elementor-headline-dynamic-text elementor-headline-text-active\">MTFS II\u200b accessory<\/span>\n\t\t\t\t<\/span>\n\t\t\t\t<\/h3>\n\t\t\t\t\t\t<\/div>\n\t\t\t\t<\/div>\n\t\t\t\t<div class=\"elementor-element elementor-element-b03326f elementor-widget elementor-widget-image\" data-id=\"b03326f\" data-element_type=\"widget\" data-widget_type=\"image.default\">\n\t\t\t\t<div class=\"elementor-widget-container\">\n\t\t\t\t\t\t\t\t\t\t\t\t\t\t\t<img loading=\"lazy\" decoding=\"async\" width=\"676\" height=\"965\" src=\"https:\/\/www.carmelec.fr\/wp-content\/uploads\/2026\/01\/MFTS-II-Mallette-ouverte_eclaircie.png\" class=\"attachment-medium_large size-medium_large wp-image-1204\" alt=\"\" srcset=\"https:\/\/www.carmelec.fr\/wp-content\/uploads\/2026\/01\/MFTS-II-Mallette-ouverte_eclaircie.png 676w, https:\/\/www.carmelec.fr\/wp-content\/uploads\/2026\/01\/MFTS-II-Mallette-ouverte_eclaircie-210x300.png 210w, https:\/\/www.carmelec.fr\/wp-content\/uploads\/2026\/01\/MFTS-II-Mallette-ouverte_eclaircie-8x12.png 8w\" sizes=\"(max-width: 676px) 100vw, 676px\" \/>\t\t\t\t\t\t\t\t\t\t\t\t\t\t\t<\/div>\n\t\t\t\t<\/div>\n\t\t\t\t\t<\/div>\n\t\t\t\t<\/div>\n\t\t\t\t<\/div>","protected":false},"excerpt":{"rendered":"<p>MTFS II Mesureur de caract\u00e9ristiques de cordes vibrantes Con\u00e7u pour le contr\u00f4le des ouvrages d\u2019art (barrage, pont, centrale nucl\u00e9aire) Simple d\u2019utilisation Mesure stable et rapide Permet la r\u00e9cup\u00e9ration des capteurs \u00e0 corde vibrante endommag\u00e9 Documentations Caract\u00e9ristiques techniques\u200b Caract\u00e9ristiques de d\u00e9tection Unit\u00e9 de mesure : D\u00e9ciHertz Gamme de mesure : de 1600 dHz \u00e0 16 000 [&hellip;]<\/p>","protected":false},"author":1,"featured_media":0,"parent":0,"menu_order":0,"comment_status":"closed","ping_status":"closed","template":"","meta":{"footnotes":""},"class_list":["post-1202","page","type-page","status-publish","hentry"],"_links":{"self":[{"href":"https:\/\/www.carmelec.fr\/en\/wp-json\/wp\/v2\/pages\/1202","targetHints":{"allow":["GET"]}}],"collection":[{"href":"https:\/\/www.carmelec.fr\/en\/wp-json\/wp\/v2\/pages"}],"about":[{"href":"https:\/\/www.carmelec.fr\/en\/wp-json\/wp\/v2\/types\/page"}],"author":[{"embeddable":true,"href":"https:\/\/www.carmelec.fr\/en\/wp-json\/wp\/v2\/users\/1"}],"replies":[{"embeddable":true,"href":"https:\/\/www.carmelec.fr\/en\/wp-json\/wp\/v2\/comments?post=1202"}],"version-history":[{"count":16,"href":"https:\/\/www.carmelec.fr\/en\/wp-json\/wp\/v2\/pages\/1202\/revisions"}],"predecessor-version":[{"id":1428,"href":"https:\/\/www.carmelec.fr\/en\/wp-json\/wp\/v2\/pages\/1202\/revisions\/1428"}],"wp:attachment":[{"href":"https:\/\/www.carmelec.fr\/en\/wp-json\/wp\/v2\/media?parent=1202"}],"curies":[{"name":"wp","href":"https:\/\/api.w.org\/{rel}","templated":true}]}}