{"id":247,"date":"2025-06-19T16:44:23","date_gmt":"2025-06-19T14:44:23","guid":{"rendered":"http:\/\/carmelec.local\/?page_id=247"},"modified":"2026-01-13T18:48:43","modified_gmt":"2026-01-13T17:48:43","slug":"nos-services","status":"publish","type":"page","link":"https:\/\/www.carmelec.fr\/en\/nos-services\/","title":{"rendered":"Our services"},"content":{"rendered":"<div data-elementor-type=\"wp-post\" data-elementor-id=\"247\" class=\"elementor elementor-247\" data-elementor-post-type=\"page\">\n\t\t\t\t<div class=\"elementor-element elementor-element-0bc45d3 e-con-full e-flex e-con e-parent\" data-id=\"0bc45d3\" data-element_type=\"container\" data-settings=\"{&quot;background_background&quot;:&quot;classic&quot;}\">\n\t\t<div class=\"elementor-element elementor-element-d280d47 e-grid e-con-boxed e-con e-child\" data-id=\"d280d47\" data-element_type=\"container\">\n\t\t\t\t\t<div class=\"e-con-inner\">\n\t\t<div class=\"elementor-element elementor-element-dbaaafd e-con-full e-flex e-con e-child\" data-id=\"dbaaafd\" data-element_type=\"container\">\n\t\t\t\t<div class=\"elementor-element elementor-element-ab5f18a elementor-headline--style-highlight elementor-widget elementor-widget-animated-headline\" data-id=\"ab5f18a\" data-element_type=\"widget\" data-settings=\"{&quot;marker&quot;:&quot;curly&quot;,&quot;highlighted_text&quot;:&quot;Sur-mesure&quot;,&quot;headline_style&quot;:&quot;highlight&quot;,&quot;loop&quot;:&quot;yes&quot;,&quot;highlight_animation_duration&quot;:1200,&quot;highlight_iteration_delay&quot;:8000}\" data-widget_type=\"animated-headline.default\">\n\t\t\t\t<div class=\"elementor-widget-container\">\n\t\t\t\t\t\t\t<h2 class=\"elementor-headline\">\n\t\t\t\t<span class=\"elementor-headline-dynamic-wrapper elementor-headline-text-wrapper\">\n\t\t\t\t\t<span class=\"elementor-headline-dynamic-text elementor-headline-text-active\">Tailor-made<\/span>\n\t\t\t\t<\/span>\n\t\t\t\t<\/h2>\n\t\t\t\t\t\t<\/div>\n\t\t\t\t<\/div>\n\t\t\t\t<div class=\"elementor-element elementor-element-791d0df elementor-widget elementor-widget-text-editor\" data-id=\"791d0df\" data-element_type=\"widget\" data-widget_type=\"text-editor.default\">\n\t\t\t\t<div class=\"elementor-widget-container\">\n\t\t\t\t\t\t\t\t\t<p><strong>Carmelec offers complete tailor-made solutions.<\/strong><\/p>\t\t\t\t\t\t\t\t<\/div>\n\t\t\t\t<\/div>\n\t\t\t\t<div class=\"elementor-element elementor-element-f6b0676 elementor-widget elementor-widget-text-editor\" data-id=\"f6b0676\" data-element_type=\"widget\" data-widget_type=\"text-editor.default\">\n\t\t\t\t<div class=\"elementor-widget-container\">\n\t\t\t\t\t\t\t\t\t<p>We are involved from the needs analysis in order to highlight your requirements to the industrialization and the production.<br \/>Our design department made with 7 persons from differents backgrounds allows us to follow all the project steps.<br \/>Whatever if your need is about electronics, embedded or PC software, mechanics or metrology, our team will be able to answer it.<\/p>\t\t\t\t\t\t\t\t<\/div>\n\t\t\t\t<\/div>\n\t\t\t\t<div class=\"elementor-element elementor-element-a73c9f2 elementor-align-center elementor-widget elementor-widget-button\" data-id=\"a73c9f2\" data-element_type=\"widget\" data-widget_type=\"button.default\">\n\t\t\t\t<div class=\"elementor-widget-container\">\n\t\t\t\t\t\t\t\t\t<div class=\"elementor-button-wrapper\">\n\t\t\t\t\t<a class=\"elementor-button elementor-button-link elementor-size-sm\" href=\"\/en\/sur-mesure\/\">\n\t\t\t\t\t\t<span class=\"elementor-button-content-wrapper\">\n\t\t\t\t\t\t\t\t\t<span class=\"elementor-button-text\">Learn more<\/span>\n\t\t\t\t\t<\/span>\n\t\t\t\t\t<\/a>\n\t\t\t\t<\/div>\n\t\t\t\t\t\t\t\t<\/div>\n\t\t\t\t<\/div>\n\t\t\t\t<\/div>\n\t\t\t\t<div class=\"elementor-element elementor-element-e789945 elementor-widget elementor-widget-html\" data-id=\"e789945\" data-element_type=\"widget\" data-widget_type=\"html.default\">\n\t\t\t\t<div class=\"elementor-widget-container\">\n\t\t\t\t\t<div class=\"polaroid-stack\">\r\n  <img decoding=\"async\" class=\"polaroid-img p1\"\r\n       src=\"https:\/\/www.carmelec.fr\/wp-content\/uploads\/2026\/01\/achievement.png\"\r\n       alt=\"R\u00e9alisation\">\r\n\r\n  <img decoding=\"async\" class=\"polaroid-img p2\"\r\n       src=\"https:\/\/www.carmelec.fr\/wp-content\/uploads\/2026\/01\/development.png\"\r\n       alt=\"D\u00e9veloppement\">\r\n\r\n  <img decoding=\"async\" class=\"polaroid-img p3\"\r\n       src=\"https:\/\/www.carmelec.fr\/wp-content\/uploads\/2026\/01\/design.png\"\r\n       alt=\"Conception\">\r\n<\/div>\r\n\t\t\t\t<\/div>\n\t\t\t\t<\/div>\n\t\t\t\t\t<\/div>\n\t\t\t\t<\/div>\n\t\t\t\t<\/div>\n\t\t<div class=\"elementor-element elementor-element-085255b e-flex e-con-boxed e-con e-parent\" data-id=\"085255b\" data-element_type=\"container\" data-settings=\"{&quot;background_background&quot;:&quot;classic&quot;}\">\n\t\t\t\t\t<div class=\"e-con-inner\">\n\t\t\t\t<div class=\"elementor-element elementor-element-e989bbe elementor-headline--style-highlight elementor-widget elementor-widget-animated-headline\" data-id=\"e989bbe\" data-element_type=\"widget\" data-settings=\"{&quot;marker&quot;:&quot;double&quot;,&quot;highlighted_text&quot;:&quot;M\\u00e9trologie&quot;,&quot;headline_style&quot;:&quot;highlight&quot;,&quot;loop&quot;:&quot;yes&quot;,&quot;highlight_animation_duration&quot;:1200,&quot;highlight_iteration_delay&quot;:8000}\" data-widget_type=\"animated-headline.default\">\n\t\t\t\t<div class=\"elementor-widget-container\">\n\t\t\t\t\t\t\t<h3 class=\"elementor-headline\">\n\t\t\t\t<span class=\"elementor-headline-dynamic-wrapper elementor-headline-text-wrapper\">\n\t\t\t\t\t<span class=\"elementor-headline-dynamic-text elementor-headline-text-active\">Metrology<\/span>\n\t\t\t\t<\/span>\n\t\t\t\t<\/h3>\n\t\t\t\t\t\t<\/div>\n\t\t\t\t<\/div>\n\t\t\t\t<div class=\"elementor-element elementor-element-e4c6791 elementor-widget elementor-widget-spacer\" data-id=\"e4c6791\" data-element_type=\"widget\" data-widget_type=\"spacer.default\">\n\t\t\t\t<div class=\"elementor-widget-container\">\n\t\t\t\t\t\t\t<div class=\"elementor-spacer\">\n\t\t\t<div class=\"elementor-spacer-inner\"><\/div>\n\t\t<\/div>\n\t\t\t\t\t\t<\/div>\n\t\t\t\t<\/div>\n\t\t\t\t<div class=\"elementor-element elementor-element-664c5d9 elementor-widget elementor-widget-text-editor\" data-id=\"664c5d9\" data-element_type=\"widget\" data-widget_type=\"text-editor.default\">\n\t\t\t\t<div class=\"elementor-widget-container\">\n\t\t\t\t\t\t\t\t\t<p><span style=\"white-space-collapse: preserve;\">We ensure the calibration and the inspection of our radiation protection and NDT devices. We also propose our expertise to verify those of our colleagues. Our services are COFRAC linked. Our team and equipment are at your disposal to offer timely quality service.<\/span><\/p>\t\t\t\t\t\t\t\t<\/div>\n\t\t\t\t<\/div>\n\t\t<div class=\"elementor-element elementor-element-3671bcf e-grid e-con-full e-con e-child\" data-id=\"3671bcf\" data-element_type=\"container\">\n\t\t<div class=\"elementor-element elementor-element-33e64d3 e-con-full e-flex e-con e-child\" data-id=\"33e64d3\" data-element_type=\"container\">\n\t\t\t\t<div class=\"elementor-element elementor-element-1ba0efd elementor-widget elementor-widget-html\" data-id=\"1ba0efd\" data-element_type=\"widget\" data-widget_type=\"html.default\">\n\t\t\t\t<div class=\"elementor-widget-container\">\n\t\t\t\t\t<style>\r\n.image-wrapper {\r\n  display: flex;\r\n  justify-content: center;\r\n  align-items: center;\r\n  height: 300px; \/* hauteur fixe plus raisonnable *\/\r\n}\r\n\r\n.img-hover-container {\r\n  position: relative;\r\n  display: inline-block;\r\n}\r\n\r\n.img-hover-container img {\r\n  width: 150px;\r\n  height: 150px;\r\n  object-fit: cover;\r\n  display: block;\r\n}\r\n\r\n.img-hover-container img.top {\r\n  position: absolute;\r\n  top: 0;\r\n  left: 0;\r\n  opacity: 0;\r\n  transition: opacity 0.3s ease;\r\n}\r\n\r\n.img-hover-container:hover img.top {\r\n  opacity: 1;\r\n}\r\n<\/style>\r\n\r\n<div class=\"image-wrapper\">\r\n  <div class=\"img-hover-container\">\r\n    <img decoding=\"async\" src=\"\/wp-content\/uploads\/animated\/Accueil\/radioactive_hover.png\" class=\"top\" \/>\r\n    <img decoding=\"async\" src=\"\/wp-content\/uploads\/animated\/Accueil\/radioactive.png\" \/>\r\n  <\/div>\r\n<\/div>\r\n\t\t\t\t<\/div>\n\t\t\t\t<\/div>\n\t\t\t\t<div class=\"elementor-element elementor-element-35e14d5 elementor-widget elementor-widget-text-editor\" data-id=\"35e14d5\" data-element_type=\"widget\" data-widget_type=\"text-editor.default\">\n\t\t\t\t<div class=\"elementor-widget-container\">\n\t\t\t\t\t\t\t\t\t<p>Irradiator containing a high activity Cs-137 source and several other alpha, beta, gamma and X-ray standard sources with lower activity.<\/p>\t\t\t\t\t\t\t\t<\/div>\n\t\t\t\t<\/div>\n\t\t\t\t<\/div>\n\t\t<div class=\"elementor-element elementor-element-dbae3c1 e-con-full e-flex e-con e-child\" data-id=\"dbae3c1\" data-element_type=\"container\">\n\t\t\t\t<div class=\"elementor-element elementor-element-d91b8ac elementor-widget elementor-widget-html\" data-id=\"d91b8ac\" data-element_type=\"widget\" data-widget_type=\"html.default\">\n\t\t\t\t<div class=\"elementor-widget-container\">\n\t\t\t\t\t<style>\r\n.image-wrapper {\r\n  display: flex;\r\n  justify-content: center;\r\n  align-items: center;\r\n  height: 300px; \/* hauteur fixe plus raisonnable *\/\r\n}\r\n\r\n.img-hover-container {\r\n  position: relative;\r\n  display: inline-block;\r\n}\r\n\r\n.img-hover-container img {\r\n  width: 150px;\r\n  height: 150px;\r\n  object-fit: cover;\r\n  display: block;\r\n}\r\n\r\n.img-hover-container img.top {\r\n  position: absolute;\r\n  top: 0;\r\n  left: 0;\r\n  opacity: 0;\r\n  transition: opacity 0.3s ease;\r\n}\r\n\r\n.img-hover-container:hover img.top {\r\n  opacity: 1;\r\n}\r\n<\/style>\r\n\r\n<div class=\"image-wrapper\">\r\n  <div class=\"img-hover-container\">\r\n    <img decoding=\"async\" src=\"\/wp-content\/uploads\/animated\/Accueil\/light_hover.png\" class=\"top\" \/>\r\n    <img decoding=\"async\" src=\"\/wp-content\/uploads\/animated\/Accueil\/light.png\" \/>\r\n  <\/div>\r\n<\/div>\r\n\t\t\t\t<\/div>\n\t\t\t\t<\/div>\n\t\t\t\t<div class=\"elementor-element elementor-element-f7ba53c elementor-widget elementor-widget-text-editor\" data-id=\"f7ba53c\" data-element_type=\"widget\" data-widget_type=\"text-editor.default\">\n\t\t\t\t<div class=\"elementor-widget-container\">\n\t\t\t\t\t\t\t\t\t<p>Measurement benches for the adjustment and calibration of our devices in visible light and UV-A (365 nm) and color temperature<\/p>\t\t\t\t\t\t\t\t<\/div>\n\t\t\t\t<\/div>\n\t\t\t\t<\/div>\n\t\t<div class=\"elementor-element elementor-element-b5dbc9d e-con-full e-flex e-con e-child\" data-id=\"b5dbc9d\" data-element_type=\"container\">\n\t\t\t\t<div class=\"elementor-element elementor-element-75d6756 elementor-widget elementor-widget-html\" data-id=\"75d6756\" data-element_type=\"widget\" data-widget_type=\"html.default\">\n\t\t\t\t<div class=\"elementor-widget-container\">\n\t\t\t\t\t<style>\r\n.image-wrapper {\r\n  display: flex;\r\n  justify-content: center;\r\n  align-items: center;\r\n  height: 300px; \/* hauteur fixe plus raisonnable *\/\r\n}\r\n\r\n.img-hover-container {\r\n  position: relative;\r\n  display: inline-block;\r\n}\r\n\r\n.img-hover-container img {\r\n  width: 150px;\r\n  height: 150px;\r\n  object-fit: cover;\r\n  display: block;\r\n}\r\n\r\n.img-hover-container img.top {\r\n  position: absolute;\r\n  top: 0;\r\n  left: 0;\r\n  opacity: 0;\r\n  transition: opacity 0.3s ease;\r\n}\r\n\r\n.img-hover-container:hover img.top {\r\n  opacity: 1;\r\n}\r\n<\/style>\r\n\r\n<div class=\"image-wrapper\">\r\n  <div class=\"img-hover-container\">\r\n    <img decoding=\"async\" src=\"\/wp-content\/uploads\/animated\/Accueil\/magnet_hover.png\" class=\"top\" \/>\r\n    <img decoding=\"async\" src=\"\/wp-content\/uploads\/animated\/Accueil\/magnet.png\" \/>\r\n  <\/div>\r\n<\/div>\r\n\t\t\t\t<\/div>\n\t\t\t\t<\/div>\n\t\t\t\t<div class=\"elementor-element elementor-element-e24454a elementor-widget elementor-widget-text-editor\" data-id=\"e24454a\" data-element_type=\"widget\" data-widget_type=\"text-editor.default\">\n\t\t\t\t<div class=\"elementor-widget-container\">\n\t\t\t\t\t\t\t\t\t<p>Magnetic field generator to fulfill all the magnetic control needs.<\/p>\t\t\t\t\t\t\t\t<\/div>\n\t\t\t\t<\/div>\n\t\t\t\t<\/div>\n\t\t<div class=\"elementor-element elementor-element-8b0e7d4 e-con-full e-flex e-con e-child\" data-id=\"8b0e7d4\" data-element_type=\"container\">\n\t\t\t\t<div class=\"elementor-element elementor-element-28cfbd6 elementor-widget elementor-widget-html\" data-id=\"28cfbd6\" data-element_type=\"widget\" data-widget_type=\"html.default\">\n\t\t\t\t<div class=\"elementor-widget-container\">\n\t\t\t\t\t<style>\r\n.image-wrapper {\r\n  display: flex;\r\n  justify-content: center;\r\n  align-items: center;\r\n  height: 300px; \/* hauteur fixe plus raisonnable *\/\r\n}\r\n\r\n.img-hover-container {\r\n  position: relative;\r\n  display: inline-block;\r\n}\r\n\r\n.img-hover-container img {\r\n  width: 150px;\r\n  height: 150px;\r\n  object-fit: cover;\r\n  display: block;\r\n}\r\n\r\n.img-hover-container img.top {\r\n  position: absolute;\r\n  top: 0;\r\n  left: 0;\r\n  opacity: 0;\r\n  transition: opacity 0.3s ease;\r\n}\r\n\r\n.img-hover-container:hover img.top {\r\n  opacity: 1;\r\n}\r\n<\/style>\r\n\r\n<div class=\"image-wrapper\">\r\n  <div class=\"img-hover-container\">\r\n    <img decoding=\"async\" src=\"\/wp-content\/uploads\/animated\/Accueil\/temperature_hover.png\" class=\"top\" \/>\r\n    <img decoding=\"async\" src=\"\/wp-content\/uploads\/animated\/Accueil\/temperature.png\" \/>\r\n  <\/div>\r\n<\/div>\r\n\t\t\t\t<\/div>\n\t\t\t\t<\/div>\n\t\t\t\t<div class=\"elementor-element elementor-element-1df7562 elementor-widget elementor-widget-text-editor\" data-id=\"1df7562\" data-element_type=\"widget\" data-widget_type=\"text-editor.default\">\n\t\t\t\t<div class=\"elementor-widget-container\">\n\t\t\t\t\t\t\t\t\t<p>Climatic chamber to measure ambient and radiant temperature and relative humidity.<\/p>\t\t\t\t\t\t\t\t<\/div>\n\t\t\t\t<\/div>\n\t\t\t\t<\/div>\n\t\t\t\t<\/div>\n\t\t\t\t\t<\/div>\n\t\t\t\t<\/div>\n\t\t<div class=\"elementor-element elementor-element-5351406 e-con-full e-flex e-con e-parent\" data-id=\"5351406\" data-element_type=\"container\" data-settings=\"{&quot;background_background&quot;:&quot;classic&quot;}\">\n\t\t<div class=\"elementor-element elementor-element-1ae5ac2 e-grid e-con-boxed e-con e-child\" data-id=\"1ae5ac2\" data-element_type=\"container\">\n\t\t\t\t\t<div class=\"e-con-inner\">\n\t\t<div class=\"elementor-element elementor-element-bb0393b e-con-full e-flex e-con e-child\" data-id=\"bb0393b\" data-element_type=\"container\">\n\t\t\t\t<div class=\"elementor-element elementor-element-7e741d5 elementor-headline--style-highlight elementor-widget elementor-widget-animated-headline\" data-id=\"7e741d5\" data-element_type=\"widget\" data-settings=\"{&quot;marker&quot;:&quot;underline_zigzag&quot;,&quot;highlighted_text&quot;:&quot;SAV&quot;,&quot;headline_style&quot;:&quot;highlight&quot;,&quot;loop&quot;:&quot;yes&quot;,&quot;highlight_animation_duration&quot;:1200,&quot;highlight_iteration_delay&quot;:8000}\" data-widget_type=\"animated-headline.default\">\n\t\t\t\t<div class=\"elementor-widget-container\">\n\t\t\t\t\t\t\t<h3 class=\"elementor-headline\">\n\t\t\t\t<span class=\"elementor-headline-dynamic-wrapper elementor-headline-text-wrapper\">\n\t\t\t\t\t<span class=\"elementor-headline-dynamic-text elementor-headline-text-active\">After-sales<\/span>\n\t\t\t\t<\/span>\n\t\t\t\t<\/h3>\n\t\t\t\t\t\t<\/div>\n\t\t\t\t<\/div>\n\t\t\t\t<div class=\"elementor-element elementor-element-3422445 elementor-widget elementor-widget-text-editor\" data-id=\"3422445\" data-element_type=\"widget\" data-widget_type=\"text-editor.default\">\n\t\t\t\t<div class=\"elementor-widget-container\">\n\t\t\t\t\t\t\t\t\t<p><strong><span style=\"white-space-collapse: preserve;\">Carmelec is involved at every phase of the product life cycle.<\/span><\/strong><\/p>\t\t\t\t\t\t\t\t<\/div>\n\t\t\t\t<\/div>\n\t\t\t\t<div class=\"elementor-element elementor-element-07826a7 elementor-widget elementor-widget-text-editor\" data-id=\"07826a7\" data-element_type=\"widget\" data-widget_type=\"text-editor.default\">\n\t\t\t\t<div class=\"elementor-widget-container\">\n\t\t\t\t\t\t\t\t\t<p><span style=\"white-space-collapse: preserve;\">More than metrology services, we offers also a complete after-sales support : Technical support, repair and maintenance. Our specialist team is at your disposal to prolonge your working life devices.<\/span><\/p>\t\t\t\t\t\t\t\t<\/div>\n\t\t\t\t<\/div>\n\t\t\t\t<\/div>\n\t\t<div class=\"elementor-element elementor-element-9f6e12e e-con-full e-flex e-con e-child\" data-id=\"9f6e12e\" data-element_type=\"container\">\n\t\t\t\t<div class=\"elementor-element elementor-element-19db91c elementor-widget elementor-widget-html\" data-id=\"19db91c\" data-element_type=\"widget\" data-widget_type=\"html.default\">\n\t\t\t\t<div class=\"elementor-widget-container\">\n\t\t\t\t\t<div class=\"polaroid-stack\">\r\n  <img decoding=\"async\" class=\"polaroid-img p1\"\r\n       src=\"https:\/\/www.carmelec.fr\/wp-content\/uploads\/2026\/01\/customer_service.png\"\r\n       alt=\"R\u00e9alisation\">\r\n\r\n  <img decoding=\"async\" class=\"polaroid-img p2\"\r\n       src=\"https:\/\/www.carmelec.fr\/wp-content\/uploads\/2026\/01\/spare_part.png\"\r\n       alt=\"D\u00e9veloppement\">\r\n\r\n  <img decoding=\"async\" class=\"polaroid-img p3\"\r\n       src=\"\/wp-content\/uploads\/animated\/sur-mesure\/intervention.png\"\r\n       alt=\"Conception\">\r\n<\/div>\r\n\t\t\t\t<\/div>\n\t\t\t\t<\/div>\n\t\t\t\t<\/div>\n\t\t\t\t\t<\/div>\n\t\t\t\t<\/div>\n\t\t\t\t<\/div>\n\t\t\t\t<\/div>","protected":false},"excerpt":{"rendered":"<p>Sur-mesure Carmelec propose des solutions sur-mesure cl\u00e9 en main. Nous sommes impliqu\u00e9s depuis l\u2019analyse de votre besoin afin de faire \u00e9merger vos exigences jusqu\u2019\u00e0 l\u2019industrialisation et la production.Notre bureau d\u2019\u00e9tudes compos\u00e9 de sept personnes issues de diff\u00e9rents horizons nous permet de couvrir les multiples \u00e9tapes des projets.Que ce soit dans les domaines de l\u2019\u00e9lectronique, l\u2019informatique [&hellip;]<\/p>","protected":false},"author":1,"featured_media":0,"parent":0,"menu_order":0,"comment_status":"closed","ping_status":"closed","template":"","meta":{"footnotes":""},"class_list":["post-247","page","type-page","status-publish","hentry"],"_links":{"self":[{"href":"https:\/\/www.carmelec.fr\/en\/wp-json\/wp\/v2\/pages\/247","targetHints":{"allow":["GET"]}}],"collection":[{"href":"https:\/\/www.carmelec.fr\/en\/wp-json\/wp\/v2\/pages"}],"about":[{"href":"https:\/\/www.carmelec.fr\/en\/wp-json\/wp\/v2\/types\/page"}],"author":[{"embeddable":true,"href":"https:\/\/www.carmelec.fr\/en\/wp-json\/wp\/v2\/users\/1"}],"replies":[{"embeddable":true,"href":"https:\/\/www.carmelec.fr\/en\/wp-json\/wp\/v2\/comments?post=247"}],"version-history":[{"count":43,"href":"https:\/\/www.carmelec.fr\/en\/wp-json\/wp\/v2\/pages\/247\/revisions"}],"predecessor-version":[{"id":1494,"href":"https:\/\/www.carmelec.fr\/en\/wp-json\/wp\/v2\/pages\/247\/revisions\/1494"}],"wp:attachment":[{"href":"https:\/\/www.carmelec.fr\/en\/wp-json\/wp\/v2\/media?parent=247"}],"curies":[{"name":"wp","href":"https:\/\/api.w.org\/{rel}","templated":true}]}}