{"id":260,"date":"2025-06-23T09:56:16","date_gmt":"2025-06-23T07:56:16","guid":{"rendered":"http:\/\/carmelec.local\/?page_id=260"},"modified":"2026-01-12T10:23:13","modified_gmt":"2026-01-12T09:23:13","slug":"nos-produits","status":"publish","type":"page","link":"https:\/\/www.carmelec.fr\/en\/nos-produits\/","title":{"rendered":"Our products"},"content":{"rendered":"<div data-elementor-type=\"wp-page\" data-elementor-id=\"260\" class=\"elementor elementor-260\" data-elementor-post-type=\"page\">\n\t\t\t\t<div class=\"elementor-element elementor-element-3e72ffe e-con-full e-flex e-con e-parent\" data-id=\"3e72ffe\" data-element_type=\"container\" data-settings=\"{&quot;background_background&quot;:&quot;classic&quot;}\">\n\t\t<div class=\"elementor-element elementor-element-74d2cb4 e-grid e-con-boxed e-con e-child\" data-id=\"74d2cb4\" data-element_type=\"container\">\n\t\t\t\t\t<div class=\"e-con-inner\">\n\t\t<div class=\"elementor-element elementor-element-3c9f00c e-con-full e-flex e-con e-child\" data-id=\"3c9f00c\" data-element_type=\"container\">\n\t\t\t\t<div class=\"elementor-element elementor-element-14ab530 elementor-headline--style-highlight elementor-widget elementor-widget-animated-headline\" data-id=\"14ab530\" data-element_type=\"widget\" data-settings=\"{&quot;marker&quot;:&quot;underline&quot;,&quot;highlighted_text&quot;:&quot;Radioprotection&quot;,&quot;headline_style&quot;:&quot;highlight&quot;,&quot;highlight_animation_duration&quot;:1200}\" data-widget_type=\"animated-headline.default\">\n\t\t\t\t<div class=\"elementor-widget-container\">\n\t\t\t\t\t\t\t<h2 class=\"elementor-headline\">\n\t\t\t\t<span class=\"elementor-headline-dynamic-wrapper elementor-headline-text-wrapper\">\n\t\t\t\t\t<span class=\"elementor-headline-dynamic-text elementor-headline-text-active\">Radiation protection<\/span>\n\t\t\t\t<\/span>\n\t\t\t\t<\/h2>\n\t\t\t\t\t\t<\/div>\n\t\t\t\t<\/div>\n\t\t\t\t<div class=\"elementor-element elementor-element-d27d429 elementor-widget elementor-widget-text-editor\" data-id=\"d27d429\" data-element_type=\"widget\" data-widget_type=\"text-editor.default\">\n\t\t\t\t<div class=\"elementor-widget-container\">\n\t\t\t\t\t\t\t\t\t<p><strong><span style=\"white-space-collapse: preserve;\">Partner of all the French nuclear industry players<\/span><\/strong><\/p>\t\t\t\t\t\t\t\t<\/div>\n\t\t\t\t<\/div>\n\t\t\t\t<div class=\"elementor-element elementor-element-f3c700a elementor-widget elementor-widget-text-editor\" data-id=\"f3c700a\" data-element_type=\"widget\" data-widget_type=\"text-editor.default\">\n\t\t\t\t<div class=\"elementor-widget-container\">\n\t\t\t\t\t\t\t\t\t<p>Present in environment, health and person protection, Carmelec offer a range of portable measurement devices (Alpha, Beta, Gamma and X-ray),  signage solution and accessories to answer at all your needs for control and safety.<\/p>\t\t\t\t\t\t\t\t<\/div>\n\t\t\t\t<\/div>\n\t\t\t\t<div class=\"elementor-element elementor-element-23efcf2 elementor-align-center elementor-widget elementor-widget-button\" data-id=\"23efcf2\" data-element_type=\"widget\" data-widget_type=\"button.default\">\n\t\t\t\t<div class=\"elementor-widget-container\">\n\t\t\t\t\t\t\t\t\t<div class=\"elementor-button-wrapper\">\n\t\t\t\t\t<a class=\"elementor-button elementor-button-link elementor-size-sm\" href=\"\/en\/radioprotection\/\">\n\t\t\t\t\t\t<span class=\"elementor-button-content-wrapper\">\n\t\t\t\t\t\t\t\t\t<span class=\"elementor-button-text\">Learn more<\/span>\n\t\t\t\t\t<\/span>\n\t\t\t\t\t<\/a>\n\t\t\t\t<\/div>\n\t\t\t\t\t\t\t\t<\/div>\n\t\t\t\t<\/div>\n\t\t\t\t<\/div>\n\t\t\t\t\t<\/div>\n\t\t\t\t<\/div>\n\t\t\t\t<\/div>\n\t\t<div class=\"elementor-element elementor-element-6eabae0 e-con-full e-flex e-con e-parent\" data-id=\"6eabae0\" data-element_type=\"container\">\n\t\t<div class=\"elementor-element elementor-element-88a2fd7 e-flex e-con-boxed e-con e-child\" data-id=\"88a2fd7\" data-element_type=\"container\">\n\t\t\t\t\t<div class=\"e-con-inner\">\n\t\t<div class=\"elementor-element elementor-element-b1375ed e-grid e-con-full e-con e-child\" data-id=\"b1375ed\" data-element_type=\"container\">\n\t\t\t\t<div class=\"elementor-element elementor-element-dde9843 elementor-widget elementor-widget-image\" data-id=\"dde9843\" data-element_type=\"widget\" data-widget_type=\"image.default\">\n\t\t\t\t<div class=\"elementor-widget-container\">\n\t\t\t\t\t\t\t\t\t\t\t\t\t\t\t<img fetchpriority=\"high\" decoding=\"async\" width=\"500\" height=\"356\" src=\"https:\/\/www.carmelec.fr\/wp-content\/uploads\/2025\/06\/mpc_500.png\" class=\"attachment-medium_large size-medium_large wp-image-102\" alt=\"\" srcset=\"https:\/\/www.carmelec.fr\/wp-content\/uploads\/2025\/06\/mpc_500.png 500w, https:\/\/www.carmelec.fr\/wp-content\/uploads\/2025\/06\/mpc_500-300x214.png 300w\" sizes=\"(max-width: 500px) 100vw, 500px\" \/>\t\t\t\t\t\t\t\t\t\t\t\t\t\t\t<\/div>\n\t\t\t\t<\/div>\n\t\t<div class=\"elementor-element elementor-element-2f0784e e-con-full e-flex e-con e-child\" data-id=\"2f0784e\" data-element_type=\"container\">\n\t\t\t\t<div class=\"elementor-element elementor-element-9e55c0f elementor-headline--style-highlight elementor-widget elementor-widget-animated-headline\" data-id=\"9e55c0f\" data-element_type=\"widget\" data-settings=\"{&quot;marker&quot;:&quot;underline&quot;,&quot;highlighted_text&quot;:&quot;Contr\\u00f4le non destructif&quot;,&quot;headline_style&quot;:&quot;highlight&quot;,&quot;highlight_animation_duration&quot;:1200}\" data-widget_type=\"animated-headline.default\">\n\t\t\t\t<div class=\"elementor-widget-container\">\n\t\t\t\t\t\t\t<h2 class=\"elementor-headline\">\n\t\t\t\t<span class=\"elementor-headline-dynamic-wrapper elementor-headline-text-wrapper\">\n\t\t\t\t\t<span class=\"elementor-headline-dynamic-text elementor-headline-text-active\">Non Destructive Testing<\/span>\n\t\t\t\t<\/span>\n\t\t\t\t<\/h2>\n\t\t\t\t\t\t<\/div>\n\t\t\t\t<\/div>\n\t\t\t\t<div class=\"elementor-element elementor-element-973cd3d elementor-widget elementor-widget-text-editor\" data-id=\"973cd3d\" data-element_type=\"widget\" data-widget_type=\"text-editor.default\">\n\t\t\t\t<div class=\"elementor-widget-container\">\n\t\t\t\t\t\t\t\t\t<p><strong>Carmelec is one of the French market leaders for MT\/PT accessories.<\/strong><\/p>\t\t\t\t\t\t\t\t<\/div>\n\t\t\t\t<\/div>\n\t\t\t\t<div class=\"elementor-element elementor-element-2b92f6c elementor-widget elementor-widget-text-editor\" data-id=\"2b92f6c\" data-element_type=\"widget\" data-widget_type=\"text-editor.default\">\n\t\t\t\t<div class=\"elementor-widget-container\">\n\t\t\t\t\t\t\t\t\t<p>Present for more than 30years in the NDT market, we designed devices to check the inspection conditions for Magnetic particle inspection and dye penetrant inspection but also gamma radiography and civil engineering.<\/p>\t\t\t\t\t\t\t\t<\/div>\n\t\t\t\t<\/div>\n\t\t\t\t<div class=\"elementor-element elementor-element-c8e4860 elementor-align-center elementor-widget elementor-widget-button\" data-id=\"c8e4860\" data-element_type=\"widget\" data-widget_type=\"button.default\">\n\t\t\t\t<div class=\"elementor-widget-container\">\n\t\t\t\t\t\t\t\t\t<div class=\"elementor-button-wrapper\">\n\t\t\t\t\t<a class=\"elementor-button elementor-button-link elementor-size-sm\" href=\"\/en\/controle-non-destructif\/\">\n\t\t\t\t\t\t<span class=\"elementor-button-content-wrapper\">\n\t\t\t\t\t\t\t\t\t<span class=\"elementor-button-text\">Our products<\/span>\n\t\t\t\t\t<\/span>\n\t\t\t\t\t<\/a>\n\t\t\t\t<\/div>\n\t\t\t\t\t\t\t\t<\/div>\n\t\t\t\t<\/div>\n\t\t\t\t<\/div>\n\t\t\t\t<\/div>\n\t\t\t\t\t<\/div>\n\t\t\t\t<\/div>\n\t\t\t\t<\/div>\n\t\t<div class=\"elementor-element elementor-element-bb3b94e e-con-full e-flex e-con e-parent\" data-id=\"bb3b94e\" data-element_type=\"container\" data-settings=\"{&quot;background_background&quot;:&quot;classic&quot;}\">\n\t\t<div class=\"elementor-element elementor-element-aff4466 e-flex e-con-boxed e-con e-child\" data-id=\"aff4466\" data-element_type=\"container\">\n\t\t\t\t\t<div class=\"e-con-inner\">\n\t\t<div class=\"elementor-element elementor-element-fb8149c e-grid e-con-full e-con e-child\" data-id=\"fb8149c\" data-element_type=\"container\">\n\t\t<div class=\"elementor-element elementor-element-cfc2720 e-con-full e-flex e-con e-child\" data-id=\"cfc2720\" data-element_type=\"container\">\n\t\t\t\t<div class=\"elementor-element elementor-element-38a16dc elementor-headline--style-highlight elementor-widget elementor-widget-animated-headline\" data-id=\"38a16dc\" data-element_type=\"widget\" data-settings=\"{&quot;marker&quot;:&quot;underline&quot;,&quot;highlighted_text&quot;:&quot;G\\u00e9nie civil&quot;,&quot;headline_style&quot;:&quot;highlight&quot;,&quot;highlight_animation_duration&quot;:1200}\" data-widget_type=\"animated-headline.default\">\n\t\t\t\t<div class=\"elementor-widget-container\">\n\t\t\t\t\t\t\t<h2 class=\"elementor-headline\">\n\t\t\t\t<span class=\"elementor-headline-dynamic-wrapper elementor-headline-text-wrapper\">\n\t\t\t\t\t<span class=\"elementor-headline-dynamic-text elementor-headline-text-active\">Civil engineering<\/span>\n\t\t\t\t<\/span>\n\t\t\t\t<\/h2>\n\t\t\t\t\t\t<\/div>\n\t\t\t\t<\/div>\n\t\t\t\t<div class=\"elementor-element elementor-element-9d0b46a elementor-widget elementor-widget-text-editor\" data-id=\"9d0b46a\" data-element_type=\"widget\" data-widget_type=\"text-editor.default\">\n\t\t\t\t<div class=\"elementor-widget-container\">\n\t\t\t\t\t\t\t\t\t<p><strong>Carmelec historical products range<\/strong><\/p>\t\t\t\t\t\t\t\t<\/div>\n\t\t\t\t<\/div>\n\t\t\t\t<div class=\"elementor-element elementor-element-bb4464a elementor-widget elementor-widget-text-editor\" data-id=\"bb4464a\" data-element_type=\"widget\" data-widget_type=\"text-editor.default\">\n\t\t\t\t<div class=\"elementor-widget-container\">\n\t\t\t\t\t\t\t\t\t<p>Carmelec offers devices to control the civil engineering structure integrity (via vibrating-wire sensors) and to measure water level in dam.<\/p>\t\t\t\t\t\t\t\t<\/div>\n\t\t\t\t<\/div>\n\t\t\t\t<div class=\"elementor-element elementor-element-eb8bd81 elementor-align-center elementor-widget elementor-widget-button\" data-id=\"eb8bd81\" data-element_type=\"widget\" data-widget_type=\"button.default\">\n\t\t\t\t<div class=\"elementor-widget-container\">\n\t\t\t\t\t\t\t\t\t<div class=\"elementor-button-wrapper\">\n\t\t\t\t\t<a class=\"elementor-button elementor-button-link elementor-size-sm\" href=\"\/en\/genie-civil\/\">\n\t\t\t\t\t\t<span class=\"elementor-button-content-wrapper\">\n\t\t\t\t\t\t\t\t\t<span class=\"elementor-button-text\">Our products<\/span>\n\t\t\t\t\t<\/span>\n\t\t\t\t\t<\/a>\n\t\t\t\t<\/div>\n\t\t\t\t\t\t\t\t<\/div>\n\t\t\t\t<\/div>\n\t\t\t\t<\/div>\n\t\t\t\t<div class=\"elementor-element elementor-element-a0be147 elementor-widget elementor-widget-image\" data-id=\"a0be147\" data-element_type=\"widget\" data-widget_type=\"image.default\">\n\t\t\t\t<div class=\"elementor-widget-container\">\n\t\t\t\t\t\t\t\t\t\t\t\t\t\t\t<img decoding=\"async\" width=\"231\" height=\"300\" src=\"https:\/\/www.carmelec.fr\/wp-content\/uploads\/2025\/06\/MFTS_II_face-231x300.png\" class=\"attachment-medium size-medium wp-image-105\" alt=\"\" srcset=\"https:\/\/www.carmelec.fr\/wp-content\/uploads\/2025\/06\/MFTS_II_face-231x300.png 231w, https:\/\/www.carmelec.fr\/wp-content\/uploads\/2025\/06\/MFTS_II_face-787x1024.png 787w, https:\/\/www.carmelec.fr\/wp-content\/uploads\/2025\/06\/MFTS_II_face-768x999.png 768w, https:\/\/www.carmelec.fr\/wp-content\/uploads\/2025\/06\/MFTS_II_face-1181x1536.png 1181w, https:\/\/www.carmelec.fr\/wp-content\/uploads\/2025\/06\/MFTS_II_face-1574x2048.png 1574w, https:\/\/www.carmelec.fr\/wp-content\/uploads\/2025\/06\/MFTS_II_face-scaled.png 1968w\" sizes=\"(max-width: 231px) 100vw, 231px\" \/>\t\t\t\t\t\t\t\t\t\t\t\t\t\t\t<\/div>\n\t\t\t\t<\/div>\n\t\t\t\t<\/div>\n\t\t\t\t\t<\/div>\n\t\t\t\t<\/div>\n\t\t\t\t<\/div>\n\t\t<div class=\"elementor-element elementor-element-8c5b81e e-con-full e-flex e-con e-parent\" data-id=\"8c5b81e\" data-element_type=\"container\">\n\t\t<div class=\"elementor-element elementor-element-49dc909 e-flex e-con-boxed e-con e-child\" data-id=\"49dc909\" data-element_type=\"container\">\n\t\t\t\t\t<div class=\"e-con-inner\">\n\t\t<div class=\"elementor-element elementor-element-5cc5caf e-grid e-con-full e-con e-child\" data-id=\"5cc5caf\" data-element_type=\"container\">\n\t\t\t\t<div class=\"elementor-element elementor-element-5612607 elementor-widget elementor-widget-image\" data-id=\"5612607\" data-element_type=\"widget\" data-widget_type=\"image.default\">\n\t\t\t\t<div class=\"elementor-widget-container\">\n\t\t\t\t\t\t\t\t\t\t\t\t\t\t\t<img decoding=\"async\" width=\"104\" height=\"300\" src=\"https:\/\/www.carmelec.fr\/wp-content\/uploads\/2025\/06\/Arthemis-v2-104x300.png\" class=\"attachment-medium size-medium wp-image-109\" alt=\"\" srcset=\"https:\/\/www.carmelec.fr\/wp-content\/uploads\/2025\/06\/Arthemis-v2-104x300.png 104w, https:\/\/www.carmelec.fr\/wp-content\/uploads\/2025\/06\/Arthemis-v2.png 446w\" sizes=\"(max-width: 104px) 100vw, 104px\" \/>\t\t\t\t\t\t\t\t\t\t\t\t\t\t\t<\/div>\n\t\t\t\t<\/div>\n\t\t<div class=\"elementor-element elementor-element-d9a7cb1 e-con-full e-flex e-con e-child\" data-id=\"d9a7cb1\" data-element_type=\"container\">\n\t\t\t\t<div class=\"elementor-element elementor-element-b58013a elementor-headline--style-highlight elementor-widget elementor-widget-animated-headline\" data-id=\"b58013a\" data-element_type=\"widget\" data-settings=\"{&quot;marker&quot;:&quot;underline&quot;,&quot;highlighted_text&quot;:&quot;QHSE&quot;,&quot;headline_style&quot;:&quot;highlight&quot;,&quot;highlight_animation_duration&quot;:1200}\" data-widget_type=\"animated-headline.default\">\n\t\t\t\t<div class=\"elementor-widget-container\">\n\t\t\t\t\t\t\t<h2 class=\"elementor-headline\">\n\t\t\t\t<span class=\"elementor-headline-dynamic-wrapper elementor-headline-text-wrapper\">\n\t\t\t\t\t<span class=\"elementor-headline-dynamic-text elementor-headline-text-active\">QHSE<\/span>\n\t\t\t\t<\/span>\n\t\t\t\t<\/h2>\n\t\t\t\t\t\t<\/div>\n\t\t\t\t<\/div>\n\t\t\t\t<div class=\"elementor-element elementor-element-48f12ec elementor-widget elementor-widget-text-editor\" data-id=\"48f12ec\" data-element_type=\"widget\" data-widget_type=\"text-editor.default\">\n\t\t\t\t<div class=\"elementor-widget-container\">\n\t\t\t\t\t\t\t\t\t<p><strong>Carmelec diversified its solutions by providing its expertise in a new field.<\/strong><\/p>\t\t\t\t\t\t\t\t<\/div>\n\t\t\t\t<\/div>\n\t\t\t\t<div class=\"elementor-element elementor-element-75169d0 elementor-align-center elementor-widget elementor-widget-button\" data-id=\"75169d0\" data-element_type=\"widget\" data-widget_type=\"button.default\">\n\t\t\t\t<div class=\"elementor-widget-container\">\n\t\t\t\t\t\t\t\t\t<div class=\"elementor-button-wrapper\">\n\t\t\t\t\t<a class=\"elementor-button elementor-button-link elementor-size-sm\" href=\"\/en\/qhse\/\">\n\t\t\t\t\t\t<span class=\"elementor-button-content-wrapper\">\n\t\t\t\t\t\t\t\t\t<span class=\"elementor-button-text\">Our products<\/span>\n\t\t\t\t\t<\/span>\n\t\t\t\t\t<\/a>\n\t\t\t\t<\/div>\n\t\t\t\t\t\t\t\t<\/div>\n\t\t\t\t<\/div>\n\t\t\t\t<\/div>\n\t\t\t\t<\/div>\n\t\t\t\t\t<\/div>\n\t\t\t\t<\/div>\n\t\t\t\t<\/div>\n\t\t\t\t<\/div>","protected":false},"excerpt":{"rendered":"<p>Radioprotection Partenaire des acteurs de l\u2019industrie de protection nucl\u00e9aire fran\u00e7aise. Pr\u00e9sent dans l\u2019environnement, la sant\u00e9, la protection civile, Carmelec vous propose une\u00a0gamme d\u2019appareils de mesure portatifs\u00a0(Alpha, B\u00eata, Gamma et X), des solutions de balisage, de signalisation personnalisable et des accessoires r\u00e9pondant \u00e0 vos besoins de\u00a0contr\u00f4le et s\u00e9curisation des personnes. En savoir + Contr\u00f4le non destructif [&hellip;]<\/p>","protected":false},"author":1,"featured_media":0,"parent":0,"menu_order":0,"comment_status":"closed","ping_status":"closed","template":"","meta":{"footnotes":""},"class_list":["post-260","page","type-page","status-publish","hentry"],"_links":{"self":[{"href":"https:\/\/www.carmelec.fr\/en\/wp-json\/wp\/v2\/pages\/260","targetHints":{"allow":["GET"]}}],"collection":[{"href":"https:\/\/www.carmelec.fr\/en\/wp-json\/wp\/v2\/pages"}],"about":[{"href":"https:\/\/www.carmelec.fr\/en\/wp-json\/wp\/v2\/types\/page"}],"author":[{"embeddable":true,"href":"https:\/\/www.carmelec.fr\/en\/wp-json\/wp\/v2\/users\/1"}],"replies":[{"embeddable":true,"href":"https:\/\/www.carmelec.fr\/en\/wp-json\/wp\/v2\/comments?post=260"}],"version-history":[{"count":40,"href":"https:\/\/www.carmelec.fr\/en\/wp-json\/wp\/v2\/pages\/260\/revisions"}],"predecessor-version":[{"id":1480,"href":"https:\/\/www.carmelec.fr\/en\/wp-json\/wp\/v2\/pages\/260\/revisions\/1480"}],"wp:attachment":[{"href":"https:\/\/www.carmelec.fr\/en\/wp-json\/wp\/v2\/media?parent=260"}],"curies":[{"name":"wp","href":"https:\/\/api.w.org\/{rel}","templated":true}]}}