{"id":767,"date":"2025-09-22T16:49:04","date_gmt":"2025-09-22T14:49:04","guid":{"rendered":"http:\/\/carmelec.local\/?page_id=767"},"modified":"2026-01-09T15:15:50","modified_gmt":"2026-01-09T14:15:50","slug":"panneau-tir-gammagraphique","status":"publish","type":"page","link":"https:\/\/www.carmelec.fr\/en\/panneau-tir-gammagraphique\/","title":{"rendered":"Gamma radiography information panel"},"content":{"rendered":"<div data-elementor-type=\"wp-page\" data-elementor-id=\"767\" class=\"elementor elementor-767\" data-elementor-post-type=\"page\">\n\t\t\t\t<div class=\"elementor-element elementor-element-4e525ba6 e-flex e-con-boxed e-con e-parent\" data-id=\"4e525ba6\" data-element_type=\"container\" data-settings=\"{&quot;background_background&quot;:&quot;classic&quot;}\">\n\t\t\t\t\t<div class=\"e-con-inner\">\n\t\t<div class=\"elementor-element elementor-element-8ac1049 e-grid e-con-full e-con e-child\" data-id=\"8ac1049\" data-element_type=\"container\">\n\t\t<div class=\"elementor-element elementor-element-49a323a7 e-con-full e-flex e-con e-child\" data-id=\"49a323a7\" data-element_type=\"container\">\n\t\t\t\t<div class=\"elementor-element elementor-element-5107b400 elementor-headline--style-highlight elementor-widget elementor-widget-animated-headline\" data-id=\"5107b400\" data-element_type=\"widget\" data-settings=\"{&quot;marker&quot;:&quot;underline&quot;,&quot;highlighted_text&quot;:&quot;Panneau tir gammagraphique&quot;,&quot;headline_style&quot;:&quot;highlight&quot;,&quot;highlight_animation_duration&quot;:1200}\" data-widget_type=\"animated-headline.default\">\n\t\t\t\t<div class=\"elementor-widget-container\">\n\t\t\t\t\t\t\t<h2 class=\"elementor-headline\">\n\t\t\t\t<span class=\"elementor-headline-dynamic-wrapper elementor-headline-text-wrapper\">\n\t\t\t\t\t<span class=\"elementor-headline-dynamic-text elementor-headline-text-active\">Gamma radiography information panel<\/span>\n\t\t\t\t<\/span>\n\t\t\t\t<\/h2>\n\t\t\t\t\t\t<\/div>\n\t\t\t\t<\/div>\n\t\t\t\t<div class=\"elementor-element elementor-element-4ab1199 elementor-widget elementor-widget-text-editor\" data-id=\"4ab1199\" data-element_type=\"widget\" data-widget_type=\"text-editor.default\">\n\t\t\t\t<div class=\"elementor-widget-container\">\n\t\t\t\t\t\t\t\t\tLe Panneau de tir gammagraphique est un outil efficace pour la pr\u00e9vention des risques lors de tirs radiographiques. Le danger est annonc\u00e9 par une face avant aux couleurs vives et au message clair. La pr\u00e9sence de LED assure la bonne visibilit\u00e9 de l\u2019information.\t\t\t\t\t\t\t\t<\/div>\n\t\t\t\t<\/div>\n\t\t\t\t<\/div>\n\t\t\t\t<div class=\"elementor-element elementor-element-498a85a0 elementor-widget elementor-widget-image\" data-id=\"498a85a0\" data-element_type=\"widget\" data-widget_type=\"image.default\">\n\t\t\t\t<div class=\"elementor-widget-container\">\n\t\t\t\t\t\t\t\t\t\t\t\t\t\t\t<img fetchpriority=\"high\" decoding=\"async\" width=\"209\" height=\"300\" src=\"https:\/\/www.carmelec.fr\/wp-content\/uploads\/2025\/09\/Panneau-Tir-Info-detoure-209x300.png\" class=\"attachment-medium size-medium wp-image-447\" alt=\"\" srcset=\"https:\/\/www.carmelec.fr\/wp-content\/uploads\/2025\/09\/Panneau-Tir-Info-detoure-209x300.png 209w, https:\/\/www.carmelec.fr\/wp-content\/uploads\/2025\/09\/Panneau-Tir-Info-detoure-714x1024.png 714w, https:\/\/www.carmelec.fr\/wp-content\/uploads\/2025\/09\/Panneau-Tir-Info-detoure-768x1101.png 768w, https:\/\/www.carmelec.fr\/wp-content\/uploads\/2025\/09\/Panneau-Tir-Info-detoure.png 918w\" sizes=\"(max-width: 209px) 100vw, 209px\" \/>\t\t\t\t\t\t\t\t\t\t\t\t\t\t\t<\/div>\n\t\t\t\t<\/div>\n\t\t\t\t<\/div>\n\t\t<div class=\"elementor-element elementor-element-3ff9566 e-con-full e-flex e-con e-child\" data-id=\"3ff9566\" data-element_type=\"container\">\n\t\t\t\t<div class=\"elementor-element elementor-element-5e3218b elementor-headline--style-highlight elementor-widget elementor-widget-animated-headline\" data-id=\"5e3218b\" data-element_type=\"widget\" data-settings=\"{&quot;marker&quot;:&quot;curly&quot;,&quot;highlighted_text&quot;:&quot;Documentations&quot;,&quot;headline_style&quot;:&quot;highlight&quot;,&quot;loop&quot;:&quot;yes&quot;,&quot;highlight_animation_duration&quot;:1200,&quot;highlight_iteration_delay&quot;:8000}\" data-widget_type=\"animated-headline.default\">\n\t\t\t\t<div class=\"elementor-widget-container\">\n\t\t\t\t\t\t\t<h3 class=\"elementor-headline\">\n\t\t\t\t<span class=\"elementor-headline-dynamic-wrapper elementor-headline-text-wrapper\">\n\t\t\t\t\t<span class=\"elementor-headline-dynamic-text elementor-headline-text-active\">Documentation<\/span>\n\t\t\t\t<\/span>\n\t\t\t\t<\/h3>\n\t\t\t\t\t\t<\/div>\n\t\t\t\t<\/div>\n\t\t<div class=\"elementor-element elementor-element-cc607d5 e-grid e-con-full e-con e-child\" data-id=\"cc607d5\" data-element_type=\"container\">\n\t\t<div class=\"elementor-element elementor-element-84175c2 e-con-full e-flex e-con e-child\" data-id=\"84175c2\" data-element_type=\"container\">\n\t\t\t\t<div class=\"elementor-element elementor-element-415e461 e-transform elementor-widget elementor-widget-html\" data-id=\"415e461\" data-element_type=\"widget\" data-settings=\"{&quot;_transform_scale_effect_hover&quot;:{&quot;unit&quot;:&quot;px&quot;,&quot;size&quot;:1.1,&quot;sizes&quot;:[]},&quot;_transform_scale_effect_hover_tablet&quot;:{&quot;unit&quot;:&quot;px&quot;,&quot;size&quot;:&quot;&quot;,&quot;sizes&quot;:[]},&quot;_transform_scale_effect_hover_mobile&quot;:{&quot;unit&quot;:&quot;px&quot;,&quot;size&quot;:&quot;&quot;,&quot;sizes&quot;:[]}}\" data-link=\"\/wp-content\/uploads\/carmelec\/documentations\/DC-Fiche_Tir_Info.pdf\" data-widget_type=\"html.default\">\n\t\t\t\t<div class=\"elementor-widget-container\">\n\t\t\t\t\t<div class=\"image-wrapper\">\r\n  <div\r\n    class=\"img-hover-container\"\r\n    role=\"link\"\r\n    tabindex=\"0\"\r\n    aria-label=\"Ouvrir la notice\"\r\n  >\r\n    <img decoding=\"async\"\r\n      src=\"\/wp-content\/uploads\/animated\/notice\/fr_colored.png\"\r\n      class=\"top img-scale\"\r\n      alt=\"\"\r\n    \/>\r\n    <img decoding=\"async\"\r\n      src=\"\/wp-content\/uploads\/animated\/notice\/fr_empty.png\"\r\n      class=\"img-scale\"\r\n      alt=\"\"\r\n    \/>\r\n  <\/div>\r\n<\/div>\r\n\r\n<script>\r\n(function () {\r\n  function getLinkEl(target) {\r\n    return target.closest('[data-link]')\r\n  }\r\n\r\n  function openFrom(el) {\r\n    const raw = (el.getAttribute('data-link') || '').trim();\r\n    if (!raw) return;\r\n\r\n    const url = raw.startsWith('http') ? raw : (location.origin + raw);\r\n    const target = el.getAttribute('data-target') || '_self';\r\n\r\n    window.open(url, target);\r\n  }\r\n\r\n  \/\/ Clic souris \/ tactile (capture = vrai pour \u00eatre prioritaire)\r\n  document.addEventListener('click', function (e) {\r\n    const el = getLinkEl(e.target);\r\n    if (!el) return;\r\n    e.preventDefault();\r\n    openFrom(el);\r\n  }, true);\r\n\r\n  \/\/ Clavier (Entr\u00e9e \/ Espace)\r\n  document.addEventListener('keydown', function (e) {\r\n    if (e.key !== 'Enter' && e.key !== ' ') return;\r\n    const el = getLinkEl(document.activeElement);\r\n    if (!el) return;\r\n    e.preventDefault();\r\n    openFrom(el);\r\n  }, true);\r\n})();\r\n<\/script>\r\n\r\n\r\n\t\t\t\t<\/div>\n\t\t\t\t<\/div>\n\t\t\t\t<\/div>\n\t\t\t\t<\/div>\n\t\t\t\t<\/div>\n\t\t\t\t\t<\/div>\n\t\t\t\t<\/div>\n\t\t<div class=\"elementor-element elementor-element-580ee68f e-flex e-con-boxed e-con e-parent\" data-id=\"580ee68f\" data-element_type=\"container\">\n\t\t\t\t\t<div class=\"e-con-inner\">\n\t\t\t\t<div class=\"elementor-element elementor-element-7f4496dd elementor-widget elementor-widget-spacer\" data-id=\"7f4496dd\" data-element_type=\"widget\" data-widget_type=\"spacer.default\">\n\t\t\t\t<div class=\"elementor-widget-container\">\n\t\t\t\t\t\t\t<div class=\"elementor-spacer\">\n\t\t\t<div class=\"elementor-spacer-inner\"><\/div>\n\t\t<\/div>\n\t\t\t\t\t\t<\/div>\n\t\t\t\t<\/div>\n\t\t\t\t<div class=\"elementor-element elementor-element-15957ac9 elementor-headline--style-highlight elementor-widget elementor-widget-animated-headline\" data-id=\"15957ac9\" data-element_type=\"widget\" data-settings=\"{&quot;marker&quot;:&quot;double&quot;,&quot;highlighted_text&quot;:&quot;Caract\\u00e9ristiques techniques&quot;,&quot;headline_style&quot;:&quot;highlight&quot;,&quot;highlight_animation_duration&quot;:1200}\" data-widget_type=\"animated-headline.default\">\n\t\t\t\t<div class=\"elementor-widget-container\">\n\t\t\t\t\t\t\t<h2 class=\"elementor-headline\">\n\t\t\t\t<span class=\"elementor-headline-dynamic-wrapper elementor-headline-text-wrapper\">\n\t\t\t\t\t<span class=\"elementor-headline-dynamic-text elementor-headline-text-active\">Technical characteristics<\/span>\n\t\t\t\t<\/span>\n\t\t\t\t<\/h2>\n\t\t\t\t\t\t<\/div>\n\t\t\t\t<\/div>\n\t\t<div class=\"elementor-element elementor-element-1abea340 e-con-full e-flex e-con e-child\" data-id=\"1abea340\" data-element_type=\"container\">\n\t\t<div class=\"elementor-element elementor-element-1ad4921a e-con-full e-flex e-con e-child\" data-id=\"1ad4921a\" data-element_type=\"container\">\n\t\t<div class=\"elementor-element elementor-element-334f78a3 e-grid e-con-full e-con e-child\" data-id=\"334f78a3\" data-element_type=\"container\">\n\t\t<div class=\"elementor-element elementor-element-52d5425 e-con-full e-flex e-con e-child\" data-id=\"52d5425\" data-element_type=\"container\">\n\t\t<div class=\"elementor-element elementor-element-36f069b4 e-con-full e-flex e-con e-child\" data-id=\"36f069b4\" data-element_type=\"container\">\n\t\t\t\t<div class=\"elementor-element elementor-element-572bdacd elementor-widget elementor-widget-image\" data-id=\"572bdacd\" data-element_type=\"widget\" data-widget_type=\"image.default\">\n\t\t\t\t<div class=\"elementor-widget-container\">\n\t\t\t\t\t\t\t\t\t\t\t\t\t\t\t<img decoding=\"async\" width=\"150\" height=\"150\" src=\"https:\/\/www.carmelec.fr\/wp-content\/uploads\/2025\/06\/parametre-150x150.png\" class=\"attachment-thumbnail size-thumbnail wp-image-165\" alt=\"\" srcset=\"https:\/\/www.carmelec.fr\/wp-content\/uploads\/2025\/06\/parametre-150x150.png 150w, https:\/\/www.carmelec.fr\/wp-content\/uploads\/2025\/06\/parametre-300x300.png 300w, https:\/\/www.carmelec.fr\/wp-content\/uploads\/2025\/06\/parametre.png 512w\" sizes=\"(max-width: 150px) 100vw, 150px\" \/>\t\t\t\t\t\t\t\t\t\t\t\t\t\t\t<\/div>\n\t\t\t\t<\/div>\n\t\t\t\t<\/div>\n\t\t<div class=\"elementor-element elementor-element-2921ab9d e-con-full e-flex e-con e-child\" data-id=\"2921ab9d\" data-element_type=\"container\">\n\t\t\t\t<div class=\"elementor-element elementor-element-6cba8858 elementor-widget elementor-widget-heading\" data-id=\"6cba8858\" data-element_type=\"widget\" data-widget_type=\"heading.default\">\n\t\t\t\t<div class=\"elementor-widget-container\">\n\t\t\t\t\t<h3 class=\"elementor-heading-title elementor-size-default\">Mechanical and environmental characteristics<\/h3>\t\t\t\t<\/div>\n\t\t\t\t<\/div>\n\t\t\t\t<div class=\"elementor-element elementor-element-7245db83 elementor-widget elementor-widget-text-editor\" data-id=\"7245db83\" data-element_type=\"widget\" data-widget_type=\"text-editor.default\">\n\t\t\t\t<div class=\"elementor-widget-container\">\n\t\t\t\t\t\t\t\t\t<ul><li>Dimensions totales standard (H x l x p) : 228 cm x 140 cm x 25 cm<\/li><li>Dimensions panneau standard (H x l) : 170 cm x 125 cm<\/li><li>Poids : environ 80 kg<\/li><li>Panneau d\u2019indication m\u00e9tallique et structure tubulaire<\/li><li>Plan 2D ou 3D fourni par le CNPE<\/li><li>6 emplacements format A4 sont pr\u00e9vus pour l\u2019affichage r\u00e9glementaire et le d\u00e9tail de chaque tir<\/li><\/ul>\t\t\t\t\t\t\t\t<\/div>\n\t\t\t\t<\/div>\n\t\t\t\t<\/div>\n\t\t\t\t<\/div>\n\t\t<div class=\"elementor-element elementor-element-297e504a e-con-full e-flex e-con e-child\" data-id=\"297e504a\" data-element_type=\"container\">\n\t\t<div class=\"elementor-element elementor-element-1b7a8d6a e-con-full e-flex e-con e-child\" data-id=\"1b7a8d6a\" data-element_type=\"container\">\n\t\t\t\t<div class=\"elementor-element elementor-element-4e5696b3 elementor-widget elementor-widget-image\" data-id=\"4e5696b3\" data-element_type=\"widget\" data-widget_type=\"image.default\">\n\t\t\t\t<div class=\"elementor-widget-container\">\n\t\t\t\t\t\t\t\t\t\t\t\t\t\t\t<img decoding=\"async\" width=\"150\" height=\"150\" src=\"https:\/\/www.carmelec.fr\/wp-content\/uploads\/2025\/06\/eclair-150x150.png\" class=\"attachment-thumbnail size-thumbnail wp-image-166\" alt=\"\" srcset=\"https:\/\/www.carmelec.fr\/wp-content\/uploads\/2025\/06\/eclair-150x150.png 150w, https:\/\/www.carmelec.fr\/wp-content\/uploads\/2025\/06\/eclair-300x300.png 300w, https:\/\/www.carmelec.fr\/wp-content\/uploads\/2025\/06\/eclair.png 512w\" sizes=\"(max-width: 150px) 100vw, 150px\" \/>\t\t\t\t\t\t\t\t\t\t\t\t\t\t\t<\/div>\n\t\t\t\t<\/div>\n\t\t\t\t<\/div>\n\t\t<div class=\"elementor-element elementor-element-ebb6c27 e-con-full e-flex e-con e-child\" data-id=\"ebb6c27\" data-element_type=\"container\">\n\t\t\t\t<div class=\"elementor-element elementor-element-7e94b24e elementor-widget elementor-widget-heading\" data-id=\"7e94b24e\" data-element_type=\"widget\" data-widget_type=\"heading.default\">\n\t\t\t\t<div class=\"elementor-widget-container\">\n\t\t\t\t\t<h3 class=\"elementor-heading-title elementor-size-default\">Electrical characteristics<\/h3>\t\t\t\t<\/div>\n\t\t\t\t<\/div>\n\t\t\t\t<div class=\"elementor-element elementor-element-74dc68ce elementor-widget elementor-widget-text-editor\" data-id=\"74dc68ce\" data-element_type=\"widget\" data-widget_type=\"text-editor.default\">\n\t\t\t\t<div class=\"elementor-widget-container\">\n\t\t\t\t\t\t\t\t\t<ul><li>Consommation : 300 W<\/li><li>Leds \u00e0 programmation manuelle<\/li><li>26 \u00e0 30 points lumineux pour un site de 4 tranches<\/li><li>Allumage des Leds par bouton poussoir<\/li><li>Panneau arri\u00e8re de programmation des Leds<\/li><li>Branchement prise 220 V sur Enrouleur 10 ml<\/li><\/ul>\t\t\t\t\t\t\t\t<\/div>\n\t\t\t\t<\/div>\n\t\t\t\t<\/div>\n\t\t\t\t<\/div>\n\t\t\t\t<\/div>\n\t\t\t\t<div class=\"elementor-element elementor-element-6fc620d elementor-widget elementor-widget-image\" data-id=\"6fc620d\" data-element_type=\"widget\" data-widget_type=\"image.default\">\n\t\t\t\t<div class=\"elementor-widget-container\">\n\t\t\t\t\t\t\t\t\t\t\t\t\t\t\t<img loading=\"lazy\" decoding=\"async\" width=\"570\" height=\"530\" src=\"https:\/\/www.carmelec.fr\/wp-content\/uploads\/2025\/09\/cc43ad_c4a72f225d3b4c0c916e11cfe6ff57e0.png\" class=\"attachment-large size-large wp-image-769\" alt=\"\" srcset=\"https:\/\/www.carmelec.fr\/wp-content\/uploads\/2025\/09\/cc43ad_c4a72f225d3b4c0c916e11cfe6ff57e0.png 570w, https:\/\/www.carmelec.fr\/wp-content\/uploads\/2025\/09\/cc43ad_c4a72f225d3b4c0c916e11cfe6ff57e0-300x279.png 300w\" sizes=\"(max-width: 570px) 100vw, 570px\" \/>\t\t\t\t\t\t\t\t\t\t\t\t\t\t\t<\/div>\n\t\t\t\t<\/div>\n\t\t\t\t<\/div>\n\t\t\t\t<\/div>\n\t\t\t\t\t<\/div>\n\t\t\t\t<\/div>\n\t\t\t\t<\/div>","protected":false},"excerpt":{"rendered":"<p>Panneau tir gammagraphique Le Panneau de tir gammagraphique est un outil efficace pour la pr\u00e9vention des risques lors de tirs radiographiques. Le danger est annonc\u00e9 par une face avant aux couleurs vives et au message clair. La pr\u00e9sence de LED assure la bonne visibilit\u00e9 de l\u2019information. Documentations Caract\u00e9ristiques techniques Caract\u00e9ristiques m\u00e9caniques et environnementales\u200b Dimensions totales [&hellip;]<\/p>","protected":false},"author":1,"featured_media":0,"parent":0,"menu_order":0,"comment_status":"closed","ping_status":"closed","template":"","meta":{"footnotes":""},"class_list":["post-767","page","type-page","status-publish","hentry"],"_links":{"self":[{"href":"https:\/\/www.carmelec.fr\/en\/wp-json\/wp\/v2\/pages\/767","targetHints":{"allow":["GET"]}}],"collection":[{"href":"https:\/\/www.carmelec.fr\/en\/wp-json\/wp\/v2\/pages"}],"about":[{"href":"https:\/\/www.carmelec.fr\/en\/wp-json\/wp\/v2\/types\/page"}],"author":[{"embeddable":true,"href":"https:\/\/www.carmelec.fr\/en\/wp-json\/wp\/v2\/users\/1"}],"replies":[{"embeddable":true,"href":"https:\/\/www.carmelec.fr\/en\/wp-json\/wp\/v2\/comments?post=767"}],"version-history":[{"count":10,"href":"https:\/\/www.carmelec.fr\/en\/wp-json\/wp\/v2\/pages\/767\/revisions"}],"predecessor-version":[{"id":1393,"href":"https:\/\/www.carmelec.fr\/en\/wp-json\/wp\/v2\/pages\/767\/revisions\/1393"}],"wp:attachment":[{"href":"https:\/\/www.carmelec.fr\/en\/wp-json\/wp\/v2\/media?parent=767"}],"curies":[{"name":"wp","href":"https:\/\/api.w.org\/{rel}","templated":true}]}}