{"id":983,"date":"2025-10-01T17:03:04","date_gmt":"2025-10-01T15:03:04","guid":{"rendered":"http:\/\/carmelec.local\/?page_id=983"},"modified":"2025-10-01T17:09:31","modified_gmt":"2025-10-01T15:09:31","slug":"informations-legales","status":"publish","type":"page","link":"https:\/\/www.carmelec.fr\/en\/informations-legales\/","title":{"rendered":"Legal information"},"content":{"rendered":"<div data-elementor-type=\"wp-page\" data-elementor-id=\"983\" class=\"elementor elementor-983\" data-elementor-post-type=\"page\">\n\t\t\t\t<div class=\"elementor-element elementor-element-3c1eaec e-flex e-con-boxed e-con e-parent\" data-id=\"3c1eaec\" data-element_type=\"container\" data-settings=\"{&quot;background_background&quot;:&quot;classic&quot;}\">\n\t\t\t\t\t<div class=\"e-con-inner\">\n\t\t\t\t<div class=\"elementor-element elementor-element-922e377 elementor-widget elementor-widget-spacer\" data-id=\"922e377\" data-element_type=\"widget\" data-widget_type=\"spacer.default\">\n\t\t\t\t<div class=\"elementor-widget-container\">\n\t\t\t\t\t\t\t<div class=\"elementor-spacer\">\n\t\t\t<div class=\"elementor-spacer-inner\"><\/div>\n\t\t<\/div>\n\t\t\t\t\t\t<\/div>\n\t\t\t\t<\/div>\n\t\t\t\t<div class=\"elementor-element elementor-element-ac1e9d7 elementor-headline--style-highlight elementor-widget elementor-widget-animated-headline\" data-id=\"ac1e9d7\" data-element_type=\"widget\" data-settings=\"{&quot;marker&quot;:&quot;underline&quot;,&quot;highlighted_text&quot;:&quot;Informations l\\u00e9gales&quot;,&quot;headline_style&quot;:&quot;highlight&quot;,&quot;highlight_animation_duration&quot;:1200}\" data-widget_type=\"animated-headline.default\">\n\t\t\t\t<div class=\"elementor-widget-container\">\n\t\t\t\t\t\t\t<h2 class=\"elementor-headline\">\n\t\t\t\t<span class=\"elementor-headline-dynamic-wrapper elementor-headline-text-wrapper\">\n\t\t\t\t\t<span class=\"elementor-headline-dynamic-text elementor-headline-text-active\">Legal information<\/span>\n\t\t\t\t<\/span>\n\t\t\t\t<\/h2>\n\t\t\t\t\t\t<\/div>\n\t\t\t\t<\/div>\n\t\t\t\t<div class=\"elementor-element elementor-element-5fc75e6 elementor-widget elementor-widget-heading\" data-id=\"5fc75e6\" data-element_type=\"widget\" data-widget_type=\"heading.default\">\n\t\t\t\t<div class=\"elementor-widget-container\">\n\t\t\t\t\t<h3 class=\"elementor-heading-title elementor-size-default\">1. Website presentation<\/h3>\t\t\t\t<\/div>\n\t\t\t\t<\/div>\n\t\t\t\t<div class=\"elementor-element elementor-element-5043a79 elementor-widget elementor-widget-text-editor\" data-id=\"5043a79\" data-element_type=\"widget\" data-widget_type=\"text-editor.default\">\n\t\t\t\t<div class=\"elementor-widget-container\">\n\t\t\t\t\t\t\t\t\t<p>Pursuant to Article 6 of French Law No. 2004-575 of 21 June 2004 on confidence in the digital economy, users of the website\u00a0<a href=\"https:\/\/www.carmelec.fr\/en\/\">www.carmelec.fr<\/a>\u00a0are informed of the identity of the various parties involved in the creation and monitoring of the website:<\/p><p><strong>Owner<\/strong>\u00a0Carmelec \u2013 SCOP ARL \u2013 Company registration number 438 352 965 00026\n231 rue James Watt, 66100 Perpignan, France<br \/><strong>Website creator:<\/strong>\u00a0 : Carmelec<br \/><strong>Publication manager:<\/strong>\u00a0: Carmelec \u2013\u00a0commercial@carmelec.fr<br \/>The publication manager may be a natural person or a legal entity.<br \/><strong>Webmaster<\/strong>\u00a0: Carmelec \u2013\u00a0commercial@carmelec.fr<br \/><strong>H\u00e9bergeur<\/strong>\u00a0: Carmelec \u2013 231 rue James Watt 66100 Perpignan<br \/>Cr\u00e9dits :<br \/>The legal notice template is provided by Subdelirium.com\u00a0<a href=\"https:\/\/www.subdelirium.com\/generateur-de-mentions-legales\/\" target=\"_blank\" rel=\"noopener noreferrer\">Mentions l\u00e9gales<\/a><\/p>\t\t\t\t\t\t\t\t<\/div>\n\t\t\t\t<\/div>\n\t\t\t\t<div class=\"elementor-element elementor-element-9237d64 elementor-widget elementor-widget-heading\" data-id=\"9237d64\" data-element_type=\"widget\" data-widget_type=\"heading.default\">\n\t\t\t\t<div class=\"elementor-widget-container\">\n\t\t\t\t\t<h3 class=\"elementor-heading-title elementor-size-default\">2. General terms of use of the website and services offered<\/h3>\t\t\t\t<\/div>\n\t\t\t\t<\/div>\n\t\t\t\t<div class=\"elementor-element elementor-element-854c26b elementor-widget elementor-widget-text-editor\" data-id=\"854c26b\" data-element_type=\"widget\" data-widget_type=\"text-editor.default\">\n\t\t\t\t<div class=\"elementor-widget-container\">\n\t\t\t\t\t\t\t\t\t<p>Use of the website\u00a0<a href=\"https:\/\/www.carmelec.fr\/en\/\">www.carmelec.fr<\/a>\u00a0implies full and unconditional acceptance of the general terms of use described below. These terms of use may be modified or supplemented at any time; users of the website\u00a0<a href=\"https:\/\/www.carmelec.fr\/en\/\">www.carmelec.fr<\/a>\u00a0are therefore invited to consult them regularly.<\/p><p>The website is normally accessible to users at all times. However, an interruption for technical maintenance purposes may be decided by Carmelec, which will endeavor to inform users in advance of the dates and times of such maintenance.<\/p><p>The website\u00a0<a href=\"https:\/\/www.carmelec.fr\/en\/\">www.carmelec.fr<\/a>\u00a0is regularly updated by Carmelec. In the same way, the legal notices may be modified at any time; they nevertheless remain binding on the user, who is encouraged to refer to them as often as possible in order to remain informed.<\/p>\t\t\t\t\t\t\t\t<\/div>\n\t\t\t\t<\/div>\n\t\t\t\t<div class=\"elementor-element elementor-element-62e9df4 elementor-widget elementor-widget-heading\" data-id=\"62e9df4\" data-element_type=\"widget\" data-widget_type=\"heading.default\">\n\t\t\t\t<div class=\"elementor-widget-container\">\n\t\t\t\t\t<h3 class=\"elementor-heading-title elementor-size-default\">3. Description of the services provided<\/h3>\t\t\t\t<\/div>\n\t\t\t\t<\/div>\n\t\t\t\t<div class=\"elementor-element elementor-element-235a780 elementor-widget elementor-widget-text-editor\" data-id=\"235a780\" data-element_type=\"widget\" data-widget_type=\"text-editor.default\">\n\t\t\t\t<div class=\"elementor-widget-container\">\n\t\t\t\t\t\t\t\t\t<p>The website\u00a0<a href=\"https:\/\/www.carmelec.fr\/en\/\">www.carmelec.fr<\/a>\u00a0is intended to provide information concerning all of the company\u2019s activities.<\/p><p>Carmelec endeavors to provide information on the website\u00a0<a href=\"https:\/\/www.carmelec.fr\/en\/\">www.carmelec.fr<\/a>\u00a0that is as accurate as possible. However, it cannot be held liable for omissions, inaccuracies or deficiencies in updates, whether caused by itself or by third-party partners who provide such information.<\/p><p>All information provided on the website\u00a0<a href=\"https:\/\/www.carmelec.fr\/en\/\">www.carmelec.fr<\/a>\u00a0is given for information purposes only and is subject to change. Furthermore, the information available on the website\u00a0<a href=\"https:\/\/www.carmelec.fr\/en\/\">www.carmelec.fr<\/a>\u00a0is not exhaustive and is provided subject to any modifications that may have been made since it was published online.<\/p>\t\t\t\t\t\t\t\t<\/div>\n\t\t\t\t<\/div>\n\t\t\t\t<div class=\"elementor-element elementor-element-5a6feaf elementor-widget elementor-widget-heading\" data-id=\"5a6feaf\" data-element_type=\"widget\" data-widget_type=\"heading.default\">\n\t\t\t\t<div class=\"elementor-widget-container\">\n\t\t\t\t\t<h2 class=\"elementor-heading-title elementor-size-default\">4. Contractual limitations on technical data<\/h2>\t\t\t\t<\/div>\n\t\t\t\t<\/div>\n\t\t\t\t<div class=\"elementor-element elementor-element-2ff4067 elementor-widget elementor-widget-text-editor\" data-id=\"2ff4067\" data-element_type=\"widget\" data-widget_type=\"text-editor.default\">\n\t\t\t\t<div class=\"elementor-widget-container\">\n\t\t\t\t\t\t\t\t\t<p>The website uses JavaScript technology.<\/p><p>The website cannot be held liable for material damage related to the use of the website. Furthermore, the user of the website undertakes to access the website using recent equipment that does not contain viruses and with a latest-generation, up-to-date web browser.<\/p>\t\t\t\t\t\t\t\t<\/div>\n\t\t\t\t<\/div>\n\t\t\t\t<div class=\"elementor-element elementor-element-a0879f5 elementor-widget elementor-widget-heading\" data-id=\"a0879f5\" data-element_type=\"widget\" data-widget_type=\"heading.default\">\n\t\t\t\t<div class=\"elementor-widget-container\">\n\t\t\t\t\t<h3 class=\"elementor-heading-title elementor-size-default\">5. Intellectual property and infringements<\/h3>\t\t\t\t<\/div>\n\t\t\t\t<\/div>\n\t\t\t\t<div class=\"elementor-element elementor-element-100d734 elementor-widget elementor-widget-text-editor\" data-id=\"100d734\" data-element_type=\"widget\" data-widget_type=\"text-editor.default\">\n\t\t\t\t<div class=\"elementor-widget-container\">\n\t\t\t\t\t\t\t\t\t<p>Carmelec owns the intellectual property rights or holds the rights of use for all elements accessible on the website, including but not limited to texts, images, graphics, logos, icons, sounds and software.<\/p><p>Any reproduction, representation, modification, publication or adaptation of all or part of the elements of the website, by any means or process whatsoever, is prohibited without the prior written authorization of Carmelec.<\/p><p>Any unauthorized use of the website or of any of the elements it contains shall be considered an act of infringement and shall be prosecuted in accordance with the provisions of Articles L.335-2 et seq. of the French Intellectual Property Code.<\/p>\t\t\t\t\t\t\t\t<\/div>\n\t\t\t\t<\/div>\n\t\t\t\t<div class=\"elementor-element elementor-element-a078ffe elementor-widget elementor-widget-heading\" data-id=\"a078ffe\" data-element_type=\"widget\" data-widget_type=\"heading.default\">\n\t\t\t\t<div class=\"elementor-widget-container\">\n\t\t\t\t\t<h2 class=\"elementor-heading-title elementor-size-default\">6. Limitations of liability<\/h2>\t\t\t\t<\/div>\n\t\t\t\t<\/div>\n\t\t\t\t<div class=\"elementor-element elementor-element-254bd23 elementor-widget elementor-widget-text-editor\" data-id=\"254bd23\" data-element_type=\"widget\" data-widget_type=\"text-editor.default\">\n\t\t\t\t<div class=\"elementor-widget-container\">\n\t\t\t\t\t\t\t\t\t<p>Carmelec shall not be held liable for any direct or indirect damage caused to the user\u2019s equipment when accessing the website www.carmelec.fr\n, resulting either from the use of equipment that does not meet the specifications indicated in section 4, or from the occurrence of a bug or incompatibility.<\/p><p>Carmelec shall also not be held liable for any indirect damage (such as, for example, loss of business or loss of opportunity) resulting from the use of the website\u00a0<a href=\"https:\/\/www.carmelec.fr\/en\/\">www.carmelec.fr<\/a>.<\/p><p>Interactive areas (such as the possibility to submit questions via the contact section) are available to users. Carmelec reserves the right to remove, without prior notice, any content posted in these areas that violates applicable French legislation, in particular provisions relating to data protection. Where applicable, Carmelec also reserves the right to hold the user civilly and\/or criminally liable, in particular in the event of messages of a racist, insulting, defamatory or pornographic nature, regardless of the medium used (text, photograph, etc.).<\/p>\t\t\t\t\t\t\t\t<\/div>\n\t\t\t\t<\/div>\n\t\t\t\t<div class=\"elementor-element elementor-element-21d5223 elementor-widget elementor-widget-heading\" data-id=\"21d5223\" data-element_type=\"widget\" data-widget_type=\"heading.default\">\n\t\t\t\t<div class=\"elementor-widget-container\">\n\t\t\t\t\t<h3 class=\"elementor-heading-title elementor-size-default\">7. Management of personal data<\/h3>\t\t\t\t<\/div>\n\t\t\t\t<\/div>\n\t\t\t\t<div class=\"elementor-element elementor-element-94860c3 elementor-widget elementor-widget-text-editor\" data-id=\"94860c3\" data-element_type=\"widget\" data-widget_type=\"text-editor.default\">\n\t\t\t\t<div class=\"elementor-widget-container\">\n\t\t\t\t\t\t\t\t\t<p>In France, personal data is protected in particular by Law No. 78-17 of 6 January 1978, Law No. 2004-801 of 6 August 2004, Article L.226-13 of the French Penal Code, and the European Directive of 24 October 1995.<\/p><p>When using the website\u00a0<a href=\"https:\/\/www.carmelec.fr\/en\/\">www.carmelec.fr<\/a>the following information may be collected: the URLs of the links through which the user accessed the website\u00a0<a href=\"https:\/\/www.carmelec.fr\/en\/\">www.carmelec.fr<\/a>, the user\u2019s internet service provider, and the user\u2019s Internet Protocol (IP) address.<\/p><p>In any event, Carmelec only collects personal information relating to the user for the purposes of certain services offered by the website\u00a0<a href=\"https:\/\/www.carmelec.fr\/en\/\">www.carmelec.fr<\/a>The user provides this information knowingly, in particular when entering it personally. Users of the website\u00a0<a href=\"https:\/\/www.carmelec.fr\/en\/\">www.carmelec.fr<\/a>\u00a0are then informed whether or not providing such information is mandatory.<\/p><p>In accordance with the provisions of Articles 38 et seq. of Law No. 78-17 of 6 January 1978 relating to data processing, files and freedoms, any user has the right to access, rectify and object to personal data concerning them, by submitting a written and signed request, accompanied by a copy of an identity document bearing the holder\u2019s signature, and specifying the address to which the response should be sent.<\/p><p>No personal information of users of the website\u00a0<a href=\"https:\/\/www.carmelec.fr\/en\/\">www.carmelec.fr<\/a>\u00a0is published without their knowledge, exchanged, transferred, assigned or sold to third parties in any form whatsoever. Only in the event of the acquisition of Carmelec and its rights may such information be transferred to the potential purchaser, who would then be bound by the same obligations regarding the preservation and modification of data with respect to users of the website\u00a0<a href=\"https:\/\/www.carmelec.fr\/en\/\">www.carmelec.fr<\/a>.<\/p><p>The website is not declared to the CNIL, as it does not collect personal data.<\/p><p>The databases are protected by the provisions of the French law of 1 July 1998 transposing Directive 96\/9 of 11 March 1996 on the legal protection of databases.<\/p>\t\t\t\t\t\t\t\t<\/div>\n\t\t\t\t<\/div>\n\t\t\t\t<div class=\"elementor-element elementor-element-43c7655 elementor-widget elementor-widget-heading\" data-id=\"43c7655\" data-element_type=\"widget\" data-widget_type=\"heading.default\">\n\t\t\t\t<div class=\"elementor-widget-container\">\n\t\t\t\t\t<h3 class=\"elementor-heading-title elementor-size-default\">8. Hyperlinks and cookies<\/h3>\t\t\t\t<\/div>\n\t\t\t\t<\/div>\n\t\t\t\t<div class=\"elementor-element elementor-element-11b50e5 elementor-widget elementor-widget-text-editor\" data-id=\"11b50e5\" data-element_type=\"widget\" data-widget_type=\"text-editor.default\">\n\t\t\t\t<div class=\"elementor-widget-container\">\n\t\t\t\t\t\t\t\t\t<p>The website\u00a0<a href=\"https:\/\/www.carmelec.fr\/en\/\">www.carmelec.fr<\/a>\u00a0contains a number of hyperlinks to other websites, set up with the authorization of Carmelec. However, Carmelec does not have the ability to verify the content of the websites thus visited and shall therefore assume no liability in this respect.<\/p><p>Browsing the website\u00a0<a href=\"https:\/\/www.carmelec.fr\/en\/\">www.carmelec.fr<\/a>\u00a0may result in the installation of cookie(s) on the user\u2019s computer. A cookie is a small file that does not allow the user to be identified, but records information relating to the navigation of a computer on a website. The data thus obtained is intended to facilitate subsequent navigation on the website and is also used to enable various traffic measurements.<\/p><p>Refusing the installation of cookies may result in the inability to access certain services. However, the user may configure their computer as follows to refuse the installation of cookies:<\/p><p>On Internet Explorer:\nClick on the Tools tab (gear icon in the top right corner) \/ Internet Options.\nClick on Privacy and select Block all cookies.\nConfirm by clicking OK.<\/p><p>On Firefox:\nAt the top of the browser window, click on the Firefox button, then go to Options.\nClick on the Privacy tab.<br \/>Set the History rules to \u201cUse custom settings for history\u201d, then uncheck the option to disable cookies.<\/p><p>On Safari:\nClick on the menu icon (gear symbol) at the top right of the browser.\nSelect Settings.\nClick on Show advanced settings.\nIn the \u201cPrivacy\u201d section, click on Content Settings.\nIn the \u201cCookies\u201d section, you can block cookies.<\/p><p>On Chrome:\nClick on the menu icon (three horizontal lines) at the top right of the browser.\nSelect Settings.\nClick on Show advanced settings.\nIn the \u201cPrivacy\u201d section, click on Preferences.\nIn the \u201cPrivacy\u201d tab, you can block cookies.<\/p>\t\t\t\t\t\t\t\t<\/div>\n\t\t\t\t<\/div>\n\t\t\t\t<div class=\"elementor-element elementor-element-f811973 elementor-widget elementor-widget-heading\" data-id=\"f811973\" data-element_type=\"widget\" data-widget_type=\"heading.default\">\n\t\t\t\t<div class=\"elementor-widget-container\">\n\t\t\t\t\t<h3 class=\"elementor-heading-title elementor-size-default\">9. Applicable law and jurisdiction<\/h3>\t\t\t\t<\/div>\n\t\t\t\t<\/div>\n\t\t\t\t<div class=\"elementor-element elementor-element-053e496 elementor-widget elementor-widget-text-editor\" data-id=\"053e496\" data-element_type=\"widget\" data-widget_type=\"text-editor.default\">\n\t\t\t\t<div class=\"elementor-widget-container\">\n\t\t\t\t\t\t\t\t\t<p>Any dispute relating to the use of the website\u00a0<a href=\"https:\/\/www.carmelec.fr\/en\/\">www.carmelec.fr<\/a>\u00a0is subject to French law. Exclusive jurisdiction is granted to the competent courts of Paris.<\/p>\t\t\t\t\t\t\t\t<\/div>\n\t\t\t\t<\/div>\n\t\t\t\t<div class=\"elementor-element elementor-element-63622eb elementor-widget elementor-widget-heading\" data-id=\"63622eb\" data-element_type=\"widget\" data-widget_type=\"heading.default\">\n\t\t\t\t<div class=\"elementor-widget-container\">\n\t\t\t\t\t<h3 class=\"elementor-heading-title elementor-size-default\">10. Main applicable laws<\/h3>\t\t\t\t<\/div>\n\t\t\t\t<\/div>\n\t\t\t\t<div class=\"elementor-element elementor-element-1d38ae9 elementor-widget elementor-widget-text-editor\" data-id=\"1d38ae9\" data-element_type=\"widget\" data-widget_type=\"text-editor.default\">\n\t\t\t\t<div class=\"elementor-widget-container\">\n\t\t\t\t\t\t\t\t\t<p>Law No. 78-17 of 6 January 1978, in particular as amended by Law No. 2004-801 of 6 August 2004 relating to data processing, files and individual freedoms.<\/p><p>Law No. 2004-575 of 21 June 2004 on confidence in the digital economy.<\/p>\t\t\t\t\t\t\t\t<\/div>\n\t\t\t\t<\/div>\n\t\t\t\t<div class=\"elementor-element elementor-element-6aa5c88 elementor-widget elementor-widget-heading\" data-id=\"6aa5c88\" data-element_type=\"widget\" data-widget_type=\"heading.default\">\n\t\t\t\t<div class=\"elementor-widget-container\">\n\t\t\t\t\t<h3 class=\"elementor-heading-title elementor-size-default\">11. Glossary<\/h3>\t\t\t\t<\/div>\n\t\t\t\t<\/div>\n\t\t\t\t<div class=\"elementor-element elementor-element-1e70613 elementor-widget elementor-widget-text-editor\" data-id=\"1e70613\" data-element_type=\"widget\" data-widget_type=\"text-editor.default\">\n\t\t\t\t<div class=\"elementor-widget-container\">\n\t\t\t\t\t\t\t\t\t<p>User:\nInternet user connecting to and using the aforementioned website.<\/p><p>Personal data:\n\u201cInformation which, in any form whatsoever, directly or indirectly, enables the identification of the natural persons to whom it applies\u201d (Article 4 of Law No. 78-17 of 6 January 1978).<\/p>\t\t\t\t\t\t\t\t<\/div>\n\t\t\t\t<\/div>\n\t\t\t\t<div class=\"elementor-element elementor-element-55f5009 elementor-widget elementor-widget-spacer\" data-id=\"55f5009\" data-element_type=\"widget\" data-widget_type=\"spacer.default\">\n\t\t\t\t<div class=\"elementor-widget-container\">\n\t\t\t\t\t\t\t<div class=\"elementor-spacer\">\n\t\t\t<div class=\"elementor-spacer-inner\"><\/div>\n\t\t<\/div>\n\t\t\t\t\t\t<\/div>\n\t\t\t\t<\/div>\n\t\t\t\t\t<\/div>\n\t\t\t\t<\/div>\n\t\t\t\t<\/div>","protected":false},"excerpt":{"rendered":"<p>Informations l\u00e9gales 1. Pr\u00e9sentation du site En vertu de l\u2019article 6 de la loi n\u00b0 2004-575 du 21 juin 2004 pour la confiance dans l\u2019\u00e9conomie num\u00e9rique, il est pr\u00e9cis\u00e9 aux utilisateurs du site\u00a0www.carmelec.fr\u00a0l\u2019identit\u00e9 des diff\u00e9rents intervenants dans le cadre de sa r\u00e9alisation et de son suivi : Propri\u00e9taire\u00a0: Carmelec \u2013 Scop ARL 438 352 965 [&hellip;]<\/p>","protected":false},"author":1,"featured_media":0,"parent":0,"menu_order":0,"comment_status":"closed","ping_status":"closed","template":"","meta":{"footnotes":""},"class_list":["post-983","page","type-page","status-publish","hentry"],"_links":{"self":[{"href":"https:\/\/www.carmelec.fr\/en\/wp-json\/wp\/v2\/pages\/983","targetHints":{"allow":["GET"]}}],"collection":[{"href":"https:\/\/www.carmelec.fr\/en\/wp-json\/wp\/v2\/pages"}],"about":[{"href":"https:\/\/www.carmelec.fr\/en\/wp-json\/wp\/v2\/types\/page"}],"author":[{"embeddable":true,"href":"https:\/\/www.carmelec.fr\/en\/wp-json\/wp\/v2\/users\/1"}],"replies":[{"embeddable":true,"href":"https:\/\/www.carmelec.fr\/en\/wp-json\/wp\/v2\/comments?post=983"}],"version-history":[{"count":7,"href":"https:\/\/www.carmelec.fr\/en\/wp-json\/wp\/v2\/pages\/983\/revisions"}],"predecessor-version":[{"id":991,"href":"https:\/\/www.carmelec.fr\/en\/wp-json\/wp\/v2\/pages\/983\/revisions\/991"}],"wp:attachment":[{"href":"https:\/\/www.carmelec.fr\/en\/wp-json\/wp\/v2\/media?parent=983"}],"curies":[{"name":"wp","href":"https:\/\/api.w.org\/{rel}","templated":true}]}}