{"id":247,"date":"2025-06-19T16:44:23","date_gmt":"2025-06-19T14:44:23","guid":{"rendered":"http:\/\/carmelec.local\/?page_id=247"},"modified":"2026-01-13T18:48:43","modified_gmt":"2026-01-13T17:48:43","slug":"nos-services","status":"publish","type":"page","link":"https:\/\/www.carmelec.fr\/fr\/nos-services\/","title":{"rendered":"Nos services"},"content":{"rendered":"\t\t<div data-elementor-type=\"wp-post\" data-elementor-id=\"247\" class=\"elementor elementor-247\" data-elementor-post-type=\"page\">\n\t\t\t\t<div class=\"elementor-element elementor-element-0bc45d3 e-con-full e-flex e-con e-parent\" data-id=\"0bc45d3\" data-element_type=\"container\" data-settings=\"{&quot;background_background&quot;:&quot;classic&quot;}\">\n\t\t<div class=\"elementor-element elementor-element-d280d47 e-grid e-con-boxed e-con e-child\" data-id=\"d280d47\" data-element_type=\"container\">\n\t\t\t\t\t<div class=\"e-con-inner\">\n\t\t<div class=\"elementor-element elementor-element-dbaaafd e-con-full e-flex e-con e-child\" data-id=\"dbaaafd\" data-element_type=\"container\">\n\t\t\t\t<div class=\"elementor-element elementor-element-ab5f18a elementor-headline--style-highlight elementor-widget elementor-widget-animated-headline\" data-id=\"ab5f18a\" data-element_type=\"widget\" data-settings=\"{&quot;marker&quot;:&quot;curly&quot;,&quot;highlighted_text&quot;:&quot;Sur-mesure&quot;,&quot;headline_style&quot;:&quot;highlight&quot;,&quot;loop&quot;:&quot;yes&quot;,&quot;highlight_animation_duration&quot;:1200,&quot;highlight_iteration_delay&quot;:8000}\" data-widget_type=\"animated-headline.default\">\n\t\t\t\t<div class=\"elementor-widget-container\">\n\t\t\t\t\t\t\t<h2 class=\"elementor-headline\">\n\t\t\t\t<span class=\"elementor-headline-dynamic-wrapper elementor-headline-text-wrapper\">\n\t\t\t\t\t<span class=\"elementor-headline-dynamic-text elementor-headline-text-active\">Sur-mesure<\/span>\n\t\t\t\t<\/span>\n\t\t\t\t<\/h2>\n\t\t\t\t\t\t<\/div>\n\t\t\t\t<\/div>\n\t\t\t\t<div class=\"elementor-element elementor-element-791d0df elementor-widget elementor-widget-text-editor\" data-id=\"791d0df\" data-element_type=\"widget\" data-widget_type=\"text-editor.default\">\n\t\t\t\t<div class=\"elementor-widget-container\">\n\t\t\t\t\t\t\t\t\t<p><strong>Carmelec propose des solutions sur-mesure cl\u00e9 en main.<\/strong><\/p>\t\t\t\t\t\t\t\t<\/div>\n\t\t\t\t<\/div>\n\t\t\t\t<div class=\"elementor-element elementor-element-f6b0676 elementor-widget elementor-widget-text-editor\" data-id=\"f6b0676\" data-element_type=\"widget\" data-widget_type=\"text-editor.default\">\n\t\t\t\t<div class=\"elementor-widget-container\">\n\t\t\t\t\t\t\t\t\t<p>Nous sommes impliqu\u00e9s depuis l\u2019analyse de votre besoin afin de faire \u00e9merger vos exigences jusqu\u2019\u00e0 l\u2019industrialisation et la production.<br \/>Notre bureau d\u2019\u00e9tudes compos\u00e9 de sept personnes issues de diff\u00e9rents horizons nous permet de couvrir les multiples \u00e9tapes des projets.<br \/>Que ce soit dans les domaines de l\u2019\u00e9lectronique, l\u2019informatique embarqu\u00e9e ou haut-niveau, de la m\u00e9canique ou de la mesure, notre \u00e9quipe saura r\u00e9pondre \u00e0 vos besoins.<\/p>\t\t\t\t\t\t\t\t<\/div>\n\t\t\t\t<\/div>\n\t\t\t\t<div class=\"elementor-element elementor-element-a73c9f2 elementor-align-center elementor-widget elementor-widget-button\" data-id=\"a73c9f2\" data-element_type=\"widget\" data-widget_type=\"button.default\">\n\t\t\t\t<div class=\"elementor-widget-container\">\n\t\t\t\t\t\t\t\t\t<div class=\"elementor-button-wrapper\">\n\t\t\t\t\t<a class=\"elementor-button elementor-button-link elementor-size-sm\" href=\"\/sur-mesure\/\">\n\t\t\t\t\t\t<span class=\"elementor-button-content-wrapper\">\n\t\t\t\t\t\t\t\t\t<span class=\"elementor-button-text\">En savoir +<\/span>\n\t\t\t\t\t<\/span>\n\t\t\t\t\t<\/a>\n\t\t\t\t<\/div>\n\t\t\t\t\t\t\t\t<\/div>\n\t\t\t\t<\/div>\n\t\t\t\t<\/div>\n\t\t\t\t<div class=\"elementor-element elementor-element-e789945 elementor-widget elementor-widget-html\" data-id=\"e789945\" data-element_type=\"widget\" data-widget_type=\"html.default\">\n\t\t\t\t<div class=\"elementor-widget-container\">\n\t\t\t\t\t<div class=\"polaroid-stack\">\r\n  <img decoding=\"async\" class=\"polaroid-img p1\"\r\n       src=\"\/wp-content\/uploads\/animated\/sur-mesure\/realisation.png\"\r\n       alt=\"R\u00e9alisation\">\r\n\r\n  <img decoding=\"async\" class=\"polaroid-img p2\"\r\n       src=\"\/wp-content\/uploads\/animated\/sur-mesure\/developpement.png\"\r\n       alt=\"D\u00e9veloppement\">\r\n\r\n  <img decoding=\"async\" class=\"polaroid-img p3\"\r\n       src=\"\/wp-content\/uploads\/animated\/sur-mesure\/conception.png\"\r\n       alt=\"Conception\">\r\n<\/div>\r\n\t\t\t\t<\/div>\n\t\t\t\t<\/div>\n\t\t\t\t\t<\/div>\n\t\t\t\t<\/div>\n\t\t\t\t<\/div>\n\t\t<div class=\"elementor-element elementor-element-085255b e-flex e-con-boxed e-con e-parent\" data-id=\"085255b\" data-element_type=\"container\" data-settings=\"{&quot;background_background&quot;:&quot;classic&quot;}\">\n\t\t\t\t\t<div class=\"e-con-inner\">\n\t\t\t\t<div class=\"elementor-element elementor-element-e989bbe elementor-headline--style-highlight elementor-widget elementor-widget-animated-headline\" data-id=\"e989bbe\" data-element_type=\"widget\" data-settings=\"{&quot;marker&quot;:&quot;double&quot;,&quot;highlighted_text&quot;:&quot;M\\u00e9trologie&quot;,&quot;headline_style&quot;:&quot;highlight&quot;,&quot;loop&quot;:&quot;yes&quot;,&quot;highlight_animation_duration&quot;:1200,&quot;highlight_iteration_delay&quot;:8000}\" data-widget_type=\"animated-headline.default\">\n\t\t\t\t<div class=\"elementor-widget-container\">\n\t\t\t\t\t\t\t<h3 class=\"elementor-headline\">\n\t\t\t\t<span class=\"elementor-headline-dynamic-wrapper elementor-headline-text-wrapper\">\n\t\t\t\t\t<span class=\"elementor-headline-dynamic-text elementor-headline-text-active\">M\u00e9trologie<\/span>\n\t\t\t\t<\/span>\n\t\t\t\t<\/h3>\n\t\t\t\t\t\t<\/div>\n\t\t\t\t<\/div>\n\t\t\t\t<div class=\"elementor-element elementor-element-e4c6791 elementor-widget elementor-widget-spacer\" data-id=\"e4c6791\" data-element_type=\"widget\" data-widget_type=\"spacer.default\">\n\t\t\t\t<div class=\"elementor-widget-container\">\n\t\t\t\t\t\t\t<div class=\"elementor-spacer\">\n\t\t\t<div class=\"elementor-spacer-inner\"><\/div>\n\t\t<\/div>\n\t\t\t\t\t\t<\/div>\n\t\t\t\t<\/div>\n\t\t\t\t<div class=\"elementor-element elementor-element-664c5d9 elementor-widget elementor-widget-text-editor\" data-id=\"664c5d9\" data-element_type=\"widget\" data-widget_type=\"text-editor.default\">\n\t\t\t\t<div class=\"elementor-widget-container\">\n\t\t\t\t\t\t\t\t\t<p><span style=\"white-space-collapse: preserve;\">Nous assurons l\u2019\u00e9talonnage et la v\u00e9rification de nos appareils en radioprotection et en contr\u00f4le non destructif. Nous proposons \u00e9galement notre savoir-faire pour le contr\u00f4le de nombreux appareils de nos confr\u00e8res. Nos prestations sont raccord\u00e9es \u00e0 des \u00e9talons nationaux. Notre \u00e9quipe et nos \u00e9quipements sont \u00e0 votre disposition pour vous proposer un service de qualit\u00e9.<\/span><\/p>\t\t\t\t\t\t\t\t<\/div>\n\t\t\t\t<\/div>\n\t\t<div class=\"elementor-element elementor-element-3671bcf e-grid e-con-full e-con e-child\" data-id=\"3671bcf\" data-element_type=\"container\">\n\t\t<div class=\"elementor-element elementor-element-33e64d3 e-con-full e-flex e-con e-child\" data-id=\"33e64d3\" data-element_type=\"container\">\n\t\t\t\t<div class=\"elementor-element elementor-element-1ba0efd elementor-widget elementor-widget-html\" data-id=\"1ba0efd\" data-element_type=\"widget\" data-widget_type=\"html.default\">\n\t\t\t\t<div class=\"elementor-widget-container\">\n\t\t\t\t\t<style>\r\n.image-wrapper {\r\n  display: flex;\r\n  justify-content: center;\r\n  align-items: center;\r\n  height: 300px; \/* hauteur fixe plus raisonnable *\/\r\n}\r\n\r\n.img-hover-container {\r\n  position: relative;\r\n  display: inline-block;\r\n}\r\n\r\n.img-hover-container img {\r\n  width: 150px;\r\n  height: 150px;\r\n  object-fit: cover;\r\n  display: block;\r\n}\r\n\r\n.img-hover-container img.top {\r\n  position: absolute;\r\n  top: 0;\r\n  left: 0;\r\n  opacity: 0;\r\n  transition: opacity 0.3s ease;\r\n}\r\n\r\n.img-hover-container:hover img.top {\r\n  opacity: 1;\r\n}\r\n<\/style>\r\n\r\n<div class=\"image-wrapper\">\r\n  <div class=\"img-hover-container\">\r\n    <img decoding=\"async\" src=\"\/wp-content\/uploads\/animated\/Accueil\/radioactive_hover.png\" class=\"top\" \/>\r\n    <img decoding=\"async\" src=\"\/wp-content\/uploads\/animated\/Accueil\/radioactive.png\" \/>\r\n  <\/div>\r\n<\/div>\r\n\t\t\t\t<\/div>\n\t\t\t\t<\/div>\n\t\t\t\t<div class=\"elementor-element elementor-element-35e14d5 elementor-widget elementor-widget-text-editor\" data-id=\"35e14d5\" data-element_type=\"widget\" data-widget_type=\"text-editor.default\">\n\t\t\t\t<div class=\"elementor-widget-container\">\n\t\t\t\t\t\t\t\t\t<p>Irradiateur \u00e9quip\u00e9 d\u2019une source de 137Cs de forte activit\u00e9 ainsi que plusieurs autres sources \u00e9talons de plus petite activit\u00e9 en alpha, b\u00eata, gamma et X<\/p>\t\t\t\t\t\t\t\t<\/div>\n\t\t\t\t<\/div>\n\t\t\t\t<\/div>\n\t\t<div class=\"elementor-element elementor-element-dbae3c1 e-con-full e-flex e-con e-child\" data-id=\"dbae3c1\" data-element_type=\"container\">\n\t\t\t\t<div class=\"elementor-element elementor-element-d91b8ac elementor-widget elementor-widget-html\" data-id=\"d91b8ac\" data-element_type=\"widget\" data-widget_type=\"html.default\">\n\t\t\t\t<div class=\"elementor-widget-container\">\n\t\t\t\t\t<style>\r\n.image-wrapper {\r\n  display: flex;\r\n  justify-content: center;\r\n  align-items: center;\r\n  height: 300px; \/* hauteur fixe plus raisonnable *\/\r\n}\r\n\r\n.img-hover-container {\r\n  position: relative;\r\n  display: inline-block;\r\n}\r\n\r\n.img-hover-container img {\r\n  width: 150px;\r\n  height: 150px;\r\n  object-fit: cover;\r\n  display: block;\r\n}\r\n\r\n.img-hover-container img.top {\r\n  position: absolute;\r\n  top: 0;\r\n  left: 0;\r\n  opacity: 0;\r\n  transition: opacity 0.3s ease;\r\n}\r\n\r\n.img-hover-container:hover img.top {\r\n  opacity: 1;\r\n}\r\n<\/style>\r\n\r\n<div class=\"image-wrapper\">\r\n  <div class=\"img-hover-container\">\r\n    <img decoding=\"async\" src=\"\/wp-content\/uploads\/animated\/Accueil\/light_hover.png\" class=\"top\" \/>\r\n    <img decoding=\"async\" src=\"\/wp-content\/uploads\/animated\/Accueil\/light.png\" \/>\r\n  <\/div>\r\n<\/div>\r\n\t\t\t\t<\/div>\n\t\t\t\t<\/div>\n\t\t\t\t<div class=\"elementor-element elementor-element-f7ba53c elementor-widget elementor-widget-text-editor\" data-id=\"f7ba53c\" data-element_type=\"widget\" data-widget_type=\"text-editor.default\">\n\t\t\t\t<div class=\"elementor-widget-container\">\n\t\t\t\t\t\t\t\t\t<p>Bancs de mesure en lumi\u00e8re visible, UV-A (365 nm) et temp\u00e9rature de couleur.Bancs de mesure en lumi\u00e8re visible, UV-A (365 nm) et temp\u00e9rature de couleur.<\/p>\t\t\t\t\t\t\t\t<\/div>\n\t\t\t\t<\/div>\n\t\t\t\t<\/div>\n\t\t<div class=\"elementor-element elementor-element-b5dbc9d e-con-full e-flex e-con e-child\" data-id=\"b5dbc9d\" data-element_type=\"container\">\n\t\t\t\t<div class=\"elementor-element elementor-element-75d6756 elementor-widget elementor-widget-html\" data-id=\"75d6756\" data-element_type=\"widget\" data-widget_type=\"html.default\">\n\t\t\t\t<div class=\"elementor-widget-container\">\n\t\t\t\t\t<style>\r\n.image-wrapper {\r\n  display: flex;\r\n  justify-content: center;\r\n  align-items: center;\r\n  height: 300px; \/* hauteur fixe plus raisonnable *\/\r\n}\r\n\r\n.img-hover-container {\r\n  position: relative;\r\n  display: inline-block;\r\n}\r\n\r\n.img-hover-container img {\r\n  width: 150px;\r\n  height: 150px;\r\n  object-fit: cover;\r\n  display: block;\r\n}\r\n\r\n.img-hover-container img.top {\r\n  position: absolute;\r\n  top: 0;\r\n  left: 0;\r\n  opacity: 0;\r\n  transition: opacity 0.3s ease;\r\n}\r\n\r\n.img-hover-container:hover img.top {\r\n  opacity: 1;\r\n}\r\n<\/style>\r\n\r\n<div class=\"image-wrapper\">\r\n  <div class=\"img-hover-container\">\r\n    <img decoding=\"async\" src=\"\/wp-content\/uploads\/animated\/Accueil\/magnet_hover.png\" class=\"top\" \/>\r\n    <img decoding=\"async\" src=\"\/wp-content\/uploads\/animated\/Accueil\/magnet.png\" \/>\r\n  <\/div>\r\n<\/div>\r\n\t\t\t\t<\/div>\n\t\t\t\t<\/div>\n\t\t\t\t<div class=\"elementor-element elementor-element-e24454a elementor-widget elementor-widget-text-editor\" data-id=\"e24454a\" data-element_type=\"widget\" data-widget_type=\"text-editor.default\">\n\t\t\t\t<div class=\"elementor-widget-container\">\n\t\t\t\t\t\t\t\t\t<p>G\u00e9n\u00e9rateur de champ magn\u00e9tique pour r\u00e9pondre \u00e0 toute type de besoins du contr\u00f4le en magn\u00e9toscopie<\/p>\t\t\t\t\t\t\t\t<\/div>\n\t\t\t\t<\/div>\n\t\t\t\t<\/div>\n\t\t<div class=\"elementor-element elementor-element-8b0e7d4 e-con-full e-flex e-con e-child\" data-id=\"8b0e7d4\" data-element_type=\"container\">\n\t\t\t\t<div class=\"elementor-element elementor-element-28cfbd6 elementor-widget elementor-widget-html\" data-id=\"28cfbd6\" data-element_type=\"widget\" data-widget_type=\"html.default\">\n\t\t\t\t<div class=\"elementor-widget-container\">\n\t\t\t\t\t<style>\r\n.image-wrapper {\r\n  display: flex;\r\n  justify-content: center;\r\n  align-items: center;\r\n  height: 300px; \/* hauteur fixe plus raisonnable *\/\r\n}\r\n\r\n.img-hover-container {\r\n  position: relative;\r\n  display: inline-block;\r\n}\r\n\r\n.img-hover-container img {\r\n  width: 150px;\r\n  height: 150px;\r\n  object-fit: cover;\r\n  display: block;\r\n}\r\n\r\n.img-hover-container img.top {\r\n  position: absolute;\r\n  top: 0;\r\n  left: 0;\r\n  opacity: 0;\r\n  transition: opacity 0.3s ease;\r\n}\r\n\r\n.img-hover-container:hover img.top {\r\n  opacity: 1;\r\n}\r\n<\/style>\r\n\r\n<div class=\"image-wrapper\">\r\n  <div class=\"img-hover-container\">\r\n    <img decoding=\"async\" src=\"\/wp-content\/uploads\/animated\/Accueil\/temperature_hover.png\" class=\"top\" \/>\r\n    <img decoding=\"async\" src=\"\/wp-content\/uploads\/animated\/Accueil\/temperature.png\" \/>\r\n  <\/div>\r\n<\/div>\r\n\t\t\t\t<\/div>\n\t\t\t\t<\/div>\n\t\t\t\t<div class=\"elementor-element elementor-element-1df7562 elementor-widget elementor-widget-text-editor\" data-id=\"1df7562\" data-element_type=\"widget\" data-widget_type=\"text-editor.default\">\n\t\t\t\t<div class=\"elementor-widget-container\">\n\t\t\t\t\t\t\t\t\t<p>Enceinte climatique pour mesure de la temp\u00e9rature ambiante et rayonn\u00e9e ainsi que l\u2019humidit\u00e9 relative<\/p>\t\t\t\t\t\t\t\t<\/div>\n\t\t\t\t<\/div>\n\t\t\t\t<\/div>\n\t\t\t\t<\/div>\n\t\t\t\t\t<\/div>\n\t\t\t\t<\/div>\n\t\t<div class=\"elementor-element elementor-element-5351406 e-con-full e-flex e-con e-parent\" data-id=\"5351406\" data-element_type=\"container\" data-settings=\"{&quot;background_background&quot;:&quot;classic&quot;}\">\n\t\t<div class=\"elementor-element elementor-element-1ae5ac2 e-grid e-con-boxed e-con e-child\" data-id=\"1ae5ac2\" data-element_type=\"container\">\n\t\t\t\t\t<div class=\"e-con-inner\">\n\t\t<div class=\"elementor-element elementor-element-bb0393b e-con-full e-flex e-con e-child\" data-id=\"bb0393b\" data-element_type=\"container\">\n\t\t\t\t<div class=\"elementor-element elementor-element-7e741d5 elementor-headline--style-highlight elementor-widget elementor-widget-animated-headline\" data-id=\"7e741d5\" data-element_type=\"widget\" data-settings=\"{&quot;marker&quot;:&quot;underline_zigzag&quot;,&quot;highlighted_text&quot;:&quot;SAV&quot;,&quot;headline_style&quot;:&quot;highlight&quot;,&quot;loop&quot;:&quot;yes&quot;,&quot;highlight_animation_duration&quot;:1200,&quot;highlight_iteration_delay&quot;:8000}\" data-widget_type=\"animated-headline.default\">\n\t\t\t\t<div class=\"elementor-widget-container\">\n\t\t\t\t\t\t\t<h3 class=\"elementor-headline\">\n\t\t\t\t<span class=\"elementor-headline-dynamic-wrapper elementor-headline-text-wrapper\">\n\t\t\t\t\t<span class=\"elementor-headline-dynamic-text elementor-headline-text-active\">SAV<\/span>\n\t\t\t\t<\/span>\n\t\t\t\t<\/h3>\n\t\t\t\t\t\t<\/div>\n\t\t\t\t<\/div>\n\t\t\t\t<div class=\"elementor-element elementor-element-3422445 elementor-widget elementor-widget-text-editor\" data-id=\"3422445\" data-element_type=\"widget\" data-widget_type=\"text-editor.default\">\n\t\t\t\t<div class=\"elementor-widget-container\">\n\t\t\t\t\t\t\t\t\t<p><strong><span style=\"white-space-collapse: preserve;\">Carmelec s\u2019engage tout au long de la vie de ses produits.<\/span><\/strong><\/p>\t\t\t\t\t\t\t\t<\/div>\n\t\t\t\t<\/div>\n\t\t\t\t<div class=\"elementor-element elementor-element-07826a7 elementor-widget elementor-widget-text-editor\" data-id=\"07826a7\" data-element_type=\"widget\" data-widget_type=\"text-editor.default\">\n\t\t\t\t<div class=\"elementor-widget-container\">\n\t\t\t\t\t\t\t\t\t<p><span style=\"white-space-collapse: preserve;\">En plus des prestations de m\u00e9trologie, nous proposons \u00e9galement un support apr\u00e8s-vente complet : Conseil, assistance, r\u00e9paration et maintenance. Notre \u00e9quipe de sp\u00e9cialistes est \u00e0 votre disposition pour prolonger la dur\u00e9e de vie des appareils.<\/span><\/p>\t\t\t\t\t\t\t\t<\/div>\n\t\t\t\t<\/div>\n\t\t\t\t<\/div>\n\t\t<div class=\"elementor-element elementor-element-9f6e12e e-con-full e-flex e-con e-child\" data-id=\"9f6e12e\" data-element_type=\"container\">\n\t\t\t\t<div class=\"elementor-element elementor-element-19db91c elementor-widget elementor-widget-html\" data-id=\"19db91c\" data-element_type=\"widget\" data-widget_type=\"html.default\">\n\t\t\t\t<div class=\"elementor-widget-container\">\n\t\t\t\t\t<div class=\"polaroid-stack\">\r\n  <img decoding=\"async\" class=\"polaroid-img p1\"\r\n       src=\"\/wp-content\/uploads\/animated\/sur-mesure\/support_apres_vente.png\"\r\n       alt=\"R\u00e9alisation\">\r\n\r\n  <img decoding=\"async\" class=\"polaroid-img p2\"\r\n       src=\"\/wp-content\/uploads\/animated\/sur-mesure\/piece_de_rechange.png\"\r\n       alt=\"D\u00e9veloppement\">\r\n\r\n  <img decoding=\"async\" class=\"polaroid-img p3\"\r\n       src=\"\/wp-content\/uploads\/animated\/sur-mesure\/intervention.png\"\r\n       alt=\"Conception\">\r\n<\/div>\r\n\t\t\t\t<\/div>\n\t\t\t\t<\/div>\n\t\t\t\t<\/div>\n\t\t\t\t\t<\/div>\n\t\t\t\t<\/div>\n\t\t\t\t<\/div>\n\t\t\t\t<\/div>\n\t\t","protected":false},"excerpt":{"rendered":"<p>Sur-mesure Carmelec propose des solutions sur-mesure cl\u00e9 en main. Nous sommes impliqu\u00e9s depuis l\u2019analyse de votre besoin afin de faire \u00e9merger vos exigences jusqu\u2019\u00e0 l\u2019industrialisation et la production.Notre bureau d\u2019\u00e9tudes compos\u00e9 de sept personnes issues de diff\u00e9rents horizons nous permet de couvrir les multiples \u00e9tapes des projets.Que ce soit dans les domaines de l\u2019\u00e9lectronique, l\u2019informatique [&hellip;]<\/p>\n","protected":false},"author":1,"featured_media":0,"parent":0,"menu_order":0,"comment_status":"closed","ping_status":"closed","template":"","meta":{"footnotes":""},"class_list":["post-247","page","type-page","status-publish","hentry"],"_links":{"self":[{"href":"https:\/\/www.carmelec.fr\/fr\/wp-json\/wp\/v2\/pages\/247","targetHints":{"allow":["GET"]}}],"collection":[{"href":"https:\/\/www.carmelec.fr\/fr\/wp-json\/wp\/v2\/pages"}],"about":[{"href":"https:\/\/www.carmelec.fr\/fr\/wp-json\/wp\/v2\/types\/page"}],"author":[{"embeddable":true,"href":"https:\/\/www.carmelec.fr\/fr\/wp-json\/wp\/v2\/users\/1"}],"replies":[{"embeddable":true,"href":"https:\/\/www.carmelec.fr\/fr\/wp-json\/wp\/v2\/comments?post=247"}],"version-history":[{"count":43,"href":"https:\/\/www.carmelec.fr\/fr\/wp-json\/wp\/v2\/pages\/247\/revisions"}],"predecessor-version":[{"id":1494,"href":"https:\/\/www.carmelec.fr\/fr\/wp-json\/wp\/v2\/pages\/247\/revisions\/1494"}],"wp:attachment":[{"href":"https:\/\/www.carmelec.fr\/fr\/wp-json\/wp\/v2\/media?parent=247"}],"curies":[{"name":"wp","href":"https:\/\/api.w.org\/{rel}","templated":true}]}}