{"id":331,"date":"2025-09-15T15:05:24","date_gmt":"2025-09-15T13:05:24","guid":{"rendered":"http:\/\/carmelec.local\/?page_id=331"},"modified":"2026-01-19T16:03:19","modified_gmt":"2026-01-19T15:03:19","slug":"dolphy-nano","status":"publish","type":"page","link":"https:\/\/www.carmelec.fr\/fr\/dolphy-nano\/","title":{"rendered":"Dolphy Nano"},"content":{"rendered":"\t\t<div data-elementor-type=\"wp-page\" data-elementor-id=\"331\" class=\"elementor elementor-331\" data-elementor-post-type=\"page\">\n\t\t\t\t<div class=\"elementor-element elementor-element-5d910bfa e-flex e-con-boxed e-con e-parent\" data-id=\"5d910bfa\" data-element_type=\"container\" data-settings=\"{&quot;background_background&quot;:&quot;classic&quot;}\">\n\t\t\t\t\t<div class=\"e-con-inner\">\n\t\t<div class=\"elementor-element elementor-element-3733a11b e-grid e-con-full e-con e-child\" data-id=\"3733a11b\" data-element_type=\"container\">\n\t\t<div class=\"elementor-element elementor-element-1172eba7 e-con-full e-flex e-con e-child\" data-id=\"1172eba7\" data-element_type=\"container\">\n\t\t\t\t<div class=\"elementor-element elementor-element-94b27c4 elementor-headline--style-highlight elementor-widget elementor-widget-animated-headline\" data-id=\"94b27c4\" data-element_type=\"widget\" data-settings=\"{&quot;marker&quot;:&quot;underline&quot;,&quot;highlighted_text&quot;:&quot;Dolphy Nano&quot;,&quot;headline_style&quot;:&quot;highlight&quot;,&quot;highlight_animation_duration&quot;:1200}\" data-widget_type=\"animated-headline.default\">\n\t\t\t\t<div class=\"elementor-widget-container\">\n\t\t\t\t\t\t\t<h2 class=\"elementor-headline\">\n\t\t\t\t<span class=\"elementor-headline-dynamic-wrapper elementor-headline-text-wrapper\">\n\t\t\t\t\t<span class=\"elementor-headline-dynamic-text elementor-headline-text-active\">Dolphy Nano<\/span>\n\t\t\t\t<\/span>\n\t\t\t\t<\/h2>\n\t\t\t\t\t\t<\/div>\n\t\t\t\t<\/div>\n\t\t\t\t<div class=\"elementor-element elementor-element-642faf02 elementor-widget elementor-widget-heading\" data-id=\"642faf02\" data-element_type=\"widget\" data-widget_type=\"heading.default\">\n\t\t\t\t<div class=\"elementor-widget-container\">\n\t\t\t\t\t<h3 class=\"elementor-heading-title elementor-size-default\">Radiam\u00e8tre compact destin\u00e9 aux PCR<\/h3>\t\t\t\t<\/div>\n\t\t\t\t<\/div>\n\t\t\t\t<div class=\"elementor-element elementor-element-4ef8fa91 elementor-widget elementor-widget-text-editor\" data-id=\"4ef8fa91\" data-element_type=\"widget\" data-widget_type=\"text-editor.default\">\n\t\t\t\t<div class=\"elementor-widget-container\">\n\t\t\t\t\t\t\t\t\t<p>Cet appareil est destin\u00e9 \u00e0 la mesure de d\u00e9bit d\u2019\u00e9quivalent de dose gamma. Adapt\u00e9 \u00e0 la mesure de faible d\u00e9bit d\u2019\u00e9quivalent de dose, il est id\u00e9al pour la recherche de points chauds et la r\u00e9alisation de contr\u00f4les de zonage. Sa simplicit\u00e9 le rend utilisable par un large public.<\/p>\t\t\t\t\t\t\t\t<\/div>\n\t\t\t\t<\/div>\n\t\t\t\t<\/div>\n\t\t\t\t<div class=\"elementor-element elementor-element-107a8953 elementor-widget elementor-widget-image\" data-id=\"107a8953\" data-element_type=\"widget\" data-widget_type=\"image.default\">\n\t\t\t\t<div class=\"elementor-widget-container\">\n\t\t\t\t\t\t\t\t\t\t\t\t\t\t\t<img fetchpriority=\"high\" decoding=\"async\" width=\"273\" height=\"300\" src=\"https:\/\/www.carmelec.fr\/wp-content\/uploads\/2025\/09\/06-DolphyNano-Face-IMG_6162-Def-Ombre-273x300.png\" class=\"attachment-medium size-medium wp-image-333\" alt=\"\" srcset=\"https:\/\/www.carmelec.fr\/wp-content\/uploads\/2025\/09\/06-DolphyNano-Face-IMG_6162-Def-Ombre-273x300.png 273w, https:\/\/www.carmelec.fr\/wp-content\/uploads\/2025\/09\/06-DolphyNano-Face-IMG_6162-Def-Ombre.png 500w\" sizes=\"(max-width: 273px) 100vw, 273px\" \/>\t\t\t\t\t\t\t\t\t\t\t\t\t\t\t<\/div>\n\t\t\t\t<\/div>\n\t\t\t\t<\/div>\n\t\t<div class=\"elementor-element elementor-element-58c1439 e-con-full e-flex e-con e-child\" data-id=\"58c1439\" data-element_type=\"container\">\n\t\t\t\t<div class=\"elementor-element elementor-element-12cdd89 elementor-headline--style-highlight elementor-widget elementor-widget-animated-headline\" data-id=\"12cdd89\" data-element_type=\"widget\" data-settings=\"{&quot;marker&quot;:&quot;curly&quot;,&quot;highlighted_text&quot;:&quot;Documentations&quot;,&quot;headline_style&quot;:&quot;highlight&quot;,&quot;loop&quot;:&quot;yes&quot;,&quot;highlight_animation_duration&quot;:1200,&quot;highlight_iteration_delay&quot;:8000}\" data-widget_type=\"animated-headline.default\">\n\t\t\t\t<div class=\"elementor-widget-container\">\n\t\t\t\t\t\t\t<h3 class=\"elementor-headline\">\n\t\t\t\t<span class=\"elementor-headline-dynamic-wrapper elementor-headline-text-wrapper\">\n\t\t\t\t\t<span class=\"elementor-headline-dynamic-text elementor-headline-text-active\">Documentations<\/span>\n\t\t\t\t<\/span>\n\t\t\t\t<\/h3>\n\t\t\t\t\t\t<\/div>\n\t\t\t\t<\/div>\n\t\t<div class=\"elementor-element elementor-element-41352c1 e-grid e-con-full e-con e-child\" data-id=\"41352c1\" data-element_type=\"container\">\n\t\t<div class=\"elementor-element elementor-element-71f4304 e-con-full e-flex e-con e-child\" data-id=\"71f4304\" data-element_type=\"container\">\n\t\t\t\t<div class=\"elementor-element elementor-element-68c876b e-transform elementor-widget elementor-widget-html\" data-id=\"68c876b\" data-element_type=\"widget\" data-settings=\"{&quot;_transform_scale_effect_hover&quot;:{&quot;unit&quot;:&quot;px&quot;,&quot;size&quot;:1.1,&quot;sizes&quot;:[]},&quot;_transform_scale_effect_hover_tablet&quot;:{&quot;unit&quot;:&quot;px&quot;,&quot;size&quot;:&quot;&quot;,&quot;sizes&quot;:[]},&quot;_transform_scale_effect_hover_mobile&quot;:{&quot;unit&quot;:&quot;px&quot;,&quot;size&quot;:&quot;&quot;,&quot;sizes&quot;:[]}}\" data-link=\"\/wp-content\/uploads\/carmelec\/documentations\/DC-Fiche_Dolphy_Nano.pdf\" data-target=\"_blank\" data-widget_type=\"html.default\">\n\t\t\t\t<div class=\"elementor-widget-container\">\n\t\t\t\t\t<div class=\"image-wrapper\">\r\n  <div\r\n    class=\"img-hover-container\"\r\n    role=\"link\"\r\n    tabindex=\"0\"\r\n    aria-label=\"Ouvrir la notice\"\r\n  >\r\n    <img decoding=\"async\"\r\n      src=\"\/wp-content\/uploads\/animated\/notice\/fr_colored.png\"\r\n      class=\"top img-scale\"\r\n      alt=\"\"\r\n    \/>\r\n    <img decoding=\"async\"\r\n      src=\"\/wp-content\/uploads\/animated\/notice\/fr_empty.png\"\r\n      class=\"img-scale\"\r\n      alt=\"\"\r\n    \/>\r\n  <\/div>\r\n<\/div>\r\n\r\n<script>\r\n(function () {\r\n  function getLinkEl(target) {\r\n    return target.closest('[data-link]')\r\n  }\r\n\r\n  function openFrom(el) {\r\n    const raw = (el.getAttribute('data-link') || '').trim();\r\n    if (!raw) return;\r\n\r\n    const url = raw.startsWith('http') ? raw : (location.origin + raw);\r\n    const target = el.getAttribute('data-target') || '_self';\r\n\r\n    window.open(url, target);\r\n  }\r\n\r\n  \/\/ Clic souris \/ tactile (capture = vrai pour \u00eatre prioritaire)\r\n  document.addEventListener('click', function (e) {\r\n    const el = getLinkEl(e.target);\r\n    if (!el) return;\r\n    e.preventDefault();\r\n    openFrom(el);\r\n  }, true);\r\n\r\n  \/\/ Clavier (Entr\u00e9e \/ Espace)\r\n  document.addEventListener('keydown', function (e) {\r\n    if (e.key !== 'Enter' && e.key !== ' ') return;\r\n    const el = getLinkEl(document.activeElement);\r\n    if (!el) return;\r\n    e.preventDefault();\r\n    openFrom(el);\r\n  }, true);\r\n})();\r\n<\/script>\r\n\r\n\r\n\t\t\t\t<\/div>\n\t\t\t\t<\/div>\n\t\t\t\t<\/div>\n\t\t<div class=\"elementor-element elementor-element-96cd071 e-con-full e-flex e-con e-child\" data-id=\"96cd071\" data-element_type=\"container\">\n\t\t\t\t<div class=\"elementor-element elementor-element-2baab3a e-transform elementor-widget elementor-widget-html\" data-id=\"2baab3a\" data-element_type=\"widget\" data-settings=\"{&quot;_transform_scale_effect_hover&quot;:{&quot;unit&quot;:&quot;px&quot;,&quot;size&quot;:1.1,&quot;sizes&quot;:[]},&quot;_transform_scale_effect_hover_tablet&quot;:{&quot;unit&quot;:&quot;px&quot;,&quot;size&quot;:&quot;&quot;,&quot;sizes&quot;:[]},&quot;_transform_scale_effect_hover_mobile&quot;:{&quot;unit&quot;:&quot;px&quot;,&quot;size&quot;:&quot;&quot;,&quot;sizes&quot;:[]}}\" data-link=\"\/wp-content\/uploads\/carmelec\/documentations\/Datasheet-Dolphy_Nano.pdf\" data-target=\"_blank\" data-widget_type=\"html.default\">\n\t\t\t\t<div class=\"elementor-widget-container\">\n\t\t\t\t\t<div class=\"image-wrapper\">\r\n  <div\r\n    class=\"img-hover-container\"\r\n    role=\"link\"\r\n    tabindex=\"0\"\r\n    aria-label=\"Ouvrir la notice\"\r\n  >\r\n    <img decoding=\"async\"\r\n      src=\"\/wp-content\/uploads\/animated\/notice\/en_colored.png\"\r\n      class=\"top img-scale\"\r\n      alt=\"\"\r\n    \/>\r\n    <img decoding=\"async\"\r\n      src=\"\/wp-content\/uploads\/animated\/notice\/en_empty.png\"\r\n      class=\"img-scale\"\r\n      alt=\"\"\r\n    \/>\r\n  <\/div>\r\n<\/div>\r\n\r\n<script>\r\n(function () {\r\n  function getLinkEl(target) {\r\n    return target.closest('[data-link]')\r\n  }\r\n\r\n  function openFrom(el) {\r\n    const raw = (el.getAttribute('data-link') || '').trim();\r\n    if (!raw) return;\r\n\r\n    const url = raw.startsWith('http') ? raw : (location.origin + raw);\r\n    const target = el.getAttribute('data-target') || '_self';\r\n\r\n    window.open(url, target);\r\n  }\r\n\r\n  \/\/ Clic souris \/ tactile (capture = vrai pour \u00eatre prioritaire)\r\n  document.addEventListener('click', function (e) {\r\n    const el = getLinkEl(e.target);\r\n    if (!el) return;\r\n    e.preventDefault();\r\n    openFrom(el);\r\n  }, true);\r\n\r\n  \/\/ Clavier (Entr\u00e9e \/ Espace)\r\n  document.addEventListener('keydown', function (e) {\r\n    if (e.key !== 'Enter' && e.key !== ' ') return;\r\n    const el = getLinkEl(document.activeElement);\r\n    if (!el) return;\r\n    e.preventDefault();\r\n    openFrom(el);\r\n  }, true);\r\n})();\r\n<\/script>\r\n\r\n\r\n\t\t\t\t<\/div>\n\t\t\t\t<\/div>\n\t\t\t\t<\/div>\n\t\t\t\t<\/div>\n\t\t\t\t<\/div>\n\t\t\t\t\t<\/div>\n\t\t\t\t<\/div>\n\t\t<div class=\"elementor-element elementor-element-3c62cf47 e-flex e-con-boxed e-con e-parent\" data-id=\"3c62cf47\" data-element_type=\"container\">\n\t\t\t\t\t<div class=\"e-con-inner\">\n\t\t\t\t<div class=\"elementor-element elementor-element-75585334 elementor-widget elementor-widget-spacer\" data-id=\"75585334\" data-element_type=\"widget\" data-widget_type=\"spacer.default\">\n\t\t\t\t<div class=\"elementor-widget-container\">\n\t\t\t\t\t\t\t<div class=\"elementor-spacer\">\n\t\t\t<div class=\"elementor-spacer-inner\"><\/div>\n\t\t<\/div>\n\t\t\t\t\t\t<\/div>\n\t\t\t\t<\/div>\n\t\t\t\t<div class=\"elementor-element elementor-element-405f0c5 elementor-headline--style-highlight elementor-widget elementor-widget-animated-headline\" data-id=\"405f0c5\" data-element_type=\"widget\" data-settings=\"{&quot;marker&quot;:&quot;double&quot;,&quot;highlighted_text&quot;:&quot;Caract\\u00e9ristique  techniques&quot;,&quot;headline_style&quot;:&quot;highlight&quot;,&quot;highlight_animation_duration&quot;:1200}\" data-widget_type=\"animated-headline.default\">\n\t\t\t\t<div class=\"elementor-widget-container\">\n\t\t\t\t\t\t\t<h2 class=\"elementor-headline\">\n\t\t\t\t<span class=\"elementor-headline-dynamic-wrapper elementor-headline-text-wrapper\">\n\t\t\t\t\t<span class=\"elementor-headline-dynamic-text elementor-headline-text-active\">Caract\u00e9ristique  techniques<\/span>\n\t\t\t\t<\/span>\n\t\t\t\t<\/h2>\n\t\t\t\t\t\t<\/div>\n\t\t\t\t<\/div>\n\t\t<div class=\"elementor-element elementor-element-71cf3a37 e-con-full e-flex e-con e-child\" data-id=\"71cf3a37\" data-element_type=\"container\">\n\t\t<div class=\"elementor-element elementor-element-71107b00 e-con-full e-flex e-con e-child\" data-id=\"71107b00\" data-element_type=\"container\">\n\t\t<div class=\"elementor-element elementor-element-4b867fc e-grid e-con-full e-con e-child\" data-id=\"4b867fc\" data-element_type=\"container\">\n\t\t<div class=\"elementor-element elementor-element-2b4ff7bc e-con-full e-flex e-con e-child\" data-id=\"2b4ff7bc\" data-element_type=\"container\">\n\t\t<div class=\"elementor-element elementor-element-2319d90d e-con-full e-flex e-con e-child\" data-id=\"2319d90d\" data-element_type=\"container\">\n\t\t\t\t<div class=\"elementor-element elementor-element-af35412 elementor-widget elementor-widget-image\" data-id=\"af35412\" data-element_type=\"widget\" data-widget_type=\"image.default\">\n\t\t\t\t<div class=\"elementor-widget-container\">\n\t\t\t\t\t\t\t\t\t\t\t\t\t\t\t<img decoding=\"async\" width=\"150\" height=\"150\" src=\"https:\/\/www.carmelec.fr\/wp-content\/uploads\/2025\/06\/vision-2-150x150.png\" class=\"attachment-thumbnail size-thumbnail wp-image-159\" alt=\"\" srcset=\"https:\/\/www.carmelec.fr\/wp-content\/uploads\/2025\/06\/vision-2-150x150.png 150w, https:\/\/www.carmelec.fr\/wp-content\/uploads\/2025\/06\/vision-2-300x300.png 300w, https:\/\/www.carmelec.fr\/wp-content\/uploads\/2025\/06\/vision-2.png 512w\" sizes=\"(max-width: 150px) 100vw, 150px\" \/>\t\t\t\t\t\t\t\t\t\t\t\t\t\t\t<\/div>\n\t\t\t\t<\/div>\n\t\t\t\t<\/div>\n\t\t<div class=\"elementor-element elementor-element-327ec1cc e-con-full e-flex e-con e-child\" data-id=\"327ec1cc\" data-element_type=\"container\">\n\t\t\t\t<div class=\"elementor-element elementor-element-64add4d4 elementor-widget elementor-widget-heading\" data-id=\"64add4d4\" data-element_type=\"widget\" data-widget_type=\"heading.default\">\n\t\t\t\t<div class=\"elementor-widget-container\">\n\t\t\t\t\t<h3 class=\"elementor-heading-title elementor-size-default\">Carat\u00e9ristique de d\u00e9tection<\/h3>\t\t\t\t<\/div>\n\t\t\t\t<\/div>\n\t\t\t\t<div class=\"elementor-element elementor-element-3c9b8fae elementor-widget elementor-widget-text-editor\" data-id=\"3c9b8fae\" data-element_type=\"widget\" data-widget_type=\"text-editor.default\">\n\t\t\t\t<div class=\"elementor-widget-container\">\n\t\t\t\t\t\t\t\t\t<div class=\"wpb_text_column wpb_content_element  descriptionsProduct\"><div class=\"wpb_wrapper\"><ul><li>Grandeur de r\u00e9f\u00e9rence : D\u00e9bit d\u2019\u00e9quivalent de dose ambiant H*(10)<\/li><li>D\u00e9tecteur : Geiger M\u00fcller compens\u00e9 en \u00e9nergie de 50 keV \u00e0 1,25 MeV<\/li><li>Unit\u00e9 : \u00b5Sv\/h<\/li><li>Source de r\u00e9f\u00e9rence : Cs 137<\/li><li>Sensibilit\u00e9 : 1,3 c\/s\/\u00b5Sv\/h<\/li><li>Gamme d\u2019affichage : entre 0,01 \u00b5Sv\/h et 9 990 \u00b5Sv\/h<\/li><li>Gamme de mesure effective : entre 0,5 \u00b5Sv\/h et 9 990 \u00b5Sv\/h<\/li><li>Temps de r\u00e9ponse : &lt; 10 s lors d\u2019une variation significative<\/li><\/ul><\/div><\/div><div class=\"gt3_spacing\">\u00a0<\/div>\t\t\t\t\t\t\t\t<\/div>\n\t\t\t\t<\/div>\n\t\t\t\t<\/div>\n\t\t\t\t<\/div>\n\t\t<div class=\"elementor-element elementor-element-16e776af e-con-full e-flex e-con e-child\" data-id=\"16e776af\" data-element_type=\"container\">\n\t\t<div class=\"elementor-element elementor-element-5ac1d8f0 e-con-full e-flex e-con e-child\" data-id=\"5ac1d8f0\" data-element_type=\"container\">\n\t\t\t\t<div class=\"elementor-element elementor-element-4f548b3f elementor-widget elementor-widget-image\" data-id=\"4f548b3f\" data-element_type=\"widget\" data-widget_type=\"image.default\">\n\t\t\t\t<div class=\"elementor-widget-container\">\n\t\t\t\t\t\t\t\t\t\t\t\t\t\t\t<img decoding=\"async\" width=\"150\" height=\"150\" src=\"https:\/\/www.carmelec.fr\/wp-content\/uploads\/2025\/06\/parametre-150x150.png\" class=\"attachment-thumbnail size-thumbnail wp-image-165\" alt=\"\" srcset=\"https:\/\/www.carmelec.fr\/wp-content\/uploads\/2025\/06\/parametre-150x150.png 150w, https:\/\/www.carmelec.fr\/wp-content\/uploads\/2025\/06\/parametre-300x300.png 300w, https:\/\/www.carmelec.fr\/wp-content\/uploads\/2025\/06\/parametre.png 512w\" sizes=\"(max-width: 150px) 100vw, 150px\" \/>\t\t\t\t\t\t\t\t\t\t\t\t\t\t\t<\/div>\n\t\t\t\t<\/div>\n\t\t\t\t<\/div>\n\t\t<div class=\"elementor-element elementor-element-12583718 e-con-full e-flex e-con e-child\" data-id=\"12583718\" data-element_type=\"container\">\n\t\t\t\t<div class=\"elementor-element elementor-element-279a04a9 elementor-widget elementor-widget-heading\" data-id=\"279a04a9\" data-element_type=\"widget\" data-widget_type=\"heading.default\">\n\t\t\t\t<div class=\"elementor-widget-container\">\n\t\t\t\t\t<h3 class=\"elementor-heading-title elementor-size-default\">Caract\u00e9ristiques m\u00e9caniques et environnementales\u200b<\/h3>\t\t\t\t<\/div>\n\t\t\t\t<\/div>\n\t\t\t\t<div class=\"elementor-element elementor-element-211888ef elementor-widget elementor-widget-text-editor\" data-id=\"211888ef\" data-element_type=\"widget\" data-widget_type=\"text-editor.default\">\n\t\t\t\t<div class=\"elementor-widget-container\">\n\t\t\t\t\t\t\t\t\t<div class=\"wpb_text_column wpb_content_element  descriptionsProduct\"><div class=\"wpb_wrapper\"><ul><li>Dimensions : 120 x 65 x 38 mm<\/li><li>Poids : 180 g avec pile<\/li><li>Niveau sonore de l\u2019alarme : 80 dBA \u00e0 30 cm<\/li><li>Indice de protection : IP54<\/li><\/ul><\/div><\/div><div class=\"gt3_spacing\">\u00a0<\/div>\t\t\t\t\t\t\t\t<\/div>\n\t\t\t\t<\/div>\n\t\t\t\t<\/div>\n\t\t\t\t<\/div>\n\t\t<div class=\"elementor-element elementor-element-7864296f e-con-full e-flex e-con e-child\" data-id=\"7864296f\" data-element_type=\"container\">\n\t\t<div class=\"elementor-element elementor-element-5724fd38 e-con-full e-flex e-con e-child\" data-id=\"5724fd38\" data-element_type=\"container\">\n\t\t\t\t<div class=\"elementor-element elementor-element-2912f5e8 elementor-widget elementor-widget-image\" data-id=\"2912f5e8\" data-element_type=\"widget\" data-widget_type=\"image.default\">\n\t\t\t\t<div class=\"elementor-widget-container\">\n\t\t\t\t\t\t\t\t\t\t\t\t\t\t\t<img loading=\"lazy\" decoding=\"async\" width=\"150\" height=\"150\" src=\"https:\/\/www.carmelec.fr\/wp-content\/uploads\/2025\/06\/eclair-150x150.png\" class=\"attachment-thumbnail size-thumbnail wp-image-166\" alt=\"\" srcset=\"https:\/\/www.carmelec.fr\/wp-content\/uploads\/2025\/06\/eclair-150x150.png 150w, https:\/\/www.carmelec.fr\/wp-content\/uploads\/2025\/06\/eclair-300x300.png 300w, https:\/\/www.carmelec.fr\/wp-content\/uploads\/2025\/06\/eclair.png 512w\" sizes=\"(max-width: 150px) 100vw, 150px\" \/>\t\t\t\t\t\t\t\t\t\t\t\t\t\t\t<\/div>\n\t\t\t\t<\/div>\n\t\t\t\t<\/div>\n\t\t<div class=\"elementor-element elementor-element-50beefc6 e-con-full e-flex e-con e-child\" data-id=\"50beefc6\" data-element_type=\"container\">\n\t\t\t\t<div class=\"elementor-element elementor-element-7dcf6f51 elementor-widget elementor-widget-heading\" data-id=\"7dcf6f51\" data-element_type=\"widget\" data-widget_type=\"heading.default\">\n\t\t\t\t<div class=\"elementor-widget-container\">\n\t\t\t\t\t<h3 class=\"elementor-heading-title elementor-size-default\">Caract\u00e9ristiques \u00e9lectriques\u200b<\/h3>\t\t\t\t<\/div>\n\t\t\t\t<\/div>\n\t\t\t\t<div class=\"elementor-element elementor-element-1b875298 elementor-widget elementor-widget-text-editor\" data-id=\"1b875298\" data-element_type=\"widget\" data-widget_type=\"text-editor.default\">\n\t\t\t\t<div class=\"elementor-widget-container\">\n\t\t\t\t\t\t\t\t\t<div class=\"wpb_text_column wpb_content_element  descriptionsElectricity\"><div class=\"wpb_wrapper\"><ul><li>Alimentation : pile 9 V<\/li><li>Autonomie : jusqu\u2019\u00e0 325 heures<\/li><\/ul><\/div><\/div><div class=\"gt3_spacing\">\u00a0<\/div>\t\t\t\t\t\t\t\t<\/div>\n\t\t\t\t<\/div>\n\t\t\t\t<\/div>\n\t\t\t\t<\/div>\n\t\t\t\t<\/div>\n\t\t\t\t<\/div>\n\t\t<div class=\"elementor-element elementor-element-38efc1ae e-con-full e-flex e-con e-child\" data-id=\"38efc1ae\" data-element_type=\"container\">\n\t\t<div class=\"elementor-element elementor-element-29be98cf e-con-full e-flex e-con e-child\" data-id=\"29be98cf\" data-element_type=\"container\">\n\t\t<div class=\"elementor-element elementor-element-7070c8d4 e-con-full e-flex e-con e-child\" data-id=\"7070c8d4\" data-element_type=\"container\">\n\t\t\t\t<div class=\"elementor-element elementor-element-4aff0cbf elementor-widget elementor-widget-image\" data-id=\"4aff0cbf\" data-element_type=\"widget\" data-widget_type=\"image.default\">\n\t\t\t\t<div class=\"elementor-widget-container\">\n\t\t\t\t\t\t\t\t\t\t\t\t\t\t\t<img loading=\"lazy\" decoding=\"async\" width=\"150\" height=\"150\" src=\"https:\/\/www.carmelec.fr\/wp-content\/uploads\/2025\/06\/batterie-1-150x150.png\" class=\"attachment-thumbnail size-thumbnail wp-image-161\" alt=\"\" srcset=\"https:\/\/www.carmelec.fr\/wp-content\/uploads\/2025\/06\/batterie-1-150x150.png 150w, https:\/\/www.carmelec.fr\/wp-content\/uploads\/2025\/06\/batterie-1-300x300.png 300w, https:\/\/www.carmelec.fr\/wp-content\/uploads\/2025\/06\/batterie-1.png 512w\" sizes=\"(max-width: 150px) 100vw, 150px\" \/>\t\t\t\t\t\t\t\t\t\t\t\t\t\t\t<\/div>\n\t\t\t\t<\/div>\n\t\t\t\t<div class=\"elementor-element elementor-element-416c6a7c elementor-widget elementor-widget-heading\" data-id=\"416c6a7c\" data-element_type=\"widget\" data-widget_type=\"heading.default\">\n\t\t\t\t<div class=\"elementor-widget-container\">\n\t\t\t\t\t<h4 class=\"elementor-heading-title elementor-size-default\">325H<\/h4>\t\t\t\t<\/div>\n\t\t\t\t<\/div>\n\t\t\t\t<\/div>\n\t\t<div class=\"elementor-element elementor-element-23e2bd66 e-con-full e-flex e-con e-child\" data-id=\"23e2bd66\" data-element_type=\"container\">\n\t\t\t\t<div class=\"elementor-element elementor-element-94afc41 elementor-widget elementor-widget-image\" data-id=\"94afc41\" data-element_type=\"widget\" data-widget_type=\"image.default\">\n\t\t\t\t<div class=\"elementor-widget-container\">\n\t\t\t\t\t\t\t\t\t\t\t\t\t\t\t<img loading=\"lazy\" decoding=\"async\" width=\"150\" height=\"150\" src=\"https:\/\/www.carmelec.fr\/wp-content\/uploads\/2025\/06\/poids-leger-150x150.png\" class=\"attachment-thumbnail size-thumbnail wp-image-163\" alt=\"\" srcset=\"https:\/\/www.carmelec.fr\/wp-content\/uploads\/2025\/06\/poids-leger-150x150.png 150w, https:\/\/www.carmelec.fr\/wp-content\/uploads\/2025\/06\/poids-leger-300x300.png 300w, https:\/\/www.carmelec.fr\/wp-content\/uploads\/2025\/06\/poids-leger.png 512w\" sizes=\"(max-width: 150px) 100vw, 150px\" \/>\t\t\t\t\t\t\t\t\t\t\t\t\t\t\t<\/div>\n\t\t\t\t<\/div>\n\t\t\t\t<div class=\"elementor-element elementor-element-20484265 elementor-widget elementor-widget-heading\" data-id=\"20484265\" data-element_type=\"widget\" data-widget_type=\"heading.default\">\n\t\t\t\t<div class=\"elementor-widget-container\">\n\t\t\t\t\t<h4 class=\"elementor-heading-title elementor-size-default\">180g<\/h4>\t\t\t\t<\/div>\n\t\t\t\t<\/div>\n\t\t\t\t<\/div>\n\t\t\t\t<\/div>\n\t\t\t\t<\/div>\n\t\t\t\t<\/div>\n\t\t\t\t\t<\/div>\n\t\t\t\t<\/div>\n\t\t\t\t<\/div>\n\t\t","protected":false},"excerpt":{"rendered":"<p>Dolphy Nano Radiam\u00e8tre compact destin\u00e9 aux PCR Cet appareil est destin\u00e9 \u00e0 la mesure de d\u00e9bit d\u2019\u00e9quivalent de dose gamma. Adapt\u00e9 \u00e0 la mesure de faible d\u00e9bit d\u2019\u00e9quivalent de dose, il est id\u00e9al pour la recherche de points chauds et la r\u00e9alisation de contr\u00f4les de zonage. Sa simplicit\u00e9 le rend utilisable par un large public. [&hellip;]<\/p>\n","protected":false},"author":1,"featured_media":0,"parent":0,"menu_order":0,"comment_status":"closed","ping_status":"closed","template":"","meta":{"footnotes":""},"class_list":["post-331","page","type-page","status-publish","hentry"],"_links":{"self":[{"href":"https:\/\/www.carmelec.fr\/fr\/wp-json\/wp\/v2\/pages\/331","targetHints":{"allow":["GET"]}}],"collection":[{"href":"https:\/\/www.carmelec.fr\/fr\/wp-json\/wp\/v2\/pages"}],"about":[{"href":"https:\/\/www.carmelec.fr\/fr\/wp-json\/wp\/v2\/types\/page"}],"author":[{"embeddable":true,"href":"https:\/\/www.carmelec.fr\/fr\/wp-json\/wp\/v2\/users\/1"}],"replies":[{"embeddable":true,"href":"https:\/\/www.carmelec.fr\/fr\/wp-json\/wp\/v2\/comments?post=331"}],"version-history":[{"count":16,"href":"https:\/\/www.carmelec.fr\/fr\/wp-json\/wp\/v2\/pages\/331\/revisions"}],"predecessor-version":[{"id":1534,"href":"https:\/\/www.carmelec.fr\/fr\/wp-json\/wp\/v2\/pages\/331\/revisions\/1534"}],"wp:attachment":[{"href":"https:\/\/www.carmelec.fr\/fr\/wp-json\/wp\/v2\/media?parent=331"}],"curies":[{"name":"wp","href":"https:\/\/api.w.org\/{rel}","templated":true}]}}