{"id":441,"date":"2025-09-16T12:00:58","date_gmt":"2025-09-16T10:00:58","guid":{"rendered":"http:\/\/carmelec.local\/?page_id=441"},"modified":"2026-01-20T16:49:55","modified_gmt":"2026-01-20T15:49:55","slug":"tir-gammagraphique","status":"publish","type":"page","link":"https:\/\/www.carmelec.fr\/fr\/tir-gammagraphique\/","title":{"rendered":"Tir gammagraphique \u2013 Surveillance"},"content":{"rendered":"\t\t<div data-elementor-type=\"wp-page\" data-elementor-id=\"441\" class=\"elementor elementor-441\" data-elementor-post-type=\"page\">\n\t\t\t\t<div class=\"elementor-element elementor-element-733bfd3e e-flex e-con-boxed e-con e-parent\" data-id=\"733bfd3e\" data-element_type=\"container\" data-settings=\"{&quot;background_background&quot;:&quot;classic&quot;}\">\n\t\t\t\t\t<div class=\"e-con-inner\">\n\t\t<div class=\"elementor-element elementor-element-6986f616 e-con-full e-flex e-con e-child\" data-id=\"6986f616\" data-element_type=\"container\">\n\t\t\t\t<div class=\"elementor-element elementor-element-1185316b elementor-widget elementor-widget-heading\" data-id=\"1185316b\" data-element_type=\"widget\" data-widget_type=\"heading.default\">\n\t\t\t\t<div class=\"elementor-widget-container\">\n\t\t\t\t\t<h2 class=\"elementor-heading-title elementor-size-default\">Tir gammagraphique\nSurveillance\/Pr\u00e9vention<\/h2>\t\t\t\t<\/div>\n\t\t\t\t<\/div>\n\t\t\t\t<\/div>\n\t\t<div class=\"elementor-element elementor-element-ae64a48 e-grid e-con-full e-con e-child\" data-id=\"ae64a48\" data-element_type=\"container\">\n\t\t<div class=\"elementor-element elementor-element-55309636 e-con-full e-flex e-con e-child\" data-id=\"55309636\" data-element_type=\"container\" data-settings=\"{&quot;background_background&quot;:&quot;classic&quot;}\">\n\t\t\t\t<div class=\"elementor-element elementor-element-317912d7 e-transform elementor-widget elementor-widget-image\" data-id=\"317912d7\" data-element_type=\"widget\" data-settings=\"{&quot;_animation&quot;:&quot;none&quot;,&quot;_transform_scale_effect_hover&quot;:{&quot;unit&quot;:&quot;px&quot;,&quot;size&quot;:1.05,&quot;sizes&quot;:[]},&quot;_transform_scale_effect_hover_tablet&quot;:{&quot;unit&quot;:&quot;px&quot;,&quot;size&quot;:&quot;&quot;,&quot;sizes&quot;:[]},&quot;_transform_scale_effect_hover_mobile&quot;:{&quot;unit&quot;:&quot;px&quot;,&quot;size&quot;:&quot;&quot;,&quot;sizes&quot;:[]}}\" data-widget_type=\"image.default\">\n\t\t\t\t<div class=\"elementor-widget-container\">\n\t\t\t\t\t\t\t\t\t\t\t\t\t\t\t<img decoding=\"async\" width=\"152\" height=\"300\" src=\"https:\/\/www.carmelec.fr\/wp-content\/uploads\/2025\/09\/Sentinelle-360-seule-152x300.png\" class=\"attachment-medium size-medium wp-image-445\" alt=\"\" srcset=\"https:\/\/www.carmelec.fr\/wp-content\/uploads\/2025\/09\/Sentinelle-360-seule-152x300.png 152w, https:\/\/www.carmelec.fr\/wp-content\/uploads\/2025\/09\/Sentinelle-360-seule-517x1024.png 517w, https:\/\/www.carmelec.fr\/wp-content\/uploads\/2025\/09\/Sentinelle-360-seule-768x1521.png 768w, https:\/\/www.carmelec.fr\/wp-content\/uploads\/2025\/09\/Sentinelle-360-seule-776x1536.png 776w, https:\/\/www.carmelec.fr\/wp-content\/uploads\/2025\/09\/Sentinelle-360-seule-1034x2048.png 1034w, https:\/\/www.carmelec.fr\/wp-content\/uploads\/2025\/09\/Sentinelle-360-seule-scaled.png 1293w\" sizes=\"(max-width: 152px) 100vw, 152px\" \/>\t\t\t\t\t\t\t\t\t\t\t\t\t\t\t<\/div>\n\t\t\t\t<\/div>\n\t\t\t\t<div class=\"elementor-element elementor-element-33cdfff0 elementor-widget elementor-widget-heading\" data-id=\"33cdfff0\" data-element_type=\"widget\" data-widget_type=\"heading.default\">\n\t\t\t\t<div class=\"elementor-widget-container\">\n\t\t\t\t\t<h2 class=\"elementor-heading-title elementor-size-default\">Sentinelle 360<\/h2>\t\t\t\t<\/div>\n\t\t\t\t<\/div>\n\t\t\t\t<div class=\"elementor-element elementor-element-6dc77d70 elementor-widget elementor-widget-text-editor\" data-id=\"6dc77d70\" data-element_type=\"widget\" data-widget_type=\"text-editor.default\">\n\t\t\t\t<div class=\"elementor-widget-container\">\n\t\t\t\t\t\t\t\t\t<p>Balise de d\u00e9tection de sortie de source Gamma ou X \u00e0 seuil automatique<\/p>\t\t\t\t\t\t\t\t<\/div>\n\t\t\t\t<\/div>\n\t\t\t\t<div class=\"elementor-element elementor-element-0d6efd1 elementor-align-center elementor-widget elementor-widget-button\" data-id=\"0d6efd1\" data-element_type=\"widget\" data-widget_type=\"button.default\">\n\t\t\t\t<div class=\"elementor-widget-container\">\n\t\t\t\t\t\t\t\t\t<div class=\"elementor-button-wrapper\">\n\t\t\t\t\t<a class=\"elementor-button elementor-button-link elementor-size-sm\" href=\"\/sentinelle-360\/\">\n\t\t\t\t\t\t<span class=\"elementor-button-content-wrapper\">\n\t\t\t\t\t\t\t\t\t<span class=\"elementor-button-text\">En savoir +<\/span>\n\t\t\t\t\t<\/span>\n\t\t\t\t\t<\/a>\n\t\t\t\t<\/div>\n\t\t\t\t\t\t\t\t<\/div>\n\t\t\t\t<\/div>\n\t\t\t\t<\/div>\n\t\t<div class=\"elementor-element elementor-element-d18458d e-con-full e-flex e-con e-child\" data-id=\"d18458d\" data-element_type=\"container\" data-settings=\"{&quot;background_background&quot;:&quot;classic&quot;}\">\n\t\t\t\t<div class=\"elementor-element elementor-element-c39bf81 e-transform elementor-widget elementor-widget-image\" data-id=\"c39bf81\" data-element_type=\"widget\" data-settings=\"{&quot;_animation&quot;:&quot;none&quot;,&quot;_transform_scale_effect_hover&quot;:{&quot;unit&quot;:&quot;px&quot;,&quot;size&quot;:1.05,&quot;sizes&quot;:[]},&quot;_transform_scale_effect_hover_tablet&quot;:{&quot;unit&quot;:&quot;px&quot;,&quot;size&quot;:&quot;&quot;,&quot;sizes&quot;:[]},&quot;_transform_scale_effect_hover_mobile&quot;:{&quot;unit&quot;:&quot;px&quot;,&quot;size&quot;:&quot;&quot;,&quot;sizes&quot;:[]}}\" data-widget_type=\"image.default\">\n\t\t\t\t<div class=\"elementor-widget-container\">\n\t\t\t\t\t\t\t\t\t\t\t\t\t\t\t<img fetchpriority=\"high\" decoding=\"async\" width=\"200\" height=\"300\" src=\"https:\/\/www.carmelec.fr\/wp-content\/uploads\/2025\/09\/S360_seuil_fixe_detouree-200x300.png\" class=\"attachment-medium size-medium wp-image-674\" alt=\"\" srcset=\"https:\/\/www.carmelec.fr\/wp-content\/uploads\/2025\/09\/S360_seuil_fixe_detouree-200x300.png 200w, https:\/\/www.carmelec.fr\/wp-content\/uploads\/2025\/09\/S360_seuil_fixe_detouree-682x1024.png 682w, https:\/\/www.carmelec.fr\/wp-content\/uploads\/2025\/09\/S360_seuil_fixe_detouree-768x1152.png 768w, https:\/\/www.carmelec.fr\/wp-content\/uploads\/2025\/09\/S360_seuil_fixe_detouree.png 1023w\" sizes=\"(max-width: 200px) 100vw, 200px\" \/>\t\t\t\t\t\t\t\t\t\t\t\t\t\t\t<\/div>\n\t\t\t\t<\/div>\n\t\t\t\t<div class=\"elementor-element elementor-element-bdc7695 elementor-widget elementor-widget-heading\" data-id=\"bdc7695\" data-element_type=\"widget\" data-widget_type=\"heading.default\">\n\t\t\t\t<div class=\"elementor-widget-container\">\n\t\t\t\t\t<h2 class=\"elementor-heading-title elementor-size-default\">Sentinelle 360 \u00e0 seuil fixe<\/h2>\t\t\t\t<\/div>\n\t\t\t\t<\/div>\n\t\t\t\t<div class=\"elementor-element elementor-element-55cefe5 elementor-widget elementor-widget-text-editor\" data-id=\"55cefe5\" data-element_type=\"widget\" data-widget_type=\"text-editor.default\">\n\t\t\t\t<div class=\"elementor-widget-container\">\n\t\t\t\t\t\t\t\t\t<p>Balise de d\u00e9tection de sortie de source Gamma ou X \u00e0 seuil fixe<\/p>\t\t\t\t\t\t\t\t<\/div>\n\t\t\t\t<\/div>\n\t\t\t\t<div class=\"elementor-element elementor-element-fc2a2a2 elementor-align-center elementor-widget elementor-widget-button\" data-id=\"fc2a2a2\" data-element_type=\"widget\" data-widget_type=\"button.default\">\n\t\t\t\t<div class=\"elementor-widget-container\">\n\t\t\t\t\t\t\t\t\t<div class=\"elementor-button-wrapper\">\n\t\t\t\t\t<a class=\"elementor-button elementor-button-link elementor-size-sm\" href=\"\/sentinelle-360-seuil-fixe\/\">\n\t\t\t\t\t\t<span class=\"elementor-button-content-wrapper\">\n\t\t\t\t\t\t\t\t\t<span class=\"elementor-button-text\">En savoir +<\/span>\n\t\t\t\t\t<\/span>\n\t\t\t\t\t<\/a>\n\t\t\t\t<\/div>\n\t\t\t\t\t\t\t\t<\/div>\n\t\t\t\t<\/div>\n\t\t\t\t<\/div>\n\t\t<div class=\"elementor-element elementor-element-406bdba7 e-con-full e-flex e-con e-child\" data-id=\"406bdba7\" data-element_type=\"container\" data-settings=\"{&quot;background_background&quot;:&quot;classic&quot;}\">\n\t\t\t\t<div class=\"elementor-element elementor-element-3648cfa4 e-transform elementor-widget elementor-widget-image\" data-id=\"3648cfa4\" data-element_type=\"widget\" data-settings=\"{&quot;_animation&quot;:&quot;none&quot;,&quot;_transform_scale_effect_hover&quot;:{&quot;unit&quot;:&quot;px&quot;,&quot;size&quot;:1.05,&quot;sizes&quot;:[]},&quot;_transform_scale_effect_hover_tablet&quot;:{&quot;unit&quot;:&quot;px&quot;,&quot;size&quot;:&quot;&quot;,&quot;sizes&quot;:[]},&quot;_transform_scale_effect_hover_mobile&quot;:{&quot;unit&quot;:&quot;px&quot;,&quot;size&quot;:&quot;&quot;,&quot;sizes&quot;:[]}}\" data-widget_type=\"image.default\">\n\t\t\t\t<div class=\"elementor-widget-container\">\n\t\t\t\t\t\t\t\t\t\t\t\t\t\t\t<img decoding=\"async\" width=\"200\" height=\"300\" src=\"https:\/\/www.carmelec.fr\/wp-content\/uploads\/2025\/09\/27_franchissementInt-Face-IMG_6312-DET-200x300.png\" class=\"attachment-medium size-medium wp-image-446\" alt=\"\" srcset=\"https:\/\/www.carmelec.fr\/wp-content\/uploads\/2025\/09\/27_franchissementInt-Face-IMG_6312-DET-200x300.png 200w, https:\/\/www.carmelec.fr\/wp-content\/uploads\/2025\/09\/27_franchissementInt-Face-IMG_6312-DET-683x1024.png 683w, https:\/\/www.carmelec.fr\/wp-content\/uploads\/2025\/09\/27_franchissementInt-Face-IMG_6312-DET-768x1152.png 768w, https:\/\/www.carmelec.fr\/wp-content\/uploads\/2025\/09\/27_franchissementInt-Face-IMG_6312-DET-1024x1536.png 1024w, https:\/\/www.carmelec.fr\/wp-content\/uploads\/2025\/09\/27_franchissementInt-Face-IMG_6312-DET-1365x2048.png 1365w, https:\/\/www.carmelec.fr\/wp-content\/uploads\/2025\/09\/27_franchissementInt-Face-IMG_6312-DET-scaled.png 1707w\" sizes=\"(max-width: 200px) 100vw, 200px\" \/>\t\t\t\t\t\t\t\t\t\t\t\t\t\t\t<\/div>\n\t\t\t\t<\/div>\n\t\t\t\t<div class=\"elementor-element elementor-element-40910669 elementor-widget elementor-widget-heading\" data-id=\"40910669\" data-element_type=\"widget\" data-widget_type=\"heading.default\">\n\t\t\t\t<div class=\"elementor-widget-container\">\n\t\t\t\t\t<h2 class=\"elementor-heading-title elementor-size-default\">Affichette lumineuse tir gammagraphique<\/h2>\t\t\t\t<\/div>\n\t\t\t\t<\/div>\n\t\t\t\t<div class=\"elementor-element elementor-element-24d9fcc6 elementor-widget elementor-widget-text-editor\" data-id=\"24d9fcc6\" data-element_type=\"widget\" data-widget_type=\"text-editor.default\">\n\t\t\t\t<div class=\"elementor-widget-container\">\n\t\t\t\t\t\t\t\t\t<p>Affichette de d\u00e9limitation des tirs gammagraphiques<\/p>\t\t\t\t\t\t\t\t<\/div>\n\t\t\t\t<\/div>\n\t\t\t\t<div class=\"elementor-element elementor-element-07d41ee elementor-align-center elementor-widget elementor-widget-button\" data-id=\"07d41ee\" data-element_type=\"widget\" data-widget_type=\"button.default\">\n\t\t\t\t<div class=\"elementor-widget-container\">\n\t\t\t\t\t\t\t\t\t<div class=\"elementor-button-wrapper\">\n\t\t\t\t\t<a class=\"elementor-button elementor-button-link elementor-size-sm\" href=\"\/affichette-lumineuse-tir-gammagraphique\/\">\n\t\t\t\t\t\t<span class=\"elementor-button-content-wrapper\">\n\t\t\t\t\t\t\t\t\t<span class=\"elementor-button-text\">En savoir +<\/span>\n\t\t\t\t\t<\/span>\n\t\t\t\t\t<\/a>\n\t\t\t\t<\/div>\n\t\t\t\t\t\t\t\t<\/div>\n\t\t\t\t<\/div>\n\t\t\t\t<\/div>\n\t\t\t\t<\/div>\n\t\t\t\t\t<\/div>\n\t\t\t\t<\/div>\n\t\t\t\t<\/div>\n\t\t","protected":false},"excerpt":{"rendered":"<p>Tir gammagraphique Surveillance\/Pr\u00e9vention Sentinelle 360 Balise de d\u00e9tection de sortie de source Gamma ou X \u00e0 seuil automatique En savoir + Sentinelle 360 \u00e0 seuil fixe Balise de d\u00e9tection de sortie de source Gamma ou X \u00e0 seuil fixe En savoir + Affichette lumineuse tir gammagraphique Affichette de d\u00e9limitation des tirs gammagraphiques En savoir +<\/p>\n","protected":false},"author":1,"featured_media":0,"parent":0,"menu_order":0,"comment_status":"closed","ping_status":"closed","template":"","meta":{"footnotes":""},"class_list":["post-441","page","type-page","status-publish","hentry"],"_links":{"self":[{"href":"https:\/\/www.carmelec.fr\/fr\/wp-json\/wp\/v2\/pages\/441","targetHints":{"allow":["GET"]}}],"collection":[{"href":"https:\/\/www.carmelec.fr\/fr\/wp-json\/wp\/v2\/pages"}],"about":[{"href":"https:\/\/www.carmelec.fr\/fr\/wp-json\/wp\/v2\/types\/page"}],"author":[{"embeddable":true,"href":"https:\/\/www.carmelec.fr\/fr\/wp-json\/wp\/v2\/users\/1"}],"replies":[{"embeddable":true,"href":"https:\/\/www.carmelec.fr\/fr\/wp-json\/wp\/v2\/comments?post=441"}],"version-history":[{"count":28,"href":"https:\/\/www.carmelec.fr\/fr\/wp-json\/wp\/v2\/pages\/441\/revisions"}],"predecessor-version":[{"id":1571,"href":"https:\/\/www.carmelec.fr\/fr\/wp-json\/wp\/v2\/pages\/441\/revisions\/1571"}],"wp:attachment":[{"href":"https:\/\/www.carmelec.fr\/fr\/wp-json\/wp\/v2\/media?parent=441"}],"curies":[{"name":"wp","href":"https:\/\/api.w.org\/{rel}","templated":true}]}}