{"id":469,"date":"2025-09-16T19:18:29","date_gmt":"2025-09-16T17:18:29","guid":{"rendered":"http:\/\/carmelec.local\/?page_id=469"},"modified":"2026-01-08T16:35:23","modified_gmt":"2026-01-08T15:35:23","slug":"sur-mesure","status":"publish","type":"page","link":"https:\/\/www.carmelec.fr\/fr\/sur-mesure\/","title":{"rendered":"Sur mesure"},"content":{"rendered":"\t\t<div data-elementor-type=\"wp-page\" data-elementor-id=\"469\" class=\"elementor elementor-469\" data-elementor-post-type=\"page\">\n\t\t\t\t<div class=\"elementor-element elementor-element-57793c5 e-flex e-con-boxed e-con e-parent\" data-id=\"57793c5\" data-element_type=\"container\" data-settings=\"{&quot;background_background&quot;:&quot;classic&quot;}\">\n\t\t\t\t\t<div class=\"e-con-inner\">\n\t\t\t\t<div class=\"elementor-element elementor-element-0752b2a elementor-headline--style-highlight elementor-widget elementor-widget-animated-headline\" data-id=\"0752b2a\" data-element_type=\"widget\" data-settings=\"{&quot;marker&quot;:&quot;curly&quot;,&quot;highlighted_text&quot;:&quot;Conception\\\/BE&quot;,&quot;headline_style&quot;:&quot;highlight&quot;,&quot;loop&quot;:&quot;yes&quot;,&quot;highlight_animation_duration&quot;:1200,&quot;highlight_iteration_delay&quot;:8000}\" data-widget_type=\"animated-headline.default\">\n\t\t\t\t<div class=\"elementor-widget-container\">\n\t\t\t\t\t\t\t<h3 class=\"elementor-headline\">\n\t\t\t\t<span class=\"elementor-headline-dynamic-wrapper elementor-headline-text-wrapper\">\n\t\t\t\t\t<span class=\"elementor-headline-dynamic-text elementor-headline-text-active\">Conception\/BE<\/span>\n\t\t\t\t<\/span>\n\t\t\t\t<\/h3>\n\t\t\t\t\t\t<\/div>\n\t\t\t\t<\/div>\n\t\t\t\t<div class=\"elementor-element elementor-element-81f2422 elementor-widget elementor-widget-heading\" data-id=\"81f2422\" data-element_type=\"widget\" data-widget_type=\"heading.default\">\n\t\t\t\t<div class=\"elementor-widget-container\">\n\t\t\t\t\t<h3 class=\"elementor-heading-title elementor-size-default\">Une \u00e9quipe de 7 personnes au service de vos besoins.<\/h3>\t\t\t\t<\/div>\n\t\t\t\t<\/div>\n\t\t\t\t<div class=\"elementor-element elementor-element-0878b51 elementor-widget elementor-widget-text-editor\" data-id=\"0878b51\" data-element_type=\"widget\" data-widget_type=\"text-editor.default\">\n\t\t\t\t<div class=\"elementor-widget-container\">\n\t\t\t\t\t\t\t\t\t<p>Compos\u00e9 de sept ing\u00e9nieurs, le bureau d\u2019\u00e9tudes de Carmelec g\u00e8re la conception et l\u2019industrialisation de nos appareils mais aussi les demandes de r\u00e9alisation sur-mesure. Issu d\u2019univers et de formations diff\u00e9rents, il permettent de couvrir tous les domaines impact\u00e9s : \u00e9lectronique, informatique (logiciel et embarqu\u00e9e), m\u00e9canique et instrumentation nucl\u00e9aire.<br \/>Que ce soit pour un nouveau produit ou une customisation, nous sommes capable de g\u00e9rer l\u2019ensemble du projet, de l\u2019expression du besoin jusqu\u2019\u00e0 l\u2019industrialisation.<\/p>\t\t\t\t\t\t\t\t<\/div>\n\t\t\t\t<\/div>\n\t\t\t\t\t<\/div>\n\t\t\t\t<\/div>\n\t\t<div class=\"elementor-element elementor-element-c07fdba e-flex e-con-boxed e-con e-parent\" data-id=\"c07fdba\" data-element_type=\"container\">\n\t\t\t\t\t<div class=\"e-con-inner\">\n\t\t<div class=\"elementor-element elementor-element-5aebec8 e-con-full e-flex e-con e-child\" data-id=\"5aebec8\" data-element_type=\"container\">\n\t\t\t\t<div class=\"elementor-element elementor-element-18d5ea6 elementor-widget elementor-widget-spacer\" data-id=\"18d5ea6\" data-element_type=\"widget\" data-widget_type=\"spacer.default\">\n\t\t\t\t<div class=\"elementor-widget-container\">\n\t\t\t\t\t\t\t<div class=\"elementor-spacer\">\n\t\t\t<div class=\"elementor-spacer-inner\"><\/div>\n\t\t<\/div>\n\t\t\t\t\t\t<\/div>\n\t\t\t\t<\/div>\n\t\t\t\t<div class=\"elementor-element elementor-element-b1da710 elementor-headline--style-highlight elementor-widget elementor-widget-animated-headline\" data-id=\"b1da710\" data-element_type=\"widget\" data-settings=\"{&quot;marker&quot;:&quot;underline&quot;,&quot;highlighted_text&quot;:&quot;Nos domaines&quot;,&quot;headline_style&quot;:&quot;highlight&quot;,&quot;loop&quot;:&quot;yes&quot;,&quot;highlight_animation_duration&quot;:1200,&quot;highlight_iteration_delay&quot;:8000}\" data-widget_type=\"animated-headline.default\">\n\t\t\t\t<div class=\"elementor-widget-container\">\n\t\t\t\t\t\t\t<h2 class=\"elementor-headline\">\n\t\t\t\t<span class=\"elementor-headline-dynamic-wrapper elementor-headline-text-wrapper\">\n\t\t\t\t\t<span class=\"elementor-headline-dynamic-text elementor-headline-text-active\">Nos domaines<\/span>\n\t\t\t\t<\/span>\n\t\t\t\t<\/h2>\n\t\t\t\t\t\t<\/div>\n\t\t\t\t<\/div>\n\t\t\t\t<\/div>\n\t\t<div class=\"elementor-element elementor-element-ff7ab50 e-con-full e-flex e-con e-child\" data-id=\"ff7ab50\" data-element_type=\"container\">\n\t\t<div class=\"elementor-element elementor-element-8f6d98b e-grid e-con-full e-con e-child\" data-id=\"8f6d98b\" data-element_type=\"container\" data-settings=\"{&quot;background_background&quot;:&quot;classic&quot;}\">\n\t\t<div class=\"elementor-element elementor-element-1945111 e-grid e-con-full e-con e-child\" data-id=\"1945111\" data-element_type=\"container\">\n\t\t<div class=\"elementor-element elementor-element-9a51e67 e-con-full e-flex e-con e-child\" data-id=\"9a51e67\" data-element_type=\"container\">\n\t\t\t\t<div class=\"elementor-element elementor-element-082df11 elementor-widget elementor-widget-heading\" data-id=\"082df11\" data-element_type=\"widget\" data-widget_type=\"heading.default\">\n\t\t\t\t<div class=\"elementor-widget-container\">\n\t\t\t\t\t<h2 class=\"elementor-heading-title elementor-size-default\">Instrumentation nucl\u00e9aire<\/h2>\t\t\t\t<\/div>\n\t\t\t\t<\/div>\n\t\t\t\t<div class=\"elementor-element elementor-element-198ebdf elementor-widget elementor-widget-text-editor\" data-id=\"198ebdf\" data-element_type=\"widget\" data-widget_type=\"text-editor.default\">\n\t\t\t\t<div class=\"elementor-widget-container\">\n\t\t\t\t\t\t\t\t\t<ul><li>Etude<\/li><li>Conception<\/li><li>Simulation<\/li><li>Tests en laboratoire<\/li><\/ul>\t\t\t\t\t\t\t\t<\/div>\n\t\t\t\t<\/div>\n\t\t\t\t<\/div>\n\t\t<div class=\"elementor-element elementor-element-059c727 e-con-full e-flex e-con e-child\" data-id=\"059c727\" data-element_type=\"container\">\n\t\t\t\t<div class=\"elementor-element elementor-element-46c3555 elementor-widget elementor-widget-image\" data-id=\"46c3555\" data-element_type=\"widget\" data-widget_type=\"image.default\">\n\t\t\t\t<div class=\"elementor-widget-container\">\n\t\t\t\t\t\t\t\t\t\t\t\t\t\t\t<img fetchpriority=\"high\" decoding=\"async\" width=\"300\" height=\"300\" src=\"https:\/\/www.carmelec.fr\/wp-content\/uploads\/2025\/09\/nucleaire-1-300x300.png\" class=\"attachment-medium size-medium wp-image-485\" alt=\"\" srcset=\"https:\/\/www.carmelec.fr\/wp-content\/uploads\/2025\/09\/nucleaire-1-300x300.png 300w, https:\/\/www.carmelec.fr\/wp-content\/uploads\/2025\/09\/nucleaire-1-150x150.png 150w, https:\/\/www.carmelec.fr\/wp-content\/uploads\/2025\/09\/nucleaire-1.png 512w\" sizes=\"(max-width: 300px) 100vw, 300px\" \/>\t\t\t\t\t\t\t\t\t\t\t\t\t\t\t<\/div>\n\t\t\t\t<\/div>\n\t\t\t\t<\/div>\n\t\t\t\t<\/div>\n\t\t<div class=\"elementor-element elementor-element-f64dc0e e-grid e-con-full e-con e-child\" data-id=\"f64dc0e\" data-element_type=\"container\">\n\t\t<div class=\"elementor-element elementor-element-c90ced9 e-con-full e-flex e-con e-child\" data-id=\"c90ced9\" data-element_type=\"container\">\n\t\t\t\t<div class=\"elementor-element elementor-element-9e3d1cf elementor-widget elementor-widget-image\" data-id=\"9e3d1cf\" data-element_type=\"widget\" data-widget_type=\"image.default\">\n\t\t\t\t<div class=\"elementor-widget-container\">\n\t\t\t\t\t\t\t\t\t\t\t\t\t\t\t<img decoding=\"async\" width=\"300\" height=\"300\" src=\"https:\/\/www.carmelec.fr\/wp-content\/uploads\/2025\/09\/circuit-300x300.png\" class=\"attachment-medium size-medium wp-image-512\" alt=\"\" srcset=\"https:\/\/www.carmelec.fr\/wp-content\/uploads\/2025\/09\/circuit-300x300.png 300w, https:\/\/www.carmelec.fr\/wp-content\/uploads\/2025\/09\/circuit-150x150.png 150w, https:\/\/www.carmelec.fr\/wp-content\/uploads\/2025\/09\/circuit.png 512w\" sizes=\"(max-width: 300px) 100vw, 300px\" \/>\t\t\t\t\t\t\t\t\t\t\t\t\t\t\t<\/div>\n\t\t\t\t<\/div>\n\t\t\t\t<\/div>\n\t\t<div class=\"elementor-element elementor-element-36060de e-con-full e-flex e-con e-child\" data-id=\"36060de\" data-element_type=\"container\">\n\t\t\t\t<div class=\"elementor-element elementor-element-2c6c9bd elementor-widget elementor-widget-heading\" data-id=\"2c6c9bd\" data-element_type=\"widget\" data-widget_type=\"heading.default\">\n\t\t\t\t<div class=\"elementor-widget-container\">\n\t\t\t\t\t<h2 class=\"elementor-heading-title elementor-size-default\">Electronique<\/h2>\t\t\t\t<\/div>\n\t\t\t\t<\/div>\n\t\t\t\t<div class=\"elementor-element elementor-element-cf3b0fa elementor-widget elementor-widget-text-editor\" data-id=\"cf3b0fa\" data-element_type=\"widget\" data-widget_type=\"text-editor.default\">\n\t\t\t\t<div class=\"elementor-widget-container\">\n\t\t\t\t\t\t\t\t\t<ul><li>Conception Assist\u00e9e par Ordinateur (CAO)<\/li><li>Num\u00e9rique, analogique<\/li><li>Communications<\/li><li>Compatibilit\u00e9 \u00c9lectromagn\u00e9tique (CEM)<\/li><\/ul>\t\t\t\t\t\t\t\t<\/div>\n\t\t\t\t<\/div>\n\t\t\t\t<\/div>\n\t\t\t\t<\/div>\n\t\t<div class=\"elementor-element elementor-element-70e0519 e-grid e-con-full e-con e-child\" data-id=\"70e0519\" data-element_type=\"container\">\n\t\t<div class=\"elementor-element elementor-element-4492242 e-con-full e-flex e-con e-child\" data-id=\"4492242\" data-element_type=\"container\">\n\t\t\t\t<div class=\"elementor-element elementor-element-c238c3e elementor-widget elementor-widget-heading\" data-id=\"c238c3e\" data-element_type=\"widget\" data-widget_type=\"heading.default\">\n\t\t\t\t<div class=\"elementor-widget-container\">\n\t\t\t\t\t<h2 class=\"elementor-heading-title elementor-size-default\">Informatique<\/h2>\t\t\t\t<\/div>\n\t\t\t\t<\/div>\n\t\t\t\t<div class=\"elementor-element elementor-element-7842edf elementor-widget elementor-widget-text-editor\" data-id=\"7842edf\" data-element_type=\"widget\" data-widget_type=\"text-editor.default\">\n\t\t\t\t<div class=\"elementor-widget-container\">\n\t\t\t\t\t\t\t\t\t<ul><li>Embarqu\u00e9e<\/li><li>PC\/Smartphone<\/li><li>R\u00e9seaux<\/li><\/ul>\t\t\t\t\t\t\t\t<\/div>\n\t\t\t\t<\/div>\n\t\t\t\t<\/div>\n\t\t<div class=\"elementor-element elementor-element-897b485 e-con-full e-flex e-con e-child\" data-id=\"897b485\" data-element_type=\"container\">\n\t\t\t\t<div class=\"elementor-element elementor-element-204dc73 elementor-widget elementor-widget-image\" data-id=\"204dc73\" data-element_type=\"widget\" data-widget_type=\"image.default\">\n\t\t\t\t<div class=\"elementor-widget-container\">\n\t\t\t\t\t\t\t\t\t\t\t\t\t\t\t<img decoding=\"async\" width=\"300\" height=\"300\" src=\"https:\/\/www.carmelec.fr\/wp-content\/uploads\/2025\/09\/codes-binaires-300x300.png\" class=\"attachment-medium size-medium wp-image-514\" alt=\"\" srcset=\"https:\/\/www.carmelec.fr\/wp-content\/uploads\/2025\/09\/codes-binaires-300x300.png 300w, https:\/\/www.carmelec.fr\/wp-content\/uploads\/2025\/09\/codes-binaires-150x150.png 150w, https:\/\/www.carmelec.fr\/wp-content\/uploads\/2025\/09\/codes-binaires.png 512w\" sizes=\"(max-width: 300px) 100vw, 300px\" \/>\t\t\t\t\t\t\t\t\t\t\t\t\t\t\t<\/div>\n\t\t\t\t<\/div>\n\t\t\t\t<\/div>\n\t\t\t\t<\/div>\n\t\t<div class=\"elementor-element elementor-element-5822c0b e-grid e-con-full e-con e-child\" data-id=\"5822c0b\" data-element_type=\"container\">\n\t\t<div class=\"elementor-element elementor-element-90500ab e-con-full e-flex e-con e-child\" data-id=\"90500ab\" data-element_type=\"container\">\n\t\t\t\t<div class=\"elementor-element elementor-element-4d34603 elementor-widget elementor-widget-image\" data-id=\"4d34603\" data-element_type=\"widget\" data-widget_type=\"image.default\">\n\t\t\t\t<div class=\"elementor-widget-container\">\n\t\t\t\t\t\t\t\t\t\t\t\t\t\t\t<img loading=\"lazy\" decoding=\"async\" width=\"300\" height=\"300\" src=\"https:\/\/www.carmelec.fr\/wp-content\/uploads\/2025\/09\/piston_more_white-300x300.png\" class=\"attachment-medium size-medium wp-image-513\" alt=\"\" srcset=\"https:\/\/www.carmelec.fr\/wp-content\/uploads\/2025\/09\/piston_more_white-300x300.png 300w, https:\/\/www.carmelec.fr\/wp-content\/uploads\/2025\/09\/piston_more_white-150x150.png 150w, https:\/\/www.carmelec.fr\/wp-content\/uploads\/2025\/09\/piston_more_white.png 512w\" sizes=\"(max-width: 300px) 100vw, 300px\" \/>\t\t\t\t\t\t\t\t\t\t\t\t\t\t\t<\/div>\n\t\t\t\t<\/div>\n\t\t\t\t<\/div>\n\t\t<div class=\"elementor-element elementor-element-e700673 e-con-full e-flex e-con e-child\" data-id=\"e700673\" data-element_type=\"container\">\n\t\t\t\t<div class=\"elementor-element elementor-element-0de3a16 elementor-widget elementor-widget-heading\" data-id=\"0de3a16\" data-element_type=\"widget\" data-widget_type=\"heading.default\">\n\t\t\t\t<div class=\"elementor-widget-container\">\n\t\t\t\t\t<h2 class=\"elementor-heading-title elementor-size-default\">M\u00e9canique<\/h2>\t\t\t\t<\/div>\n\t\t\t\t<\/div>\n\t\t\t\t<div class=\"elementor-element elementor-element-59fc3d6 elementor-widget elementor-widget-text-editor\" data-id=\"59fc3d6\" data-element_type=\"widget\" data-widget_type=\"text-editor.default\">\n\t\t\t\t<div class=\"elementor-widget-container\">\n\t\t\t\t\t\t\t\t\t<ul><li>Conception<\/li><li>Prototypage (impression 3D\u2026)<\/li><li>Industrialisation<\/li><\/ul>\t\t\t\t\t\t\t\t<\/div>\n\t\t\t\t<\/div>\n\t\t\t\t<\/div>\n\t\t\t\t<\/div>\n\t\t\t\t<\/div>\n\t\t\t\t<div class=\"elementor-element elementor-element-f2627d8 elementor-widget elementor-widget-spacer\" data-id=\"f2627d8\" data-element_type=\"widget\" data-widget_type=\"spacer.default\">\n\t\t\t\t<div class=\"elementor-widget-container\">\n\t\t\t\t\t\t\t<div class=\"elementor-spacer\">\n\t\t\t<div class=\"elementor-spacer-inner\"><\/div>\n\t\t<\/div>\n\t\t\t\t\t\t<\/div>\n\t\t\t\t<\/div>\n\t\t\t\t<\/div>\n\t\t\t\t\t<\/div>\n\t\t\t\t<\/div>\n\t\t<div class=\"elementor-element elementor-element-f9ceefd e-flex e-con-boxed e-con e-parent\" data-id=\"f9ceefd\" data-element_type=\"container\" data-settings=\"{&quot;background_background&quot;:&quot;classic&quot;}\">\n\t\t\t\t\t<div class=\"e-con-inner\">\n\t\t<div class=\"elementor-element elementor-element-073b5eb e-con-full e-flex e-con e-child\" data-id=\"073b5eb\" data-element_type=\"container\">\n\t\t\t\t<div class=\"elementor-element elementor-element-2204665 elementor-widget elementor-widget-spacer\" data-id=\"2204665\" data-element_type=\"widget\" data-widget_type=\"spacer.default\">\n\t\t\t\t<div class=\"elementor-widget-container\">\n\t\t\t\t\t\t\t<div class=\"elementor-spacer\">\n\t\t\t<div class=\"elementor-spacer-inner\"><\/div>\n\t\t<\/div>\n\t\t\t\t\t\t<\/div>\n\t\t\t\t<\/div>\n\t\t\t\t<div class=\"elementor-element elementor-element-392e021 elementor-headline--style-highlight elementor-widget elementor-widget-animated-headline\" data-id=\"392e021\" data-element_type=\"widget\" data-settings=\"{&quot;marker&quot;:&quot;underline_zigzag&quot;,&quot;highlighted_text&quot;:&quot;Nos r\\u00e9alisations&quot;,&quot;headline_style&quot;:&quot;highlight&quot;,&quot;highlight_animation_duration&quot;:1200}\" data-widget_type=\"animated-headline.default\">\n\t\t\t\t<div class=\"elementor-widget-container\">\n\t\t\t\t\t\t\t<h3 class=\"elementor-headline\">\n\t\t\t\t<span class=\"elementor-headline-dynamic-wrapper elementor-headline-text-wrapper\">\n\t\t\t\t\t<span class=\"elementor-headline-dynamic-text elementor-headline-text-active\">Nos r\u00e9alisations<\/span>\n\t\t\t\t<\/span>\n\t\t\t\t<\/h3>\n\t\t\t\t\t\t<\/div>\n\t\t\t\t<\/div>\n\t\t\t\t<div class=\"elementor-element elementor-element-d06c453 elementor-widget elementor-widget-heading\" data-id=\"d06c453\" data-element_type=\"widget\" data-widget_type=\"heading.default\">\n\t\t\t\t<div class=\"elementor-widget-container\">\n\t\t\t\t\t<h3 class=\"elementor-heading-title elementor-size-default\">Quelques exemples de nos  r\u00e9alisations<\/h3>\t\t\t\t<\/div>\n\t\t\t\t<\/div>\n\t\t\t\t<div class=\"elementor-element elementor-element-5464a8f elementor-widget elementor-widget-text-editor\" data-id=\"5464a8f\" data-element_type=\"widget\" data-widget_type=\"text-editor.default\">\n\t\t\t\t<div class=\"elementor-widget-container\">\n\t\t\t\t\t\t\t\t\t<p><span style=\"white-space-collapse: preserve;\">Nos r\u00e9alisations \u00e9tant diverses et vari\u00e9es, nous pr\u00e9f\u00e9rons mettre en avant des r\u00e9alisations type regroupant nos diff\u00e9rents domaines d\u2019expertises.<\/span><\/p>\t\t\t\t\t\t\t\t<\/div>\n\t\t\t\t<\/div>\n\t\t\t\t<\/div>\n\t\t<div class=\"elementor-element elementor-element-1542c9d e-con-full e-flex e-con e-child\" data-id=\"1542c9d\" data-element_type=\"container\">\n\t\t\t\t<div class=\"elementor-element elementor-element-b071a49 elementor-widget elementor-widget-n-accordion\" data-id=\"b071a49\" data-element_type=\"widget\" data-settings=\"{&quot;max_items_expended&quot;:&quot;multiple&quot;,&quot;default_state&quot;:&quot;expanded&quot;,&quot;n_accordion_animation_duration&quot;:{&quot;unit&quot;:&quot;ms&quot;,&quot;size&quot;:400,&quot;sizes&quot;:[]}}\" data-widget_type=\"nested-accordion.default\">\n\t\t\t\t<div class=\"elementor-widget-container\">\n\t\t\t\t\t\t\t<div class=\"e-n-accordion\" aria-label=\"Accordion. Open links with Enter or Space, close with Escape, and navigate with Arrow Keys\">\n\t\t\t\t\t\t<details id=\"e-n-accordion-item-1850\" class=\"e-n-accordion-item\" open>\n\t\t\t\t<summary class=\"e-n-accordion-item-title\" data-accordion-index=\"1\" tabindex=\"0\" aria-expanded=\"true\" aria-controls=\"e-n-accordion-item-1850\" >\n\t\t\t\t\t<span class='e-n-accordion-item-title-header'><div class=\"e-n-accordion-item-title-text\"> Crayctep <\/div><\/span>\n\t\t\t\t\t\t\t<span class='e-n-accordion-item-title-icon'>\n\t\t\t<span class='e-opened' ><svg aria-hidden=\"true\" class=\"e-font-icon-svg e-fas-minus\" viewBox=\"0 0 448 512\" xmlns=\"http:\/\/www.w3.org\/2000\/svg\"><path d=\"M416 208H32c-17.67 0-32 14.33-32 32v32c0 17.67 14.33 32 32 32h384c17.67 0 32-14.33 32-32v-32c0-17.67-14.33-32-32-32z\"><\/path><\/svg><\/span>\n\t\t\t<span class='e-closed'><svg aria-hidden=\"true\" class=\"e-font-icon-svg e-fas-plus\" viewBox=\"0 0 448 512\" xmlns=\"http:\/\/www.w3.org\/2000\/svg\"><path d=\"M416 208H272V64c0-17.67-14.33-32-32-32h-32c-17.67 0-32 14.33-32 32v144H32c-17.67 0-32 14.33-32 32v32c0 17.67 14.33 32 32 32h144v144c0 17.67 14.33 32 32 32h32c17.67 0 32-14.33 32-32V304h144c17.67 0 32-14.33 32-32v-32c0-17.67-14.33-32-32-32z\"><\/path><\/svg><\/span>\n\t\t<\/span>\n\n\t\t\t\t\t\t<\/summary>\n\t\t\t\t<div role=\"region\" aria-labelledby=\"e-n-accordion-item-1850\" class=\"elementor-element elementor-element-bfda538 e-con-full e-flex e-con e-child\" data-id=\"bfda538\" data-element_type=\"container\">\n\t\t<div role=\"region\" aria-labelledby=\"e-n-accordion-item-1850\" class=\"elementor-element elementor-element-2b885e3 e-con-full e-flex e-con e-child\" data-id=\"2b885e3\" data-element_type=\"container\">\n\t\t\t\t<div class=\"elementor-element elementor-element-7f913fd elementor-widget elementor-widget-image\" data-id=\"7f913fd\" data-element_type=\"widget\" data-widget_type=\"image.default\">\n\t\t\t\t<div class=\"elementor-widget-container\">\n\t\t\t\t\t\t\t\t\t\t\t\t\t\t\t<img loading=\"lazy\" decoding=\"async\" width=\"800\" height=\"800\" src=\"https:\/\/www.carmelec.fr\/wp-content\/uploads\/2025\/09\/01-1024x1024.jpg\" class=\"attachment-large size-large wp-image-528\" alt=\"\" srcset=\"https:\/\/www.carmelec.fr\/wp-content\/uploads\/2025\/09\/01-1024x1024.jpg 1024w, https:\/\/www.carmelec.fr\/wp-content\/uploads\/2025\/09\/01-300x300.jpg 300w, https:\/\/www.carmelec.fr\/wp-content\/uploads\/2025\/09\/01-150x150.jpg 150w, https:\/\/www.carmelec.fr\/wp-content\/uploads\/2025\/09\/01-768x768.jpg 768w, https:\/\/www.carmelec.fr\/wp-content\/uploads\/2025\/09\/01-1536x1536.jpg 1536w, https:\/\/www.carmelec.fr\/wp-content\/uploads\/2025\/09\/01.jpg 1771w\" sizes=\"(max-width: 800px) 100vw, 800px\" \/>\t\t\t\t\t\t\t\t\t\t\t\t\t\t\t<\/div>\n\t\t\t\t<\/div>\n\t\t\t\t<\/div>\n\t\t<div role=\"region\" aria-labelledby=\"e-n-accordion-item-1850\" class=\"elementor-element elementor-element-fa4d3aa e-con-full e-flex e-con e-child\" data-id=\"fa4d3aa\" data-element_type=\"container\">\n\t\t\t\t<div class=\"elementor-element elementor-element-d6f4e24 elementor-widget elementor-widget-text-editor\" data-id=\"d6f4e24\" data-element_type=\"widget\" data-widget_type=\"text-editor.default\">\n\t\t\t\t<div class=\"elementor-widget-container\">\n\t\t\t\t\t\t\t\t\t<div><div>Carmelec d\u00e9veloppe des solutions de banc de mesure pour le calcul de l&rsquo;indice de transport (IT) pour les colis radioactifs de type A.<\/div><div>Ces bancs de mesures sont r\u00e9alis\u00e9s sur-mesure afin de s&rsquo;adapter aux contraintes dimensionnelles mais aussi pour obtenir la meilleure solution en mati\u00e8re d&rsquo;ergonomie et de radioprotection.<\/div><\/div><div>\u00a0<\/div>\t\t\t\t\t\t\t\t<\/div>\n\t\t\t\t<\/div>\n\t\t\t\t<\/div>\n\t\t\t\t<\/div>\n\t\t\t\t\t<\/details>\n\t\t\t\t\t\t<details id=\"e-n-accordion-item-1851\" class=\"e-n-accordion-item\" >\n\t\t\t\t<summary class=\"e-n-accordion-item-title\" data-accordion-index=\"2\" tabindex=\"-1\" aria-expanded=\"false\" aria-controls=\"e-n-accordion-item-1851\" >\n\t\t\t\t\t<span class='e-n-accordion-item-title-header'><div class=\"e-n-accordion-item-title-text\"> \u00c9tude <\/div><\/span>\n\t\t\t\t\t\t\t<span class='e-n-accordion-item-title-icon'>\n\t\t\t<span class='e-opened' ><svg aria-hidden=\"true\" class=\"e-font-icon-svg e-fas-minus\" viewBox=\"0 0 448 512\" xmlns=\"http:\/\/www.w3.org\/2000\/svg\"><path d=\"M416 208H32c-17.67 0-32 14.33-32 32v32c0 17.67 14.33 32 32 32h384c17.67 0 32-14.33 32-32v-32c0-17.67-14.33-32-32-32z\"><\/path><\/svg><\/span>\n\t\t\t<span class='e-closed'><svg aria-hidden=\"true\" class=\"e-font-icon-svg e-fas-plus\" viewBox=\"0 0 448 512\" xmlns=\"http:\/\/www.w3.org\/2000\/svg\"><path d=\"M416 208H272V64c0-17.67-14.33-32-32-32h-32c-17.67 0-32 14.33-32 32v144H32c-17.67 0-32 14.33-32 32v32c0 17.67 14.33 32 32 32h144v144c0 17.67 14.33 32 32 32h32c17.67 0 32-14.33 32-32V304h144c17.67 0 32-14.33 32-32v-32c0-17.67-14.33-32-32-32z\"><\/path><\/svg><\/span>\n\t\t<\/span>\n\n\t\t\t\t\t\t<\/summary>\n\t\t\t\t<div role=\"region\" aria-labelledby=\"e-n-accordion-item-1851\" class=\"elementor-element elementor-element-e019ace e-con-full e-flex e-con e-child\" data-id=\"e019ace\" data-element_type=\"container\">\n\t\t\t\t<\/div>\n\t\t\t\t\t<\/details>\n\t\t\t\t\t<\/div>\n\t\t\t\t\t\t<\/div>\n\t\t\t\t<\/div>\n\t\t<div class=\"elementor-element elementor-element-298f92e e-con-full e-flex e-con e-child\" data-id=\"298f92e\" data-element_type=\"container\">\n\t\t\t\t<div class=\"elementor-element elementor-element-1cd2b9d elementor-widget elementor-widget-text-editor\" data-id=\"1cd2b9d\" data-element_type=\"widget\" data-widget_type=\"text-editor.default\">\n\t\t\t\t<div class=\"elementor-widget-container\">\n\t\t\t\t\t\t\t\t\t<p>Carmelec peut r\u00e9aliser toutes sortes d&rsquo;\u00e9tudes en lien avec ces activit\u00e9s historiques. Notre bureau d&rsquo;\u00e9tudes compos\u00e9s de 7 personnes permet de trouver des solutions multi-disciplinaires (\u00e9lectronique, m\u00e9canique, informatique et instrumentation nucl\u00e9aire). N&rsquo;h\u00e9sitez pas \u00e0 nous solliciter.<\/p>\t\t\t\t\t\t\t\t<\/div>\n\t\t\t\t<\/div>\n\t\t\t\t<\/div>\n\t\t\t\t<div class=\"elementor-element elementor-element-4d908b0 elementor-widget elementor-widget-spacer\" data-id=\"4d908b0\" data-element_type=\"widget\" data-widget_type=\"spacer.default\">\n\t\t\t\t<div class=\"elementor-widget-container\">\n\t\t\t\t\t\t\t<div class=\"elementor-spacer\">\n\t\t\t<div class=\"elementor-spacer-inner\"><\/div>\n\t\t<\/div>\n\t\t\t\t\t\t<\/div>\n\t\t\t\t<\/div>\n\t\t\t\t<\/div>\n\t\t\t\t\t<\/div>\n\t\t\t\t<\/div>\n\t\t\t\t<\/div>\n\t\t","protected":false},"excerpt":{"rendered":"<p>Conception\/BE Une \u00e9quipe de 7 personnes au service de vos besoins. Compos\u00e9 de sept ing\u00e9nieurs, le bureau d\u2019\u00e9tudes de Carmelec g\u00e8re la conception et l\u2019industrialisation de nos appareils mais aussi les demandes de r\u00e9alisation sur-mesure. Issu d\u2019univers et de formations diff\u00e9rents, il permettent de couvrir tous les domaines impact\u00e9s : \u00e9lectronique, informatique (logiciel et embarqu\u00e9e), [&hellip;]<\/p>\n","protected":false},"author":1,"featured_media":0,"parent":0,"menu_order":0,"comment_status":"closed","ping_status":"closed","template":"","meta":{"footnotes":""},"class_list":["post-469","page","type-page","status-publish","hentry"],"_links":{"self":[{"href":"https:\/\/www.carmelec.fr\/fr\/wp-json\/wp\/v2\/pages\/469","targetHints":{"allow":["GET"]}}],"collection":[{"href":"https:\/\/www.carmelec.fr\/fr\/wp-json\/wp\/v2\/pages"}],"about":[{"href":"https:\/\/www.carmelec.fr\/fr\/wp-json\/wp\/v2\/types\/page"}],"author":[{"embeddable":true,"href":"https:\/\/www.carmelec.fr\/fr\/wp-json\/wp\/v2\/users\/1"}],"replies":[{"embeddable":true,"href":"https:\/\/www.carmelec.fr\/fr\/wp-json\/wp\/v2\/comments?post=469"}],"version-history":[{"count":34,"href":"https:\/\/www.carmelec.fr\/fr\/wp-json\/wp\/v2\/pages\/469\/revisions"}],"predecessor-version":[{"id":1278,"href":"https:\/\/www.carmelec.fr\/fr\/wp-json\/wp\/v2\/pages\/469\/revisions\/1278"}],"wp:attachment":[{"href":"https:\/\/www.carmelec.fr\/fr\/wp-json\/wp\/v2\/media?parent=469"}],"curies":[{"name":"wp","href":"https:\/\/api.w.org\/{rel}","templated":true}]}}