{"id":622,"date":"2025-09-18T12:08:44","date_gmt":"2025-09-18T10:08:44","guid":{"rendered":"http:\/\/carmelec.local\/?page_id=622"},"modified":"2025-09-24T15:46:21","modified_gmt":"2025-09-24T13:46:21","slug":"qhse","status":"publish","type":"page","link":"https:\/\/www.carmelec.fr\/fr\/qhse\/","title":{"rendered":"Sant\u00e9 et s\u00e9curit\u00e9 (QHSE)"},"content":{"rendered":"\t\t<div data-elementor-type=\"wp-page\" data-elementor-id=\"622\" class=\"elementor elementor-622\" data-elementor-post-type=\"page\">\n\t\t\t\t<div class=\"elementor-element elementor-element-cce2dee e-flex e-con-boxed e-con e-parent\" data-id=\"cce2dee\" data-element_type=\"container\" data-settings=\"{&quot;background_background&quot;:&quot;classic&quot;}\">\n\t\t\t\t\t<div class=\"e-con-inner\">\n\t\t<div class=\"elementor-element elementor-element-292cc3e5 e-con-full e-flex e-con e-child\" data-id=\"292cc3e5\" data-element_type=\"container\">\n\t\t\t\t<div class=\"elementor-element elementor-element-e53f69c elementor-headline--style-highlight elementor-widget elementor-widget-animated-headline\" data-id=\"e53f69c\" data-element_type=\"widget\" data-settings=\"{&quot;marker&quot;:&quot;underline&quot;,&quot;highlighted_text&quot;:&quot;Sant\\u00e9 et s\\u00e9curit\\u00e9 (QHSE)&quot;,&quot;headline_style&quot;:&quot;highlight&quot;,&quot;highlight_animation_duration&quot;:1200}\" data-widget_type=\"animated-headline.default\">\n\t\t\t\t<div class=\"elementor-widget-container\">\n\t\t\t\t\t\t\t<h3 class=\"elementor-headline\">\n\t\t\t\t<span class=\"elementor-headline-dynamic-wrapper elementor-headline-text-wrapper\">\n\t\t\t\t\t<span class=\"elementor-headline-dynamic-text elementor-headline-text-active\">Sant\u00e9 et s\u00e9curit\u00e9 (QHSE)<\/span>\n\t\t\t\t<\/span>\n\t\t\t\t<\/h3>\n\t\t\t\t\t\t<\/div>\n\t\t\t\t<\/div>\n\t\t\t\t<\/div>\n\t\t<div class=\"elementor-element elementor-element-482fcc66 e-grid e-con-full e-con e-child\" data-id=\"482fcc66\" data-element_type=\"container\">\n\t\t<div class=\"elementor-element elementor-element-5898c75a e-con-full e-flex e-con e-child\" data-id=\"5898c75a\" data-element_type=\"container\" data-settings=\"{&quot;background_background&quot;:&quot;classic&quot;}\">\n\t\t\t\t<div class=\"elementor-element elementor-element-19835410 e-transform elementor-widget elementor-widget-image\" data-id=\"19835410\" data-element_type=\"widget\" data-settings=\"{&quot;_animation&quot;:&quot;none&quot;,&quot;_transform_scale_effect_hover&quot;:{&quot;unit&quot;:&quot;px&quot;,&quot;size&quot;:1.05,&quot;sizes&quot;:[]},&quot;_transform_scale_effect_hover_tablet&quot;:{&quot;unit&quot;:&quot;px&quot;,&quot;size&quot;:&quot;&quot;,&quot;sizes&quot;:[]},&quot;_transform_scale_effect_hover_mobile&quot;:{&quot;unit&quot;:&quot;px&quot;,&quot;size&quot;:&quot;&quot;,&quot;sizes&quot;:[]}}\" data-widget_type=\"image.default\">\n\t\t\t\t<div class=\"elementor-widget-container\">\n\t\t\t\t\t\t\t\t\t\t\t\t\t\t\t<img decoding=\"async\" width=\"104\" height=\"300\" src=\"https:\/\/www.carmelec.fr\/wp-content\/uploads\/2025\/09\/Arthemis-v2-104x300.png\" class=\"attachment-medium size-medium wp-image-624\" alt=\"\" srcset=\"https:\/\/www.carmelec.fr\/wp-content\/uploads\/2025\/09\/Arthemis-v2-104x300.png 104w, https:\/\/www.carmelec.fr\/wp-content\/uploads\/2025\/09\/Arthemis-v2.png 446w\" sizes=\"(max-width: 104px) 100vw, 104px\" \/>\t\t\t\t\t\t\t\t\t\t\t\t\t\t\t<\/div>\n\t\t\t\t<\/div>\n\t\t\t\t<div class=\"elementor-element elementor-element-50d2cb96 elementor-widget elementor-widget-heading\" data-id=\"50d2cb96\" data-element_type=\"widget\" data-widget_type=\"heading.default\">\n\t\t\t\t<div class=\"elementor-widget-container\">\n\t\t\t\t\t<h2 class=\"elementor-heading-title elementor-size-default\">Arthemis<\/h2>\t\t\t\t<\/div>\n\t\t\t\t<\/div>\n\t\t\t\t<div class=\"elementor-element elementor-element-49cd8a2 elementor-widget elementor-widget-text-editor\" data-id=\"49cd8a2\" data-element_type=\"widget\" data-widget_type=\"text-editor.default\">\n\t\t\t\t<div class=\"elementor-widget-container\">\n\t\t\t\t\t\t\t\t\t<div class=\"wpb_text_column wpb_content_element  descriptionProduit\"><div class=\"wpb_wrapper\"><p><span class=\"markedContent\"><span dir=\"ltr\" role=\"presentation\">Balise de mesure d\u2019ambiance thermique<\/span><\/span><\/p><\/div><\/div>\t\t\t\t\t\t\t\t<\/div>\n\t\t\t\t<\/div>\n\t\t\t\t<div class=\"elementor-element elementor-element-435ae34 elementor-align-center elementor-widget elementor-widget-button\" data-id=\"435ae34\" data-element_type=\"widget\" data-widget_type=\"button.default\">\n\t\t\t\t<div class=\"elementor-widget-container\">\n\t\t\t\t\t\t\t\t\t<div class=\"elementor-button-wrapper\">\n\t\t\t\t\t<a class=\"elementor-button elementor-button-link elementor-size-sm\" href=\"\/arthemis\/\">\n\t\t\t\t\t\t<span class=\"elementor-button-content-wrapper\">\n\t\t\t\t\t\t\t\t\t<span class=\"elementor-button-text\">En savoir +<\/span>\n\t\t\t\t\t<\/span>\n\t\t\t\t\t<\/a>\n\t\t\t\t<\/div>\n\t\t\t\t\t\t\t\t<\/div>\n\t\t\t\t<\/div>\n\t\t\t\t<\/div>\n\t\t\t\t<\/div>\n\t\t\t\t\t<\/div>\n\t\t\t\t<\/div>\n\t\t\t\t<\/div>\n\t\t","protected":false},"excerpt":{"rendered":"<p>Sant\u00e9 et s\u00e9curit\u00e9 (QHSE) Arthemis Balise de mesure d\u2019ambiance thermique En savoir +<\/p>\n","protected":false},"author":1,"featured_media":0,"parent":0,"menu_order":0,"comment_status":"closed","ping_status":"closed","template":"","meta":{"footnotes":""},"class_list":["post-622","page","type-page","status-publish","hentry"],"_links":{"self":[{"href":"https:\/\/www.carmelec.fr\/fr\/wp-json\/wp\/v2\/pages\/622","targetHints":{"allow":["GET"]}}],"collection":[{"href":"https:\/\/www.carmelec.fr\/fr\/wp-json\/wp\/v2\/pages"}],"about":[{"href":"https:\/\/www.carmelec.fr\/fr\/wp-json\/wp\/v2\/types\/page"}],"author":[{"embeddable":true,"href":"https:\/\/www.carmelec.fr\/fr\/wp-json\/wp\/v2\/users\/1"}],"replies":[{"embeddable":true,"href":"https:\/\/www.carmelec.fr\/fr\/wp-json\/wp\/v2\/comments?post=622"}],"version-history":[{"count":10,"href":"https:\/\/www.carmelec.fr\/fr\/wp-json\/wp\/v2\/pages\/622\/revisions"}],"predecessor-version":[{"id":910,"href":"https:\/\/www.carmelec.fr\/fr\/wp-json\/wp\/v2\/pages\/622\/revisions\/910"}],"wp:attachment":[{"href":"https:\/\/www.carmelec.fr\/fr\/wp-json\/wp\/v2\/media?parent=622"}],"curies":[{"name":"wp","href":"https:\/\/api.w.org\/{rel}","templated":true}]}}