{"id":645,"date":"2025-09-18T12:29:16","date_gmt":"2025-09-18T10:29:16","guid":{"rendered":"http:\/\/carmelec.local\/?page_id=645"},"modified":"2026-01-12T10:09:20","modified_gmt":"2026-01-12T09:09:20","slug":"arthemis","status":"publish","type":"page","link":"https:\/\/www.carmelec.fr\/fr\/arthemis\/","title":{"rendered":"Arthemis"},"content":{"rendered":"\t\t<div data-elementor-type=\"wp-page\" data-elementor-id=\"645\" class=\"elementor elementor-645\" data-elementor-post-type=\"page\">\n\t\t\t\t<div class=\"elementor-element elementor-element-6cbfca1a e-flex e-con-boxed e-con e-parent\" data-id=\"6cbfca1a\" data-element_type=\"container\" data-settings=\"{&quot;background_background&quot;:&quot;classic&quot;}\">\n\t\t\t\t\t<div class=\"e-con-inner\">\n\t\t<div class=\"elementor-element elementor-element-3d6d065b e-grid e-con-full e-con e-child\" data-id=\"3d6d065b\" data-element_type=\"container\">\n\t\t<div class=\"elementor-element elementor-element-6f83759e e-con-full e-flex e-con e-child\" data-id=\"6f83759e\" data-element_type=\"container\">\n\t\t\t\t<div class=\"elementor-element elementor-element-fe0867b elementor-headline--style-highlight elementor-widget elementor-widget-animated-headline\" data-id=\"fe0867b\" data-element_type=\"widget\" data-settings=\"{&quot;marker&quot;:&quot;underline&quot;,&quot;highlighted_text&quot;:&quot;Arthemis&quot;,&quot;headline_style&quot;:&quot;highlight&quot;,&quot;highlight_animation_duration&quot;:1200}\" data-widget_type=\"animated-headline.default\">\n\t\t\t\t<div class=\"elementor-widget-container\">\n\t\t\t\t\t\t\t<h2 class=\"elementor-headline\">\n\t\t\t\t<span class=\"elementor-headline-dynamic-wrapper elementor-headline-text-wrapper\">\n\t\t\t\t\t<span class=\"elementor-headline-dynamic-text elementor-headline-text-active\">Arthemis<\/span>\n\t\t\t\t<\/span>\n\t\t\t\t<\/h2>\n\t\t\t\t\t\t<\/div>\n\t\t\t\t<\/div>\n\t\t\t\t<div class=\"elementor-element elementor-element-239cc707 elementor-widget elementor-widget-heading\" data-id=\"239cc707\" data-element_type=\"widget\" data-widget_type=\"heading.default\">\n\t\t\t\t<div class=\"elementor-widget-container\">\n\t\t\t\t\t<h3 class=\"elementor-heading-title elementor-size-default\">Appareil de Relev\u00e9 de la Temp\u00e9rature, l\u2019Humidit\u00e9 relative\net l\u2019\u00c9coulement d\u2019air pour la Mesure d\u2019un Indice de S\u00e9curit\u00e9<\/h3>\t\t\t\t<\/div>\n\t\t\t\t<\/div>\n\t\t\t\t<div class=\"elementor-element elementor-element-1ffabeea elementor-widget elementor-widget-text-editor\" data-id=\"1ffabeea\" data-element_type=\"widget\" data-widget_type=\"text-editor.default\">\n\t\t\t\t<div class=\"elementor-widget-container\">\n\t\t\t\t\t\t\t\t\t<p>Cet appareil est destin\u00e9 \u00e0 la mesure de d\u00e9bit d\u2019\u00e9quivalent de dose gamma, notamment pour les intervenants en centrale nucl\u00e9aire. Sa simplicit\u00e9 le rend utilisable par un large public. Ses dimensions, son autonomie de 400 heures et sa r\u00e9sistance aux chutes et \u00e0 l\u2019immersion en font un outil \u00e0 la fois sobre et robuste.<\/p>\t\t\t\t\t\t\t\t<\/div>\n\t\t\t\t<\/div>\n\t\t\t\t<\/div>\n\t\t\t\t<div class=\"elementor-element elementor-element-7f18d226 elementor-widget elementor-widget-image\" data-id=\"7f18d226\" data-element_type=\"widget\" data-widget_type=\"image.default\">\n\t\t\t\t<div class=\"elementor-widget-container\">\n\t\t\t\t\t\t\t\t\t\t\t\t\t\t\t<img decoding=\"async\" width=\"104\" height=\"300\" src=\"https:\/\/www.carmelec.fr\/wp-content\/uploads\/2025\/09\/Arthemis-v2-104x300.png\" class=\"attachment-medium size-medium wp-image-624\" alt=\"\" srcset=\"https:\/\/www.carmelec.fr\/wp-content\/uploads\/2025\/09\/Arthemis-v2-104x300.png 104w, https:\/\/www.carmelec.fr\/wp-content\/uploads\/2025\/09\/Arthemis-v2.png 446w\" sizes=\"(max-width: 104px) 100vw, 104px\" \/>\t\t\t\t\t\t\t\t\t\t\t\t\t\t\t<\/div>\n\t\t\t\t<\/div>\n\t\t\t\t<\/div>\n\t\t<div class=\"elementor-element elementor-element-0eed512 e-con-full e-flex e-con e-child\" data-id=\"0eed512\" data-element_type=\"container\">\n\t\t\t\t<div class=\"elementor-element elementor-element-01f8bc4 elementor-headline--style-highlight elementor-widget elementor-widget-animated-headline\" data-id=\"01f8bc4\" data-element_type=\"widget\" data-settings=\"{&quot;marker&quot;:&quot;curly&quot;,&quot;highlighted_text&quot;:&quot;Documentations&quot;,&quot;headline_style&quot;:&quot;highlight&quot;,&quot;loop&quot;:&quot;yes&quot;,&quot;highlight_animation_duration&quot;:1200,&quot;highlight_iteration_delay&quot;:8000}\" data-widget_type=\"animated-headline.default\">\n\t\t\t\t<div class=\"elementor-widget-container\">\n\t\t\t\t\t\t\t<h3 class=\"elementor-headline\">\n\t\t\t\t<span class=\"elementor-headline-dynamic-wrapper elementor-headline-text-wrapper\">\n\t\t\t\t\t<span class=\"elementor-headline-dynamic-text elementor-headline-text-active\">Documentations<\/span>\n\t\t\t\t<\/span>\n\t\t\t\t<\/h3>\n\t\t\t\t\t\t<\/div>\n\t\t\t\t<\/div>\n\t\t<div class=\"elementor-element elementor-element-2a475b5 e-con-full e-flex e-con e-child\" data-id=\"2a475b5\" data-element_type=\"container\">\n\t\t\t\t<div class=\"elementor-element elementor-element-6547cf9 e-transform elementor-widget elementor-widget-html\" data-id=\"6547cf9\" data-element_type=\"widget\" data-settings=\"{&quot;_transform_scale_effect_hover&quot;:{&quot;unit&quot;:&quot;px&quot;,&quot;size&quot;:1.1,&quot;sizes&quot;:[]},&quot;_transform_scale_effect_hover_tablet&quot;:{&quot;unit&quot;:&quot;px&quot;,&quot;size&quot;:&quot;&quot;,&quot;sizes&quot;:[]},&quot;_transform_scale_effect_hover_mobile&quot;:{&quot;unit&quot;:&quot;px&quot;,&quot;size&quot;:&quot;&quot;,&quot;sizes&quot;:[]}}\" data-link=\"\/wp-content\/uploads\/carmelec\/documentations\/DC-Fiche_Arthemis.pdf\" data-target=\"_blank\" data-widget_type=\"html.default\">\n\t\t\t\t<div class=\"elementor-widget-container\">\n\t\t\t\t\t<div class=\"image-wrapper\">\r\n  <div\r\n    class=\"img-hover-container\"\r\n    role=\"link\"\r\n    tabindex=\"0\"\r\n    aria-label=\"Ouvrir la notice\"\r\n  >\r\n    <img decoding=\"async\"\r\n      src=\"\/wp-content\/uploads\/animated\/notice\/fr_colored.png\"\r\n      class=\"top img-scale\"\r\n      alt=\"\"\r\n    \/>\r\n    <img decoding=\"async\"\r\n      src=\"\/wp-content\/uploads\/animated\/notice\/fr_empty.png\"\r\n      class=\"img-scale\"\r\n      alt=\"\"\r\n    \/>\r\n  <\/div>\r\n<\/div>\r\n\r\n<script>\r\n(function () {\r\n  function getLinkEl(target) {\r\n    return target.closest('[data-link]')\r\n  }\r\n\r\n  function openFrom(el) {\r\n    const raw = (el.getAttribute('data-link') || '').trim();\r\n    if (!raw) return;\r\n\r\n    const url = raw.startsWith('http') ? raw : (location.origin + raw);\r\n    const target = el.getAttribute('data-target') || '_self';\r\n\r\n    window.open(url, target);\r\n  }\r\n\r\n  \/\/ Clic souris \/ tactile (capture = vrai pour \u00eatre prioritaire)\r\n  document.addEventListener('click', function (e) {\r\n    const el = getLinkEl(e.target);\r\n    if (!el) return;\r\n    e.preventDefault();\r\n    openFrom(el);\r\n  }, true);\r\n\r\n  \/\/ Clavier (Entr\u00e9e \/ Espace)\r\n  document.addEventListener('keydown', function (e) {\r\n    if (e.key !== 'Enter' && e.key !== ' ') return;\r\n    const el = getLinkEl(document.activeElement);\r\n    if (!el) return;\r\n    e.preventDefault();\r\n    openFrom(el);\r\n  }, true);\r\n})();\r\n<\/script>\r\n\r\n\r\n\t\t\t\t<\/div>\n\t\t\t\t<\/div>\n\t\t\t\t<\/div>\n\t\t\t\t<\/div>\n\t\t\t\t\t<\/div>\n\t\t\t\t<\/div>\n\t\t<div class=\"elementor-element elementor-element-71b92c4e e-flex e-con-boxed e-con e-parent\" data-id=\"71b92c4e\" data-element_type=\"container\">\n\t\t\t\t\t<div class=\"e-con-inner\">\n\t\t\t\t<div class=\"elementor-element elementor-element-706ea65d elementor-widget elementor-widget-spacer\" data-id=\"706ea65d\" data-element_type=\"widget\" data-widget_type=\"spacer.default\">\n\t\t\t\t<div class=\"elementor-widget-container\">\n\t\t\t\t\t\t\t<div class=\"elementor-spacer\">\n\t\t\t<div class=\"elementor-spacer-inner\"><\/div>\n\t\t<\/div>\n\t\t\t\t\t\t<\/div>\n\t\t\t\t<\/div>\n\t\t\t\t<div class=\"elementor-element elementor-element-7afd1300 elementor-headline--style-highlight elementor-widget elementor-widget-animated-headline\" data-id=\"7afd1300\" data-element_type=\"widget\" data-settings=\"{&quot;marker&quot;:&quot;double&quot;,&quot;highlighted_text&quot;:&quot;Caract\\u00e9ristique technique&quot;,&quot;headline_style&quot;:&quot;highlight&quot;,&quot;highlight_animation_duration&quot;:1200}\" data-widget_type=\"animated-headline.default\">\n\t\t\t\t<div class=\"elementor-widget-container\">\n\t\t\t\t\t\t\t<h2 class=\"elementor-headline\">\n\t\t\t\t<span class=\"elementor-headline-dynamic-wrapper elementor-headline-text-wrapper\">\n\t\t\t\t\t<span class=\"elementor-headline-dynamic-text elementor-headline-text-active\">Caract\u00e9ristique technique<\/span>\n\t\t\t\t<\/span>\n\t\t\t\t<\/h2>\n\t\t\t\t\t\t<\/div>\n\t\t\t\t<\/div>\n\t\t<div class=\"elementor-element elementor-element-39f1ca47 e-con-full e-flex e-con e-child\" data-id=\"39f1ca47\" data-element_type=\"container\">\n\t\t<div class=\"elementor-element elementor-element-779e86ed e-con-full e-flex e-con e-child\" data-id=\"779e86ed\" data-element_type=\"container\">\n\t\t<div class=\"elementor-element elementor-element-2315e332 e-grid e-con-full e-con e-child\" data-id=\"2315e332\" data-element_type=\"container\">\n\t\t<div class=\"elementor-element elementor-element-7a2fe3d7 e-con-full e-flex e-con e-child\" data-id=\"7a2fe3d7\" data-element_type=\"container\">\n\t\t<div class=\"elementor-element elementor-element-7f341dc8 e-con-full e-flex e-con e-child\" data-id=\"7f341dc8\" data-element_type=\"container\">\n\t\t\t\t<div class=\"elementor-element elementor-element-386bd3a8 elementor-widget elementor-widget-image\" data-id=\"386bd3a8\" data-element_type=\"widget\" data-widget_type=\"image.default\">\n\t\t\t\t<div class=\"elementor-widget-container\">\n\t\t\t\t\t\t\t\t\t\t\t\t\t\t\t<img decoding=\"async\" width=\"150\" height=\"150\" src=\"https:\/\/www.carmelec.fr\/wp-content\/uploads\/2025\/06\/vision-2-150x150.png\" class=\"attachment-thumbnail size-thumbnail wp-image-159\" alt=\"\" srcset=\"https:\/\/www.carmelec.fr\/wp-content\/uploads\/2025\/06\/vision-2-150x150.png 150w, https:\/\/www.carmelec.fr\/wp-content\/uploads\/2025\/06\/vision-2-300x300.png 300w, https:\/\/www.carmelec.fr\/wp-content\/uploads\/2025\/06\/vision-2.png 512w\" sizes=\"(max-width: 150px) 100vw, 150px\" \/>\t\t\t\t\t\t\t\t\t\t\t\t\t\t\t<\/div>\n\t\t\t\t<\/div>\n\t\t\t\t<\/div>\n\t\t<div class=\"elementor-element elementor-element-7e947e8a e-con-full e-flex e-con e-child\" data-id=\"7e947e8a\" data-element_type=\"container\">\n\t\t\t\t<div class=\"elementor-element elementor-element-199d4a17 elementor-widget elementor-widget-heading\" data-id=\"199d4a17\" data-element_type=\"widget\" data-widget_type=\"heading.default\">\n\t\t\t\t<div class=\"elementor-widget-container\">\n\t\t\t\t\t<h3 class=\"elementor-heading-title elementor-size-default\">Caract\u00e9ristiques de mesure<\/h3>\t\t\t\t<\/div>\n\t\t\t\t<\/div>\n\t\t<div class=\"elementor-element elementor-element-10d8dc9 e-grid e-con-full e-con e-child\" data-id=\"10d8dc9\" data-element_type=\"container\">\n\t\t\t\t<div class=\"elementor-element elementor-element-286cba6 elementor-widget elementor-widget-text-editor\" data-id=\"286cba6\" data-element_type=\"widget\" data-widget_type=\"text-editor.default\">\n\t\t\t\t<div class=\"elementor-widget-container\">\n\t\t\t\t\t\t\t\t\t<div class=\"row\"><div class=\"span4\">Temp. ambiante :<\/div><\/div><div class=\"row\"><div class=\"span4\">Temp. rayonnante :<\/div><\/div><div class=\"row\"><div class=\"span4\">Humidit\u00e9 relative :<\/div><\/div><div class=\"row\"><div class=\"span4\">Vitesse de l\u2019air :<\/div><\/div>\t\t\t\t\t\t\t\t<\/div>\n\t\t\t\t<\/div>\n\t\t\t\t<div class=\"elementor-element elementor-element-932ed03 elementor-widget elementor-widget-text-editor\" data-id=\"932ed03\" data-element_type=\"widget\" data-widget_type=\"text-editor.default\">\n\t\t\t\t<div class=\"elementor-widget-container\">\n\t\t\t\t\t\t\t\t\t<div class=\"row\"><div class=\"span4\">Gamme : 15 \u00e0 60 \u00b0C<\/div><\/div><div class=\"row\"><div class=\"span4\">Gamme : 15 \u00e0 60 \u00b0C<\/div><\/div><div class=\"row\"><div class=\"span4\">Gamme : 0 \u00e0 100 %<\/div><\/div><div class=\"row\"><div class=\"span4\">Gamme : 0 \u00e0 3 m\/s<\/div><div class=\"span4\">\u00a0<\/div><\/div>\t\t\t\t\t\t\t\t<\/div>\n\t\t\t\t<\/div>\n\t\t\t\t<div class=\"elementor-element elementor-element-e515bf6 elementor-widget elementor-widget-text-editor\" data-id=\"e515bf6\" data-element_type=\"widget\" data-widget_type=\"text-editor.default\">\n\t\t\t\t<div class=\"elementor-widget-container\">\n\t\t\t\t\t\t\t\t\t<div class=\"row\"><div class=\"span4\">R\u00e9solution : 0,1 \u00b0C<\/div><\/div><div class=\"row\"><div class=\"span4\">R\u00e9solution : 0,1 \u00b0C<\/div><\/div><div class=\"row\"><div class=\"span4\">R\u00e9solution : 0,1 %<\/div><\/div><div class=\"row\"><div class=\"span4\">R\u00e9solution : 0,01 m\/s<\/div><\/div>\t\t\t\t\t\t\t\t<\/div>\n\t\t\t\t<\/div>\n\t\t\t\t<\/div>\n\t\t\t\t<\/div>\n\t\t\t\t<\/div>\n\t\t<div class=\"elementor-element elementor-element-10fdef2f e-con-full e-flex e-con e-child\" data-id=\"10fdef2f\" data-element_type=\"container\">\n\t\t<div class=\"elementor-element elementor-element-3ebf9041 e-con-full e-flex e-con e-child\" data-id=\"3ebf9041\" data-element_type=\"container\">\n\t\t\t\t<div class=\"elementor-element elementor-element-6ebda58b elementor-widget elementor-widget-image\" data-id=\"6ebda58b\" data-element_type=\"widget\" data-widget_type=\"image.default\">\n\t\t\t\t<div class=\"elementor-widget-container\">\n\t\t\t\t\t\t\t\t\t\t\t\t\t\t\t<img decoding=\"async\" width=\"150\" height=\"150\" src=\"https:\/\/www.carmelec.fr\/wp-content\/uploads\/2025\/06\/parametre-150x150.png\" class=\"attachment-thumbnail size-thumbnail wp-image-165\" alt=\"\" srcset=\"https:\/\/www.carmelec.fr\/wp-content\/uploads\/2025\/06\/parametre-150x150.png 150w, https:\/\/www.carmelec.fr\/wp-content\/uploads\/2025\/06\/parametre-300x300.png 300w, https:\/\/www.carmelec.fr\/wp-content\/uploads\/2025\/06\/parametre.png 512w\" sizes=\"(max-width: 150px) 100vw, 150px\" \/>\t\t\t\t\t\t\t\t\t\t\t\t\t\t\t<\/div>\n\t\t\t\t<\/div>\n\t\t\t\t<\/div>\n\t\t<div class=\"elementor-element elementor-element-7d95a4df e-con-full e-flex e-con e-child\" data-id=\"7d95a4df\" data-element_type=\"container\">\n\t\t\t\t<div class=\"elementor-element elementor-element-4e74bb76 elementor-widget elementor-widget-heading\" data-id=\"4e74bb76\" data-element_type=\"widget\" data-widget_type=\"heading.default\">\n\t\t\t\t<div class=\"elementor-widget-container\">\n\t\t\t\t\t<h3 class=\"elementor-heading-title elementor-size-default\">Caract\u00e9ristiques m\u00e9caniques et environnementales\u200b<\/h3>\t\t\t\t<\/div>\n\t\t\t\t<\/div>\n\t\t\t\t<div class=\"elementor-element elementor-element-24fa0d2e elementor-widget elementor-widget-text-editor\" data-id=\"24fa0d2e\" data-element_type=\"widget\" data-widget_type=\"text-editor.default\">\n\t\t\t\t<div class=\"elementor-widget-container\">\n\t\t\t\t\t\t\t\t\t<ul><li>Temp\u00e9rature d\u2019utilisation : 0 \u00e0 60 \u00b0C<\/li><li>Dimensions : 525 x 160 x 160 mm<\/li><li>Masse : 2 kg<\/li><li>Bo\u00eetier : Polycarbonate et<\/li><li>Polyur\u00e9thane<\/li><li>Transport : Poign\u00e9e int\u00e9gr\u00e9e<\/li><\/ul>\t\t\t\t\t\t\t\t<\/div>\n\t\t\t\t<\/div>\n\t\t\t\t<\/div>\n\t\t\t\t<\/div>\n\t\t<div class=\"elementor-element elementor-element-3e108a74 e-con-full e-flex e-con e-child\" data-id=\"3e108a74\" data-element_type=\"container\">\n\t\t<div class=\"elementor-element elementor-element-10155f2b e-con-full e-flex e-con e-child\" data-id=\"10155f2b\" data-element_type=\"container\">\n\t\t\t\t<div class=\"elementor-element elementor-element-305349d7 elementor-widget elementor-widget-image\" data-id=\"305349d7\" data-element_type=\"widget\" data-widget_type=\"image.default\">\n\t\t\t\t<div class=\"elementor-widget-container\">\n\t\t\t\t\t\t\t\t\t\t\t\t\t\t\t<img loading=\"lazy\" decoding=\"async\" width=\"150\" height=\"150\" src=\"https:\/\/www.carmelec.fr\/wp-content\/uploads\/2025\/06\/eclair-150x150.png\" class=\"attachment-thumbnail size-thumbnail wp-image-166\" alt=\"\" srcset=\"https:\/\/www.carmelec.fr\/wp-content\/uploads\/2025\/06\/eclair-150x150.png 150w, https:\/\/www.carmelec.fr\/wp-content\/uploads\/2025\/06\/eclair-300x300.png 300w, https:\/\/www.carmelec.fr\/wp-content\/uploads\/2025\/06\/eclair.png 512w\" sizes=\"(max-width: 150px) 100vw, 150px\" \/>\t\t\t\t\t\t\t\t\t\t\t\t\t\t\t<\/div>\n\t\t\t\t<\/div>\n\t\t\t\t<\/div>\n\t\t<div class=\"elementor-element elementor-element-7da7c065 e-con-full e-flex e-con e-child\" data-id=\"7da7c065\" data-element_type=\"container\">\n\t\t\t\t<div class=\"elementor-element elementor-element-2a80bf42 elementor-widget elementor-widget-heading\" data-id=\"2a80bf42\" data-element_type=\"widget\" data-widget_type=\"heading.default\">\n\t\t\t\t<div class=\"elementor-widget-container\">\n\t\t\t\t\t<h3 class=\"elementor-heading-title elementor-size-default\">Caract\u00e9ristiques \u00e9lectriques\u200b<\/h3>\t\t\t\t<\/div>\n\t\t\t\t<\/div>\n\t\t\t\t<div class=\"elementor-element elementor-element-1acad465 elementor-widget elementor-widget-text-editor\" data-id=\"1acad465\" data-element_type=\"widget\" data-widget_type=\"text-editor.default\">\n\t\t\t\t<div class=\"elementor-widget-container\">\n\t\t\t\t\t\t\t\t\t<ul><li>Alimentation hors secteur : batterie interne Li-Ion (38,1 Wh)<\/li><li>Alimentation secteur : Chargeur fourni (12 V \u2013 7 W) DC<\/li><li>Alimentation PoE : IEEE802.3af\/PoE class 0<\/li><li>Autonomie : jusqu\u2019\u00e0 450 h (connectivit\u00e9 Modbus, \u00e9cran \u00e9teint)<\/li><\/ul>\t\t\t\t\t\t\t\t<\/div>\n\t\t\t\t<\/div>\n\t\t\t\t<\/div>\n\t\t\t\t<\/div>\n\t\t<div class=\"elementor-element elementor-element-e9a4a34 e-con-full e-flex e-con e-child\" data-id=\"e9a4a34\" data-element_type=\"container\">\n\t\t<div class=\"elementor-element elementor-element-5bc7e07 e-con-full e-flex e-con e-child\" data-id=\"5bc7e07\" data-element_type=\"container\">\n\t\t\t\t<div class=\"elementor-element elementor-element-205c372 elementor-widget elementor-widget-image\" data-id=\"205c372\" data-element_type=\"widget\" data-widget_type=\"image.default\">\n\t\t\t\t<div class=\"elementor-widget-container\">\n\t\t\t\t\t\t\t\t\t\t\t\t\t\t\t<img loading=\"lazy\" decoding=\"async\" width=\"150\" height=\"150\" src=\"https:\/\/www.carmelec.fr\/wp-content\/uploads\/2025\/06\/eclair-150x150.png\" class=\"attachment-thumbnail size-thumbnail wp-image-166\" alt=\"\" srcset=\"https:\/\/www.carmelec.fr\/wp-content\/uploads\/2025\/06\/eclair-150x150.png 150w, https:\/\/www.carmelec.fr\/wp-content\/uploads\/2025\/06\/eclair-300x300.png 300w, https:\/\/www.carmelec.fr\/wp-content\/uploads\/2025\/06\/eclair.png 512w\" sizes=\"(max-width: 150px) 100vw, 150px\" \/>\t\t\t\t\t\t\t\t\t\t\t\t\t\t\t<\/div>\n\t\t\t\t<\/div>\n\t\t\t\t<\/div>\n\t\t<div class=\"elementor-element elementor-element-a26badb e-con-full e-flex e-con e-child\" data-id=\"a26badb\" data-element_type=\"container\">\n\t\t\t\t<div class=\"elementor-element elementor-element-1d366d3 elementor-widget elementor-widget-heading\" data-id=\"1d366d3\" data-element_type=\"widget\" data-widget_type=\"heading.default\">\n\t\t\t\t<div class=\"elementor-widget-container\">\n\t\t\t\t\t<h3 class=\"elementor-heading-title elementor-size-default\">Caract\u00e9ristiques de connectivit\u00e9<\/h3>\t\t\t\t<\/div>\n\t\t\t\t<\/div>\n\t\t\t\t<div class=\"elementor-element elementor-element-aa21aa2 elementor-widget elementor-widget-text-editor\" data-id=\"aa21aa2\" data-element_type=\"widget\" data-widget_type=\"text-editor.default\">\n\t\t\t\t<div class=\"elementor-widget-container\">\n\t\t\t\t\t\t\t\t\t<ul><li>Liaison r\u00e9seau DB9 : RS-485 \u2013 ModBus RTU<\/li><li>Liaison r\u00e9seau RJ45 : Ethernet \u2013 ModBus TCP\/IP<\/li><li>Liaison radio : Wi-Fi \u2013 ModBus TCP\/IP<\/li><li>Fr\u00e9quence : 2,4 GHz Puissance maximale : 50 mW<\/li><li>R\u00e9cup\u00e9ration des donn\u00e9es : Cl\u00e9 USB ou logiciel CarmUtil<\/li><\/ul>\t\t\t\t\t\t\t\t<\/div>\n\t\t\t\t<\/div>\n\t\t\t\t<\/div>\n\t\t\t\t<\/div>\n\t\t\t\t<\/div>\n\t\t\t\t<\/div>\n\t\t<div class=\"elementor-element elementor-element-200ec52d e-con-full e-flex e-con e-child\" data-id=\"200ec52d\" data-element_type=\"container\">\n\t\t<div class=\"elementor-element elementor-element-59ff8b9a e-con-full e-flex e-con e-child\" data-id=\"59ff8b9a\" data-element_type=\"container\">\n\t\t<div class=\"elementor-element elementor-element-22f7177d e-con-full e-flex e-con e-child\" data-id=\"22f7177d\" data-element_type=\"container\">\n\t\t\t\t<div class=\"elementor-element elementor-element-4a34ca36 elementor-widget elementor-widget-image\" data-id=\"4a34ca36\" data-element_type=\"widget\" data-widget_type=\"image.default\">\n\t\t\t\t<div class=\"elementor-widget-container\">\n\t\t\t\t\t\t\t\t\t\t\t\t\t\t\t<img loading=\"lazy\" decoding=\"async\" width=\"150\" height=\"150\" src=\"https:\/\/www.carmelec.fr\/wp-content\/uploads\/2025\/06\/batterie-1-150x150.png\" class=\"attachment-thumbnail size-thumbnail wp-image-161\" alt=\"\" srcset=\"https:\/\/www.carmelec.fr\/wp-content\/uploads\/2025\/06\/batterie-1-150x150.png 150w, https:\/\/www.carmelec.fr\/wp-content\/uploads\/2025\/06\/batterie-1-300x300.png 300w, https:\/\/www.carmelec.fr\/wp-content\/uploads\/2025\/06\/batterie-1.png 512w\" sizes=\"(max-width: 150px) 100vw, 150px\" \/>\t\t\t\t\t\t\t\t\t\t\t\t\t\t\t<\/div>\n\t\t\t\t<\/div>\n\t\t\t\t<div class=\"elementor-element elementor-element-68382053 elementor-widget elementor-widget-heading\" data-id=\"68382053\" data-element_type=\"widget\" data-widget_type=\"heading.default\">\n\t\t\t\t<div class=\"elementor-widget-container\">\n\t\t\t\t\t<h4 class=\"elementor-heading-title elementor-size-default\">450H<\/h4>\t\t\t\t<\/div>\n\t\t\t\t<\/div>\n\t\t\t\t<\/div>\n\t\t<div class=\"elementor-element elementor-element-7af1ad65 e-con-full e-flex e-con e-child\" data-id=\"7af1ad65\" data-element_type=\"container\">\n\t\t\t\t<div class=\"elementor-element elementor-element-6b9d3030 elementor-widget elementor-widget-image\" data-id=\"6b9d3030\" data-element_type=\"widget\" data-widget_type=\"image.default\">\n\t\t\t\t<div class=\"elementor-widget-container\">\n\t\t\t\t\t\t\t\t\t\t\t\t\t\t\t<img loading=\"lazy\" decoding=\"async\" width=\"150\" height=\"150\" src=\"https:\/\/www.carmelec.fr\/wp-content\/uploads\/2025\/06\/poids-leger-150x150.png\" class=\"attachment-thumbnail size-thumbnail wp-image-163\" alt=\"\" srcset=\"https:\/\/www.carmelec.fr\/wp-content\/uploads\/2025\/06\/poids-leger-150x150.png 150w, https:\/\/www.carmelec.fr\/wp-content\/uploads\/2025\/06\/poids-leger-300x300.png 300w, https:\/\/www.carmelec.fr\/wp-content\/uploads\/2025\/06\/poids-leger.png 512w\" sizes=\"(max-width: 150px) 100vw, 150px\" \/>\t\t\t\t\t\t\t\t\t\t\t\t\t\t\t<\/div>\n\t\t\t\t<\/div>\n\t\t\t\t<div class=\"elementor-element elementor-element-3e32c674 elementor-widget elementor-widget-heading\" data-id=\"3e32c674\" data-element_type=\"widget\" data-widget_type=\"heading.default\">\n\t\t\t\t<div class=\"elementor-widget-container\">\n\t\t\t\t\t<h4 class=\"elementor-heading-title elementor-size-default\">2kg<\/h4>\t\t\t\t<\/div>\n\t\t\t\t<\/div>\n\t\t\t\t<\/div>\n\t\t\t\t<\/div>\n\t\t\t\t<\/div>\n\t\t\t\t<\/div>\n\t\t\t\t\t<\/div>\n\t\t\t\t<\/div>\n\t\t<div class=\"elementor-element elementor-element-440c8ebb e-flex e-con-boxed e-con e-parent\" data-id=\"440c8ebb\" data-element_type=\"container\" data-settings=\"{&quot;background_background&quot;:&quot;classic&quot;}\">\n\t\t\t\t\t<div class=\"e-con-inner\">\n\t\t\t\t<div class=\"elementor-element elementor-element-6a3277f0 elementor-headline--style-highlight elementor-widget elementor-widget-animated-headline\" data-id=\"6a3277f0\" data-element_type=\"widget\" data-settings=\"{&quot;marker&quot;:&quot;underline_zigzag&quot;,&quot;highlighted_text&quot;:&quot;Accessoire&quot;,&quot;headline_style&quot;:&quot;highlight&quot;,&quot;highlight_animation_duration&quot;:1200}\" data-widget_type=\"animated-headline.default\">\n\t\t\t\t<div class=\"elementor-widget-container\">\n\t\t\t\t\t\t\t<h2 class=\"elementor-headline\">\n\t\t\t\t<span class=\"elementor-headline-dynamic-wrapper elementor-headline-text-wrapper\">\n\t\t\t\t\t<span class=\"elementor-headline-dynamic-text elementor-headline-text-active\">Accessoire<\/span>\n\t\t\t\t<\/span>\n\t\t\t\t<\/h2>\n\t\t\t\t\t\t<\/div>\n\t\t\t\t<\/div>\n\t\t\t\t<div class=\"elementor-element elementor-element-7630355 elementor-widget elementor-widget-spacer\" data-id=\"7630355\" data-element_type=\"widget\" data-widget_type=\"spacer.default\">\n\t\t\t\t<div class=\"elementor-widget-container\">\n\t\t\t\t\t\t\t<div class=\"elementor-spacer\">\n\t\t\t<div class=\"elementor-spacer-inner\"><\/div>\n\t\t<\/div>\n\t\t\t\t\t\t<\/div>\n\t\t\t\t<\/div>\n\t\t\t\t<div class=\"elementor-element elementor-element-263804c6 elementor-widget elementor-widget-image\" data-id=\"263804c6\" data-element_type=\"widget\" data-widget_type=\"image.default\">\n\t\t\t\t<div class=\"elementor-widget-container\">\n\t\t\t\t\t\t\t\t\t\t\t\t\t\t\t<img loading=\"lazy\" decoding=\"async\" width=\"300\" height=\"95\" src=\"https:\/\/www.carmelec.fr\/wp-content\/uploads\/2025\/09\/Support-e1696243201959-300x95-1.png\" class=\"attachment-medium_large size-medium_large wp-image-647\" alt=\"\" \/>\t\t\t\t\t\t\t\t\t\t\t\t\t\t\t<\/div>\n\t\t\t\t<\/div>\n\t\t\t\t<div class=\"elementor-element elementor-element-cf72b08 elementor-widget elementor-widget-text-editor\" data-id=\"cf72b08\" data-element_type=\"widget\" data-widget_type=\"text-editor.default\">\n\t\t\t\t<div class=\"elementor-widget-container\">\n\t\t\t\t\t\t\t\t\t<p>Support mural Arthemis<\/p>\t\t\t\t\t\t\t\t<\/div>\n\t\t\t\t<\/div>\n\t\t\t\t\t<\/div>\n\t\t\t\t<\/div>\n\t\t\t\t<\/div>\n\t\t","protected":false},"excerpt":{"rendered":"<p>Arthemis Appareil de Relev\u00e9 de la Temp\u00e9rature, l\u2019Humidit\u00e9 relative et l\u2019\u00c9coulement d\u2019air pour la Mesure d\u2019un Indice de S\u00e9curit\u00e9 Cet appareil est destin\u00e9 \u00e0 la mesure de d\u00e9bit d\u2019\u00e9quivalent de dose gamma, notamment pour les intervenants en centrale nucl\u00e9aire. Sa simplicit\u00e9 le rend utilisable par un large public. Ses dimensions, son autonomie de 400 heures [&hellip;]<\/p>\n","protected":false},"author":1,"featured_media":0,"parent":0,"menu_order":0,"comment_status":"closed","ping_status":"closed","template":"","meta":{"footnotes":""},"class_list":["post-645","page","type-page","status-publish","hentry"],"_links":{"self":[{"href":"https:\/\/www.carmelec.fr\/fr\/wp-json\/wp\/v2\/pages\/645","targetHints":{"allow":["GET"]}}],"collection":[{"href":"https:\/\/www.carmelec.fr\/fr\/wp-json\/wp\/v2\/pages"}],"about":[{"href":"https:\/\/www.carmelec.fr\/fr\/wp-json\/wp\/v2\/types\/page"}],"author":[{"embeddable":true,"href":"https:\/\/www.carmelec.fr\/fr\/wp-json\/wp\/v2\/users\/1"}],"replies":[{"embeddable":true,"href":"https:\/\/www.carmelec.fr\/fr\/wp-json\/wp\/v2\/comments?post=645"}],"version-history":[{"count":19,"href":"https:\/\/www.carmelec.fr\/fr\/wp-json\/wp\/v2\/pages\/645\/revisions"}],"predecessor-version":[{"id":1473,"href":"https:\/\/www.carmelec.fr\/fr\/wp-json\/wp\/v2\/pages\/645\/revisions\/1473"}],"wp:attachment":[{"href":"https:\/\/www.carmelec.fr\/fr\/wp-json\/wp\/v2\/media?parent=645"}],"curies":[{"name":"wp","href":"https:\/\/api.w.org\/{rel}","templated":true}]}}