{"id":711,"date":"2025-09-22T15:21:48","date_gmt":"2025-09-22T13:21:48","guid":{"rendered":"http:\/\/carmelec.local\/?page_id=711"},"modified":"2026-01-19T16:03:36","modified_gmt":"2026-01-19T15:03:36","slug":"dolphy-beta","status":"publish","type":"page","link":"https:\/\/www.carmelec.fr\/fr\/dolphy-beta\/","title":{"rendered":"Dolphy B\u00eata"},"content":{"rendered":"\t\t<div data-elementor-type=\"wp-page\" data-elementor-id=\"711\" class=\"elementor elementor-711\" data-elementor-post-type=\"page\">\n\t\t\t\t<div class=\"elementor-element elementor-element-372c7133 e-flex e-con-boxed e-con e-parent\" data-id=\"372c7133\" data-element_type=\"container\" data-settings=\"{&quot;background_background&quot;:&quot;classic&quot;}\">\n\t\t\t\t\t<div class=\"e-con-inner\">\n\t\t<div class=\"elementor-element elementor-element-70445a33 e-grid e-con-full e-con e-child\" data-id=\"70445a33\" data-element_type=\"container\">\n\t\t<div class=\"elementor-element elementor-element-57bcc94c e-con-full e-flex e-con e-child\" data-id=\"57bcc94c\" data-element_type=\"container\">\n\t\t\t\t<div class=\"elementor-element elementor-element-2188c962 elementor-headline--style-highlight elementor-widget elementor-widget-animated-headline\" data-id=\"2188c962\" data-element_type=\"widget\" data-settings=\"{&quot;marker&quot;:&quot;underline&quot;,&quot;highlighted_text&quot;:&quot;Dolphy B\\u00eata&quot;,&quot;headline_style&quot;:&quot;highlight&quot;,&quot;highlight_animation_duration&quot;:1200}\" data-widget_type=\"animated-headline.default\">\n\t\t\t\t<div class=\"elementor-widget-container\">\n\t\t\t\t\t\t\t<h2 class=\"elementor-headline\">\n\t\t\t\t<span class=\"elementor-headline-dynamic-wrapper elementor-headline-text-wrapper\">\n\t\t\t\t\t<span class=\"elementor-headline-dynamic-text elementor-headline-text-active\">Dolphy B\u00eata<\/span>\n\t\t\t\t<\/span>\n\t\t\t\t<\/h2>\n\t\t\t\t\t\t<\/div>\n\t\t\t\t<\/div>\n\t\t\t\t<div class=\"elementor-element elementor-element-245122f7 elementor-widget elementor-widget-heading\" data-id=\"245122f7\" data-element_type=\"widget\" data-widget_type=\"heading.default\">\n\t\t\t\t<div class=\"elementor-widget-container\">\n\t\t\t\t\t<h3 class=\"elementor-heading-title elementor-size-default\">Un contaminam\u00e8tre compact pour assurer votre s\u00e9curit\u00e9<\/h3>\t\t\t\t<\/div>\n\t\t\t\t<\/div>\n\t\t\t\t<div class=\"elementor-element elementor-element-1e0fbcee elementor-widget elementor-widget-text-editor\" data-id=\"1e0fbcee\" data-element_type=\"widget\" data-widget_type=\"text-editor.default\">\n\t\t\t\t<div class=\"elementor-widget-container\">\n\t\t\t\t\t\t\t\t\t<p>Cet appareil est destin\u00e9 \u00e0 la mesure ou au d\u00e9pistage de la contamination de surface pour les rayonnements b\u00eata. Il est utilisable pour la contamination alpha \u00e0 condition d\u2019avoir identifi\u00e9 au pr\u00e9alable le type de contamination. Id\u00e9al pour le contr\u00f4le de contamination surfacique direct sur paillasse ou mat\u00e9riel.<\/p>\t\t\t\t\t\t\t\t<\/div>\n\t\t\t\t<\/div>\n\t\t\t\t<\/div>\n\t\t\t\t<div class=\"elementor-element elementor-element-6c877ca7 elementor-widget elementor-widget-image\" data-id=\"6c877ca7\" data-element_type=\"widget\" data-widget_type=\"image.default\">\n\t\t\t\t<div class=\"elementor-widget-container\">\n\t\t\t\t\t\t\t\t\t\t\t\t\t\t\t<img fetchpriority=\"high\" decoding=\"async\" width=\"263\" height=\"300\" src=\"https:\/\/www.carmelec.fr\/wp-content\/uploads\/2025\/09\/DolphyBetaCs_2_detoure-263x300.png\" class=\"attachment-medium size-medium wp-image-431\" alt=\"\" srcset=\"https:\/\/www.carmelec.fr\/wp-content\/uploads\/2025\/09\/DolphyBetaCs_2_detoure-263x300.png 263w, https:\/\/www.carmelec.fr\/wp-content\/uploads\/2025\/09\/DolphyBetaCs_2_detoure-897x1024.png 897w, https:\/\/www.carmelec.fr\/wp-content\/uploads\/2025\/09\/DolphyBetaCs_2_detoure-768x876.png 768w, https:\/\/www.carmelec.fr\/wp-content\/uploads\/2025\/09\/DolphyBetaCs_2_detoure-1346x1536.png 1346w, https:\/\/www.carmelec.fr\/wp-content\/uploads\/2025\/09\/DolphyBetaCs_2_detoure-1795x2048.png 1795w, https:\/\/www.carmelec.fr\/wp-content\/uploads\/2025\/09\/DolphyBetaCs_2_detoure.png 1984w\" sizes=\"(max-width: 263px) 100vw, 263px\" \/>\t\t\t\t\t\t\t\t\t\t\t\t\t\t\t<\/div>\n\t\t\t\t<\/div>\n\t\t\t\t<\/div>\n\t\t<div class=\"elementor-element elementor-element-e2042de e-con-full e-flex e-con e-child\" data-id=\"e2042de\" data-element_type=\"container\">\n\t\t\t\t<div class=\"elementor-element elementor-element-cb52509 elementor-headline--style-highlight elementor-widget elementor-widget-animated-headline\" data-id=\"cb52509\" data-element_type=\"widget\" data-settings=\"{&quot;marker&quot;:&quot;curly&quot;,&quot;highlighted_text&quot;:&quot;Documentations&quot;,&quot;headline_style&quot;:&quot;highlight&quot;,&quot;loop&quot;:&quot;yes&quot;,&quot;highlight_animation_duration&quot;:1200,&quot;highlight_iteration_delay&quot;:8000}\" data-widget_type=\"animated-headline.default\">\n\t\t\t\t<div class=\"elementor-widget-container\">\n\t\t\t\t\t\t\t<h3 class=\"elementor-headline\">\n\t\t\t\t<span class=\"elementor-headline-dynamic-wrapper elementor-headline-text-wrapper\">\n\t\t\t\t\t<span class=\"elementor-headline-dynamic-text elementor-headline-text-active\">Documentations<\/span>\n\t\t\t\t<\/span>\n\t\t\t\t<\/h3>\n\t\t\t\t\t\t<\/div>\n\t\t\t\t<\/div>\n\t\t<div class=\"elementor-element elementor-element-66c5b09 e-grid e-con-full e-con e-child\" data-id=\"66c5b09\" data-element_type=\"container\">\n\t\t<div class=\"elementor-element elementor-element-e0f5e89 e-con-full e-flex e-con e-child\" data-id=\"e0f5e89\" data-element_type=\"container\">\n\t\t\t\t<div class=\"elementor-element elementor-element-bdb1287 e-transform elementor-widget elementor-widget-html\" data-id=\"bdb1287\" data-element_type=\"widget\" data-settings=\"{&quot;_transform_scale_effect_hover&quot;:{&quot;unit&quot;:&quot;px&quot;,&quot;size&quot;:1.1,&quot;sizes&quot;:[]},&quot;_transform_scale_effect_hover_tablet&quot;:{&quot;unit&quot;:&quot;px&quot;,&quot;size&quot;:&quot;&quot;,&quot;sizes&quot;:[]},&quot;_transform_scale_effect_hover_mobile&quot;:{&quot;unit&quot;:&quot;px&quot;,&quot;size&quot;:&quot;&quot;,&quot;sizes&quot;:[]}}\" data-link=\"\/wp-content\/uploads\/carmelec\/documentations\/DC-Fiche_Dolphy_Beta.pdf\" data-target=\"_blank\" data-widget_type=\"html.default\">\n\t\t\t\t<div class=\"elementor-widget-container\">\n\t\t\t\t\t<div class=\"image-wrapper\">\r\n  <div\r\n    class=\"img-hover-container\"\r\n    role=\"link\"\r\n    tabindex=\"0\"\r\n    aria-label=\"Ouvrir la notice\"\r\n  >\r\n    <img decoding=\"async\"\r\n      src=\"\/wp-content\/uploads\/animated\/notice\/fr_colored.png\"\r\n      class=\"top img-scale\"\r\n      alt=\"\"\r\n    \/>\r\n    <img decoding=\"async\"\r\n      src=\"\/wp-content\/uploads\/animated\/notice\/fr_empty.png\"\r\n      class=\"img-scale\"\r\n      alt=\"\"\r\n    \/>\r\n  <\/div>\r\n<\/div>\r\n\r\n<script>\r\n(function () {\r\n  function getLinkEl(target) {\r\n    return target.closest('[data-link]')\r\n  }\r\n\r\n  function openFrom(el) {\r\n    const raw = (el.getAttribute('data-link') || '').trim();\r\n    if (!raw) return;\r\n\r\n    const url = raw.startsWith('http') ? raw : (location.origin + raw);\r\n    const target = el.getAttribute('data-target') || '_self';\r\n\r\n    window.open(url, target);\r\n  }\r\n\r\n  \/\/ Clic souris \/ tactile (capture = vrai pour \u00eatre prioritaire)\r\n  document.addEventListener('click', function (e) {\r\n    const el = getLinkEl(e.target);\r\n    if (!el) return;\r\n    e.preventDefault();\r\n    openFrom(el);\r\n  }, true);\r\n\r\n  \/\/ Clavier (Entr\u00e9e \/ Espace)\r\n  document.addEventListener('keydown', function (e) {\r\n    if (e.key !== 'Enter' && e.key !== ' ') return;\r\n    const el = getLinkEl(document.activeElement);\r\n    if (!el) return;\r\n    e.preventDefault();\r\n    openFrom(el);\r\n  }, true);\r\n})();\r\n<\/script>\r\n\r\n\r\n\t\t\t\t<\/div>\n\t\t\t\t<\/div>\n\t\t\t\t<\/div>\n\t\t<div class=\"elementor-element elementor-element-7917be4 e-con-full e-flex e-con e-child\" data-id=\"7917be4\" data-element_type=\"container\">\n\t\t\t\t<div class=\"elementor-element elementor-element-f7567c6 e-transform elementor-widget elementor-widget-html\" data-id=\"f7567c6\" data-element_type=\"widget\" data-settings=\"{&quot;_transform_scale_effect_hover&quot;:{&quot;unit&quot;:&quot;px&quot;,&quot;size&quot;:1.1,&quot;sizes&quot;:[]},&quot;_transform_scale_effect_hover_tablet&quot;:{&quot;unit&quot;:&quot;px&quot;,&quot;size&quot;:&quot;&quot;,&quot;sizes&quot;:[]},&quot;_transform_scale_effect_hover_mobile&quot;:{&quot;unit&quot;:&quot;px&quot;,&quot;size&quot;:&quot;&quot;,&quot;sizes&quot;:[]}}\" data-link=\"\/wp-content\/uploads\/carmelec\/documentations\/Datasheet-Dolphy_Beta.pdf\" data-target=\"_blank\" data-widget_type=\"html.default\">\n\t\t\t\t<div class=\"elementor-widget-container\">\n\t\t\t\t\t<div class=\"image-wrapper\">\r\n  <div\r\n    class=\"img-hover-container\"\r\n    role=\"link\"\r\n    tabindex=\"0\"\r\n    aria-label=\"Ouvrir la notice\"\r\n  >\r\n    <img decoding=\"async\"\r\n      src=\"\/wp-content\/uploads\/animated\/notice\/en_colored.png\"\r\n      class=\"top img-scale\"\r\n      alt=\"\"\r\n    \/>\r\n    <img decoding=\"async\"\r\n      src=\"\/wp-content\/uploads\/animated\/notice\/en_empty.png\"\r\n      class=\"img-scale\"\r\n      alt=\"\"\r\n    \/>\r\n  <\/div>\r\n<\/div>\r\n\r\n<script>\r\n(function () {\r\n  function getLinkEl(target) {\r\n    return target.closest('[data-link]')\r\n  }\r\n\r\n  function openFrom(el) {\r\n    const raw = (el.getAttribute('data-link') || '').trim();\r\n    if (!raw) return;\r\n\r\n    const url = raw.startsWith('http') ? raw : (location.origin + raw);\r\n    const target = el.getAttribute('data-target') || '_self';\r\n\r\n    window.open(url, target);\r\n  }\r\n\r\n  \/\/ Clic souris \/ tactile (capture = vrai pour \u00eatre prioritaire)\r\n  document.addEventListener('click', function (e) {\r\n    const el = getLinkEl(e.target);\r\n    if (!el) return;\r\n    e.preventDefault();\r\n    openFrom(el);\r\n  }, true);\r\n\r\n  \/\/ Clavier (Entr\u00e9e \/ Espace)\r\n  document.addEventListener('keydown', function (e) {\r\n    if (e.key !== 'Enter' && e.key !== ' ') return;\r\n    const el = getLinkEl(document.activeElement);\r\n    if (!el) return;\r\n    e.preventDefault();\r\n    openFrom(el);\r\n  }, true);\r\n})();\r\n<\/script>\r\n\r\n\r\n\t\t\t\t<\/div>\n\t\t\t\t<\/div>\n\t\t\t\t<\/div>\n\t\t\t\t<\/div>\n\t\t\t\t<\/div>\n\t\t\t\t\t<\/div>\n\t\t\t\t<\/div>\n\t\t<div class=\"elementor-element elementor-element-2c540c81 e-flex e-con-boxed e-con e-parent\" data-id=\"2c540c81\" data-element_type=\"container\">\n\t\t\t\t\t<div class=\"e-con-inner\">\n\t\t\t\t<div class=\"elementor-element elementor-element-6117147 elementor-widget elementor-widget-spacer\" data-id=\"6117147\" data-element_type=\"widget\" data-widget_type=\"spacer.default\">\n\t\t\t\t<div class=\"elementor-widget-container\">\n\t\t\t\t\t\t\t<div class=\"elementor-spacer\">\n\t\t\t<div class=\"elementor-spacer-inner\"><\/div>\n\t\t<\/div>\n\t\t\t\t\t\t<\/div>\n\t\t\t\t<\/div>\n\t\t\t\t<div class=\"elementor-element elementor-element-15dabbe9 elementor-headline--style-highlight elementor-widget elementor-widget-animated-headline\" data-id=\"15dabbe9\" data-element_type=\"widget\" data-settings=\"{&quot;marker&quot;:&quot;double&quot;,&quot;highlighted_text&quot;:&quot;Caract\\u00e9ristique technique&quot;,&quot;headline_style&quot;:&quot;highlight&quot;,&quot;highlight_animation_duration&quot;:1200}\" data-widget_type=\"animated-headline.default\">\n\t\t\t\t<div class=\"elementor-widget-container\">\n\t\t\t\t\t\t\t<h2 class=\"elementor-headline\">\n\t\t\t\t<span class=\"elementor-headline-dynamic-wrapper elementor-headline-text-wrapper\">\n\t\t\t\t\t<span class=\"elementor-headline-dynamic-text elementor-headline-text-active\">Caract\u00e9ristique technique<\/span>\n\t\t\t\t<\/span>\n\t\t\t\t<\/h2>\n\t\t\t\t\t\t<\/div>\n\t\t\t\t<\/div>\n\t\t<div class=\"elementor-element elementor-element-5cfc318a e-con-full e-flex e-con e-child\" data-id=\"5cfc318a\" data-element_type=\"container\">\n\t\t<div class=\"elementor-element elementor-element-7e137427 e-con-full e-flex e-con e-child\" data-id=\"7e137427\" data-element_type=\"container\">\n\t\t<div class=\"elementor-element elementor-element-1ca12d19 e-grid e-con-full e-con e-child\" data-id=\"1ca12d19\" data-element_type=\"container\">\n\t\t<div class=\"elementor-element elementor-element-375f8f8 e-con-full e-flex e-con e-child\" data-id=\"375f8f8\" data-element_type=\"container\">\n\t\t<div class=\"elementor-element elementor-element-4aeec4f2 e-con-full e-flex e-con e-child\" data-id=\"4aeec4f2\" data-element_type=\"container\">\n\t\t\t\t<div class=\"elementor-element elementor-element-48f01e79 elementor-widget elementor-widget-image\" data-id=\"48f01e79\" data-element_type=\"widget\" data-widget_type=\"image.default\">\n\t\t\t\t<div class=\"elementor-widget-container\">\n\t\t\t\t\t\t\t\t\t\t\t\t\t\t\t<img decoding=\"async\" width=\"150\" height=\"150\" src=\"https:\/\/www.carmelec.fr\/wp-content\/uploads\/2025\/06\/vision-2-150x150.png\" class=\"attachment-thumbnail size-thumbnail wp-image-159\" alt=\"\" srcset=\"https:\/\/www.carmelec.fr\/wp-content\/uploads\/2025\/06\/vision-2-150x150.png 150w, https:\/\/www.carmelec.fr\/wp-content\/uploads\/2025\/06\/vision-2-300x300.png 300w, https:\/\/www.carmelec.fr\/wp-content\/uploads\/2025\/06\/vision-2.png 512w\" sizes=\"(max-width: 150px) 100vw, 150px\" \/>\t\t\t\t\t\t\t\t\t\t\t\t\t\t\t<\/div>\n\t\t\t\t<\/div>\n\t\t\t\t<\/div>\n\t\t<div class=\"elementor-element elementor-element-67a6ef31 e-con-full e-flex e-con e-child\" data-id=\"67a6ef31\" data-element_type=\"container\">\n\t\t\t\t<div class=\"elementor-element elementor-element-dd3d7e2 elementor-widget elementor-widget-heading\" data-id=\"dd3d7e2\" data-element_type=\"widget\" data-widget_type=\"heading.default\">\n\t\t\t\t<div class=\"elementor-widget-container\">\n\t\t\t\t\t<h3 class=\"elementor-heading-title elementor-size-default\">Carat\u00e9ristique de d\u00e9tection<\/h3>\t\t\t\t<\/div>\n\t\t\t\t<\/div>\n\t\t\t\t<div class=\"elementor-element elementor-element-16b6fede elementor-widget elementor-widget-text-editor\" data-id=\"16b6fede\" data-element_type=\"widget\" data-widget_type=\"text-editor.default\">\n\t\t\t\t<div class=\"elementor-widget-container\">\n\t\t\t\t\t\t\t\t\t<ul><li>Grandeur de r\u00e9f\u00e9rence : Activit\u00e9 en Bq<\/li><li>D\u00e9tecteur : Geiger M\u00fcller type Pancake sensible aux b\u00eata \u00e0 partir de 15 keV et aux alpha \u00e0 partir de 4,5 MeV<\/li><li>Unit\u00e9 : Bq, c\/s<\/li><li>Source de r\u00e9f\u00e9rence : Cobalt 60<\/li><li>Sensibilit\u00e9 surfacique \u03b1 et \u03b2 : 0,15 c\/s\/Bq<\/li><li>Temps de r\u00e9ponse : &lt; 1 s lors d\u2019une variation significative entre 0 et 700 Bq<\/li><li>Temps d\u2019int\u00e9gration : automatique de 0,5 \u00e0 60 secondes avec le syst\u00e8me CID<\/li><\/ul>\t\t\t\t\t\t\t\t<\/div>\n\t\t\t\t<\/div>\n\t\t\t\t<\/div>\n\t\t\t\t<\/div>\n\t\t<div class=\"elementor-element elementor-element-4f26b3c7 e-con-full e-flex e-con e-child\" data-id=\"4f26b3c7\" data-element_type=\"container\">\n\t\t<div class=\"elementor-element elementor-element-674a4d66 e-con-full e-flex e-con e-child\" data-id=\"674a4d66\" data-element_type=\"container\">\n\t\t\t\t<div class=\"elementor-element elementor-element-b9cab2f elementor-widget elementor-widget-image\" data-id=\"b9cab2f\" data-element_type=\"widget\" data-widget_type=\"image.default\">\n\t\t\t\t<div class=\"elementor-widget-container\">\n\t\t\t\t\t\t\t\t\t\t\t\t\t\t\t<img decoding=\"async\" width=\"150\" height=\"150\" src=\"https:\/\/www.carmelec.fr\/wp-content\/uploads\/2025\/06\/parametre-150x150.png\" class=\"attachment-thumbnail size-thumbnail wp-image-165\" alt=\"\" srcset=\"https:\/\/www.carmelec.fr\/wp-content\/uploads\/2025\/06\/parametre-150x150.png 150w, https:\/\/www.carmelec.fr\/wp-content\/uploads\/2025\/06\/parametre-300x300.png 300w, https:\/\/www.carmelec.fr\/wp-content\/uploads\/2025\/06\/parametre.png 512w\" sizes=\"(max-width: 150px) 100vw, 150px\" \/>\t\t\t\t\t\t\t\t\t\t\t\t\t\t\t<\/div>\n\t\t\t\t<\/div>\n\t\t\t\t<\/div>\n\t\t<div class=\"elementor-element elementor-element-3a264c1b e-con-full e-flex e-con e-child\" data-id=\"3a264c1b\" data-element_type=\"container\">\n\t\t\t\t<div class=\"elementor-element elementor-element-6ff90fc9 elementor-widget elementor-widget-heading\" data-id=\"6ff90fc9\" data-element_type=\"widget\" data-widget_type=\"heading.default\">\n\t\t\t\t<div class=\"elementor-widget-container\">\n\t\t\t\t\t<h3 class=\"elementor-heading-title elementor-size-default\">Caract\u00e9ristiques m\u00e9caniques et environnementales\u200b<\/h3>\t\t\t\t<\/div>\n\t\t\t\t<\/div>\n\t\t\t\t<div class=\"elementor-element elementor-element-397f59cd elementor-widget elementor-widget-text-editor\" data-id=\"397f59cd\" data-element_type=\"widget\" data-widget_type=\"text-editor.default\">\n\t\t\t\t<div class=\"elementor-widget-container\">\n\t\t\t\t\t\t\t\t\t<ul><li>Dimension : 114 x 72 x 34 mm<\/li><li>Poids : 320 g avec pile<\/li><li>Indice de protection : IP54<\/li><\/ul>\t\t\t\t\t\t\t\t<\/div>\n\t\t\t\t<\/div>\n\t\t\t\t<\/div>\n\t\t\t\t<\/div>\n\t\t<div class=\"elementor-element elementor-element-4a88ba5b e-con-full e-flex e-con e-child\" data-id=\"4a88ba5b\" data-element_type=\"container\">\n\t\t<div class=\"elementor-element elementor-element-6168c67e e-con-full e-flex e-con e-child\" data-id=\"6168c67e\" data-element_type=\"container\">\n\t\t\t\t<div class=\"elementor-element elementor-element-2a583987 elementor-widget elementor-widget-image\" data-id=\"2a583987\" data-element_type=\"widget\" data-widget_type=\"image.default\">\n\t\t\t\t<div class=\"elementor-widget-container\">\n\t\t\t\t\t\t\t\t\t\t\t\t\t\t\t<img loading=\"lazy\" decoding=\"async\" width=\"150\" height=\"150\" src=\"https:\/\/www.carmelec.fr\/wp-content\/uploads\/2025\/06\/eclair-150x150.png\" class=\"attachment-thumbnail size-thumbnail wp-image-166\" alt=\"\" srcset=\"https:\/\/www.carmelec.fr\/wp-content\/uploads\/2025\/06\/eclair-150x150.png 150w, https:\/\/www.carmelec.fr\/wp-content\/uploads\/2025\/06\/eclair-300x300.png 300w, https:\/\/www.carmelec.fr\/wp-content\/uploads\/2025\/06\/eclair.png 512w\" sizes=\"(max-width: 150px) 100vw, 150px\" \/>\t\t\t\t\t\t\t\t\t\t\t\t\t\t\t<\/div>\n\t\t\t\t<\/div>\n\t\t\t\t<\/div>\n\t\t<div class=\"elementor-element elementor-element-6b4bed10 e-con-full e-flex e-con e-child\" data-id=\"6b4bed10\" data-element_type=\"container\">\n\t\t\t\t<div class=\"elementor-element elementor-element-3a272e5c elementor-widget elementor-widget-heading\" data-id=\"3a272e5c\" data-element_type=\"widget\" data-widget_type=\"heading.default\">\n\t\t\t\t<div class=\"elementor-widget-container\">\n\t\t\t\t\t<h3 class=\"elementor-heading-title elementor-size-default\">Caract\u00e9ristiques \u00e9lectriques\u200b<\/h3>\t\t\t\t<\/div>\n\t\t\t\t<\/div>\n\t\t\t\t<div class=\"elementor-element elementor-element-30e0635e elementor-widget elementor-widget-text-editor\" data-id=\"30e0635e\" data-element_type=\"widget\" data-widget_type=\"text-editor.default\">\n\t\t\t\t<div class=\"elementor-widget-container\">\n\t\t\t\t\t\t\t\t\t<ul><li>Alimentation : pile 9 V (PP3\/6F22\/6LR61) avec reconnaissance automatique du sens de la pile<\/li><li>Autonomie : jusqu\u2019\u00e0 80 heures<\/li><\/ul>\t\t\t\t\t\t\t\t<\/div>\n\t\t\t\t<\/div>\n\t\t\t\t<\/div>\n\t\t\t\t<\/div>\n\t\t\t\t<\/div>\n\t\t\t\t<\/div>\n\t\t<div class=\"elementor-element elementor-element-9bb9f0a e-con-full e-flex e-con e-child\" data-id=\"9bb9f0a\" data-element_type=\"container\">\n\t\t<div class=\"elementor-element elementor-element-6f370b9c e-con-full e-flex e-con e-child\" data-id=\"6f370b9c\" data-element_type=\"container\">\n\t\t<div class=\"elementor-element elementor-element-367a23a7 e-con-full e-flex e-con e-child\" data-id=\"367a23a7\" data-element_type=\"container\">\n\t\t\t\t<div class=\"elementor-element elementor-element-1c4cf484 elementor-widget elementor-widget-image\" data-id=\"1c4cf484\" data-element_type=\"widget\" data-widget_type=\"image.default\">\n\t\t\t\t<div class=\"elementor-widget-container\">\n\t\t\t\t\t\t\t\t\t\t\t\t\t\t\t<img loading=\"lazy\" decoding=\"async\" width=\"150\" height=\"150\" src=\"https:\/\/www.carmelec.fr\/wp-content\/uploads\/2025\/06\/parapluie-1-150x150.png\" class=\"attachment-thumbnail size-thumbnail wp-image-160\" alt=\"\" srcset=\"https:\/\/www.carmelec.fr\/wp-content\/uploads\/2025\/06\/parapluie-1-150x150.png 150w, https:\/\/www.carmelec.fr\/wp-content\/uploads\/2025\/06\/parapluie-1-300x300.png 300w, https:\/\/www.carmelec.fr\/wp-content\/uploads\/2025\/06\/parapluie-1.png 512w\" sizes=\"(max-width: 150px) 100vw, 150px\" \/>\t\t\t\t\t\t\t\t\t\t\t\t\t\t\t<\/div>\n\t\t\t\t<\/div>\n\t\t\t\t<div class=\"elementor-element elementor-element-a702c29 elementor-widget elementor-widget-heading\" data-id=\"a702c29\" data-element_type=\"widget\" data-widget_type=\"heading.default\">\n\t\t\t\t<div class=\"elementor-widget-container\">\n\t\t\t\t\t<h4 class=\"elementor-heading-title elementor-size-default\">IP54<\/h4>\t\t\t\t<\/div>\n\t\t\t\t<\/div>\n\t\t\t\t<\/div>\n\t\t<div class=\"elementor-element elementor-element-5af45e66 e-con-full e-flex e-con e-child\" data-id=\"5af45e66\" data-element_type=\"container\">\n\t\t\t\t<div class=\"elementor-element elementor-element-7af6ed67 elementor-widget elementor-widget-image\" data-id=\"7af6ed67\" data-element_type=\"widget\" data-widget_type=\"image.default\">\n\t\t\t\t<div class=\"elementor-widget-container\">\n\t\t\t\t\t\t\t\t\t\t\t\t\t\t\t<img loading=\"lazy\" decoding=\"async\" width=\"150\" height=\"150\" src=\"https:\/\/www.carmelec.fr\/wp-content\/uploads\/2025\/06\/batterie-1-150x150.png\" class=\"attachment-thumbnail size-thumbnail wp-image-161\" alt=\"\" srcset=\"https:\/\/www.carmelec.fr\/wp-content\/uploads\/2025\/06\/batterie-1-150x150.png 150w, https:\/\/www.carmelec.fr\/wp-content\/uploads\/2025\/06\/batterie-1-300x300.png 300w, https:\/\/www.carmelec.fr\/wp-content\/uploads\/2025\/06\/batterie-1.png 512w\" sizes=\"(max-width: 150px) 100vw, 150px\" \/>\t\t\t\t\t\t\t\t\t\t\t\t\t\t\t<\/div>\n\t\t\t\t<\/div>\n\t\t\t\t<div class=\"elementor-element elementor-element-58d0c1f8 elementor-widget elementor-widget-heading\" data-id=\"58d0c1f8\" data-element_type=\"widget\" data-widget_type=\"heading.default\">\n\t\t\t\t<div class=\"elementor-widget-container\">\n\t\t\t\t\t<h4 class=\"elementor-heading-title elementor-size-default\">80H<\/h4>\t\t\t\t<\/div>\n\t\t\t\t<\/div>\n\t\t\t\t<\/div>\n\t\t<div class=\"elementor-element elementor-element-480c73e9 e-con-full e-flex e-con e-child\" data-id=\"480c73e9\" data-element_type=\"container\">\n\t\t\t\t<div class=\"elementor-element elementor-element-246fe553 elementor-widget elementor-widget-image\" data-id=\"246fe553\" data-element_type=\"widget\" data-widget_type=\"image.default\">\n\t\t\t\t<div class=\"elementor-widget-container\">\n\t\t\t\t\t\t\t\t\t\t\t\t\t\t\t<img loading=\"lazy\" decoding=\"async\" width=\"150\" height=\"150\" src=\"https:\/\/www.carmelec.fr\/wp-content\/uploads\/2025\/06\/poids-leger-150x150.png\" class=\"attachment-thumbnail size-thumbnail wp-image-163\" alt=\"\" srcset=\"https:\/\/www.carmelec.fr\/wp-content\/uploads\/2025\/06\/poids-leger-150x150.png 150w, https:\/\/www.carmelec.fr\/wp-content\/uploads\/2025\/06\/poids-leger-300x300.png 300w, https:\/\/www.carmelec.fr\/wp-content\/uploads\/2025\/06\/poids-leger.png 512w\" sizes=\"(max-width: 150px) 100vw, 150px\" \/>\t\t\t\t\t\t\t\t\t\t\t\t\t\t\t<\/div>\n\t\t\t\t<\/div>\n\t\t\t\t<div class=\"elementor-element elementor-element-6d3bec5a elementor-widget elementor-widget-heading\" data-id=\"6d3bec5a\" data-element_type=\"widget\" data-widget_type=\"heading.default\">\n\t\t\t\t<div class=\"elementor-widget-container\">\n\t\t\t\t\t<h4 class=\"elementor-heading-title elementor-size-default\">320g<\/h4>\t\t\t\t<\/div>\n\t\t\t\t<\/div>\n\t\t\t\t<\/div>\n\t\t\t\t<\/div>\n\t\t\t\t<\/div>\n\t\t\t\t<\/div>\n\t\t\t\t\t<\/div>\n\t\t\t\t<\/div>\n\t\t\t\t<\/div>\n\t\t","protected":false},"excerpt":{"rendered":"<p>Dolphy B\u00eata Un contaminam\u00e8tre compact pour assurer votre s\u00e9curit\u00e9 Cet appareil est destin\u00e9 \u00e0 la mesure ou au d\u00e9pistage de la contamination de surface pour les rayonnements b\u00eata. Il est utilisable pour la contamination alpha \u00e0 condition d\u2019avoir identifi\u00e9 au pr\u00e9alable le type de contamination. Id\u00e9al pour le contr\u00f4le de contamination surfacique direct sur paillasse [&hellip;]<\/p>\n","protected":false},"author":1,"featured_media":0,"parent":0,"menu_order":0,"comment_status":"closed","ping_status":"closed","template":"","meta":{"footnotes":""},"class_list":["post-711","page","type-page","status-publish","hentry"],"_links":{"self":[{"href":"https:\/\/www.carmelec.fr\/fr\/wp-json\/wp\/v2\/pages\/711","targetHints":{"allow":["GET"]}}],"collection":[{"href":"https:\/\/www.carmelec.fr\/fr\/wp-json\/wp\/v2\/pages"}],"about":[{"href":"https:\/\/www.carmelec.fr\/fr\/wp-json\/wp\/v2\/types\/page"}],"author":[{"embeddable":true,"href":"https:\/\/www.carmelec.fr\/fr\/wp-json\/wp\/v2\/users\/1"}],"replies":[{"embeddable":true,"href":"https:\/\/www.carmelec.fr\/fr\/wp-json\/wp\/v2\/comments?post=711"}],"version-history":[{"count":16,"href":"https:\/\/www.carmelec.fr\/fr\/wp-json\/wp\/v2\/pages\/711\/revisions"}],"predecessor-version":[{"id":1537,"href":"https:\/\/www.carmelec.fr\/fr\/wp-json\/wp\/v2\/pages\/711\/revisions\/1537"}],"wp:attachment":[{"href":"https:\/\/www.carmelec.fr\/fr\/wp-json\/wp\/v2\/media?parent=711"}],"curies":[{"name":"wp","href":"https:\/\/api.w.org\/{rel}","templated":true}]}}