{"id":720,"date":"2025-09-22T15:25:19","date_gmt":"2025-09-22T13:25:19","guid":{"rendered":"http:\/\/carmelec.local\/?page_id=720"},"modified":"2026-01-19T16:03:52","modified_gmt":"2026-01-19T15:03:52","slug":"dolphy-frottis","status":"publish","type":"page","link":"https:\/\/www.carmelec.fr\/fr\/dolphy-frottis\/","title":{"rendered":"Dolphy Frottis"},"content":{"rendered":"\t\t<div data-elementor-type=\"wp-page\" data-elementor-id=\"720\" class=\"elementor elementor-720\" data-elementor-post-type=\"page\">\n\t\t\t\t<div class=\"elementor-element elementor-element-7c17e9cf e-flex e-con-boxed e-con e-parent\" data-id=\"7c17e9cf\" data-element_type=\"container\" data-settings=\"{&quot;background_background&quot;:&quot;classic&quot;}\">\n\t\t\t\t\t<div class=\"e-con-inner\">\n\t\t<div class=\"elementor-element elementor-element-77c04099 e-grid e-con-full e-con e-child\" data-id=\"77c04099\" data-element_type=\"container\">\n\t\t<div class=\"elementor-element elementor-element-96e39b4 e-con-full e-flex e-con e-child\" data-id=\"96e39b4\" data-element_type=\"container\">\n\t\t\t\t<div class=\"elementor-element elementor-element-7e26ed19 elementor-headline--style-highlight elementor-widget elementor-widget-animated-headline\" data-id=\"7e26ed19\" data-element_type=\"widget\" data-settings=\"{&quot;marker&quot;:&quot;underline&quot;,&quot;highlighted_text&quot;:&quot;Dolphy Frottis&quot;,&quot;headline_style&quot;:&quot;highlight&quot;,&quot;highlight_animation_duration&quot;:1200}\" data-widget_type=\"animated-headline.default\">\n\t\t\t\t<div class=\"elementor-widget-container\">\n\t\t\t\t\t\t\t<h2 class=\"elementor-headline\">\n\t\t\t\t<span class=\"elementor-headline-dynamic-wrapper elementor-headline-text-wrapper\">\n\t\t\t\t\t<span class=\"elementor-headline-dynamic-text elementor-headline-text-active\">Dolphy Frottis<\/span>\n\t\t\t\t<\/span>\n\t\t\t\t<\/h2>\n\t\t\t\t\t\t<\/div>\n\t\t\t\t<\/div>\n\t\t\t\t<div class=\"elementor-element elementor-element-17c18755 elementor-widget elementor-widget-heading\" data-id=\"17c18755\" data-element_type=\"widget\" data-widget_type=\"heading.default\">\n\t\t\t\t<div class=\"elementor-widget-container\">\n\t\t\t\t\t<h3 class=\"elementor-heading-title elementor-size-default\">Un contaminam\u00e8tre compact pour assurer votre s\u00e9curit\u00e9<\/h3>\t\t\t\t<\/div>\n\t\t\t\t<\/div>\n\t\t\t\t<div class=\"elementor-element elementor-element-42a2c9e1 elementor-widget elementor-widget-text-editor\" data-id=\"42a2c9e1\" data-element_type=\"widget\" data-widget_type=\"text-editor.default\">\n\t\t\t\t<div class=\"elementor-widget-container\">\n\t\t\t\t\t\t\t\t\tCet appareil est destin\u00e9 \u00e0 la mesure ou au d\u00e9pistage de la contamination de surface pour les rayonnements b\u00eata. Il est utilisable pour la contamination alpha \u00e0 condition d\u2019avoir identifi\u00e9 au pr\u00e9alable le type de contamination. Id\u00e9al pour la mesure de frottis pour les op\u00e9rations de contr\u00f4le de contamination surfacique indirect de 300 cm\u00b2. La grille protectrice en acier prot\u00e8ge le d\u00e9tecteur des chocs et en fait un outil adapt\u00e9 aux contr\u00f4les de mat\u00e9riel et d\u2019outils de chantier. Le Dolphy Frottis assure le contr\u00f4le de la propret\u00e9 des installations apr\u00e8s d\u00e9contamination.\t\t\t\t\t\t\t\t<\/div>\n\t\t\t\t<\/div>\n\t\t\t\t<\/div>\n\t\t\t\t<div class=\"elementor-element elementor-element-58455306 elementor-widget elementor-widget-image\" data-id=\"58455306\" data-element_type=\"widget\" data-widget_type=\"image.default\">\n\t\t\t\t<div class=\"elementor-widget-container\">\n\t\t\t\t\t\t\t\t\t\t\t\t\t\t\t<img fetchpriority=\"high\" decoding=\"async\" width=\"235\" height=\"300\" src=\"https:\/\/www.carmelec.fr\/wp-content\/uploads\/2025\/09\/DolphyFrottis-235x300.png\" class=\"attachment-medium size-medium wp-image-432\" alt=\"\" srcset=\"https:\/\/www.carmelec.fr\/wp-content\/uploads\/2025\/09\/DolphyFrottis-235x300.png 235w, https:\/\/www.carmelec.fr\/wp-content\/uploads\/2025\/09\/DolphyFrottis.png 661w\" sizes=\"(max-width: 235px) 100vw, 235px\" \/>\t\t\t\t\t\t\t\t\t\t\t\t\t\t\t<\/div>\n\t\t\t\t<\/div>\n\t\t\t\t<\/div>\n\t\t<div class=\"elementor-element elementor-element-62bcfb8 e-con-full e-flex e-con e-child\" data-id=\"62bcfb8\" data-element_type=\"container\">\n\t\t\t\t<div class=\"elementor-element elementor-element-629ebd2 elementor-headline--style-highlight elementor-widget elementor-widget-animated-headline\" data-id=\"629ebd2\" data-element_type=\"widget\" data-settings=\"{&quot;marker&quot;:&quot;curly&quot;,&quot;highlighted_text&quot;:&quot;Documentations&quot;,&quot;headline_style&quot;:&quot;highlight&quot;,&quot;loop&quot;:&quot;yes&quot;,&quot;highlight_animation_duration&quot;:1200,&quot;highlight_iteration_delay&quot;:8000}\" data-widget_type=\"animated-headline.default\">\n\t\t\t\t<div class=\"elementor-widget-container\">\n\t\t\t\t\t\t\t<h3 class=\"elementor-headline\">\n\t\t\t\t<span class=\"elementor-headline-dynamic-wrapper elementor-headline-text-wrapper\">\n\t\t\t\t\t<span class=\"elementor-headline-dynamic-text elementor-headline-text-active\">Documentations<\/span>\n\t\t\t\t<\/span>\n\t\t\t\t<\/h3>\n\t\t\t\t\t\t<\/div>\n\t\t\t\t<\/div>\n\t\t<div class=\"elementor-element elementor-element-9e46033 e-grid e-con-full e-con e-child\" data-id=\"9e46033\" data-element_type=\"container\">\n\t\t<div class=\"elementor-element elementor-element-36d66f9 e-con-full e-flex e-con e-child\" data-id=\"36d66f9\" data-element_type=\"container\">\n\t\t\t\t<div class=\"elementor-element elementor-element-a167e41 e-transform elementor-widget elementor-widget-html\" data-id=\"a167e41\" data-element_type=\"widget\" data-settings=\"{&quot;_transform_scale_effect_hover&quot;:{&quot;unit&quot;:&quot;px&quot;,&quot;size&quot;:1.1,&quot;sizes&quot;:[]},&quot;_transform_scale_effect_hover_tablet&quot;:{&quot;unit&quot;:&quot;px&quot;,&quot;size&quot;:&quot;&quot;,&quot;sizes&quot;:[]},&quot;_transform_scale_effect_hover_mobile&quot;:{&quot;unit&quot;:&quot;px&quot;,&quot;size&quot;:&quot;&quot;,&quot;sizes&quot;:[]}}\" data-link=\"\/wp-content\/uploads\/carmelec\/documentations\/DC-Fiche_Dolphy_Frottis.pdf\" data-target=\"_blank\" data-widget_type=\"html.default\">\n\t\t\t\t<div class=\"elementor-widget-container\">\n\t\t\t\t\t<div class=\"image-wrapper\">\r\n  <div\r\n    class=\"img-hover-container\"\r\n    role=\"link\"\r\n    tabindex=\"0\"\r\n    aria-label=\"Ouvrir la notice\"\r\n  >\r\n    <img decoding=\"async\"\r\n      src=\"\/wp-content\/uploads\/animated\/notice\/fr_colored.png\"\r\n      class=\"top img-scale\"\r\n      alt=\"\"\r\n    \/>\r\n    <img decoding=\"async\"\r\n      src=\"\/wp-content\/uploads\/animated\/notice\/fr_empty.png\"\r\n      class=\"img-scale\"\r\n      alt=\"\"\r\n    \/>\r\n  <\/div>\r\n<\/div>\r\n\r\n<script>\r\n(function () {\r\n  function getLinkEl(target) {\r\n    return target.closest('[data-link]')\r\n  }\r\n\r\n  function openFrom(el) {\r\n    const raw = (el.getAttribute('data-link') || '').trim();\r\n    if (!raw) return;\r\n\r\n    const url = raw.startsWith('http') ? raw : (location.origin + raw);\r\n    const target = el.getAttribute('data-target') || '_self';\r\n\r\n    window.open(url, target);\r\n  }\r\n\r\n  \/\/ Clic souris \/ tactile (capture = vrai pour \u00eatre prioritaire)\r\n  document.addEventListener('click', function (e) {\r\n    const el = getLinkEl(e.target);\r\n    if (!el) return;\r\n    e.preventDefault();\r\n    openFrom(el);\r\n  }, true);\r\n\r\n  \/\/ Clavier (Entr\u00e9e \/ Espace)\r\n  document.addEventListener('keydown', function (e) {\r\n    if (e.key !== 'Enter' && e.key !== ' ') return;\r\n    const el = getLinkEl(document.activeElement);\r\n    if (!el) return;\r\n    e.preventDefault();\r\n    openFrom(el);\r\n  }, true);\r\n})();\r\n<\/script>\r\n\r\n\r\n\t\t\t\t<\/div>\n\t\t\t\t<\/div>\n\t\t\t\t<\/div>\n\t\t<div class=\"elementor-element elementor-element-9893d21 e-con-full e-flex e-con e-child\" data-id=\"9893d21\" data-element_type=\"container\">\n\t\t\t\t<div class=\"elementor-element elementor-element-08532a6 e-transform elementor-widget elementor-widget-html\" data-id=\"08532a6\" data-element_type=\"widget\" data-settings=\"{&quot;_transform_scale_effect_hover&quot;:{&quot;unit&quot;:&quot;px&quot;,&quot;size&quot;:1.1,&quot;sizes&quot;:[]},&quot;_transform_scale_effect_hover_tablet&quot;:{&quot;unit&quot;:&quot;px&quot;,&quot;size&quot;:&quot;&quot;,&quot;sizes&quot;:[]},&quot;_transform_scale_effect_hover_mobile&quot;:{&quot;unit&quot;:&quot;px&quot;,&quot;size&quot;:&quot;&quot;,&quot;sizes&quot;:[]}}\" data-link=\"\/wp-content\/uploads\/carmelec\/documentations\/Datasheet-Dolphy_Frottis.pdf\" data-target=\"_blank\" data-widget_type=\"html.default\">\n\t\t\t\t<div class=\"elementor-widget-container\">\n\t\t\t\t\t<div class=\"image-wrapper\">\r\n  <div\r\n    class=\"img-hover-container\"\r\n    role=\"link\"\r\n    tabindex=\"0\"\r\n    aria-label=\"Ouvrir la notice\"\r\n  >\r\n    <img decoding=\"async\"\r\n      src=\"\/wp-content\/uploads\/animated\/notice\/en_colored.png\"\r\n      class=\"top img-scale\"\r\n      alt=\"\"\r\n    \/>\r\n    <img decoding=\"async\"\r\n      src=\"\/wp-content\/uploads\/animated\/notice\/en_empty.png\"\r\n      class=\"img-scale\"\r\n      alt=\"\"\r\n    \/>\r\n  <\/div>\r\n<\/div>\r\n\r\n<script>\r\n(function () {\r\n  function getLinkEl(target) {\r\n    return target.closest('[data-link]')\r\n  }\r\n\r\n  function openFrom(el) {\r\n    const raw = (el.getAttribute('data-link') || '').trim();\r\n    if (!raw) return;\r\n\r\n    const url = raw.startsWith('http') ? raw : (location.origin + raw);\r\n    const target = el.getAttribute('data-target') || '_self';\r\n\r\n    window.open(url, target);\r\n  }\r\n\r\n  \/\/ Clic souris \/ tactile (capture = vrai pour \u00eatre prioritaire)\r\n  document.addEventListener('click', function (e) {\r\n    const el = getLinkEl(e.target);\r\n    if (!el) return;\r\n    e.preventDefault();\r\n    openFrom(el);\r\n  }, true);\r\n\r\n  \/\/ Clavier (Entr\u00e9e \/ Espace)\r\n  document.addEventListener('keydown', function (e) {\r\n    if (e.key !== 'Enter' && e.key !== ' ') return;\r\n    const el = getLinkEl(document.activeElement);\r\n    if (!el) return;\r\n    e.preventDefault();\r\n    openFrom(el);\r\n  }, true);\r\n})();\r\n<\/script>\r\n\r\n\r\n\t\t\t\t<\/div>\n\t\t\t\t<\/div>\n\t\t\t\t<\/div>\n\t\t\t\t<\/div>\n\t\t\t\t<\/div>\n\t\t\t\t\t<\/div>\n\t\t\t\t<\/div>\n\t\t<div class=\"elementor-element elementor-element-1062cef6 e-flex e-con-boxed e-con e-parent\" data-id=\"1062cef6\" data-element_type=\"container\">\n\t\t\t\t\t<div class=\"e-con-inner\">\n\t\t\t\t<div class=\"elementor-element elementor-element-27ecc835 elementor-widget elementor-widget-spacer\" data-id=\"27ecc835\" data-element_type=\"widget\" data-widget_type=\"spacer.default\">\n\t\t\t\t<div class=\"elementor-widget-container\">\n\t\t\t\t\t\t\t<div class=\"elementor-spacer\">\n\t\t\t<div class=\"elementor-spacer-inner\"><\/div>\n\t\t<\/div>\n\t\t\t\t\t\t<\/div>\n\t\t\t\t<\/div>\n\t\t\t\t<div class=\"elementor-element elementor-element-473b7292 elementor-headline--style-highlight elementor-widget elementor-widget-animated-headline\" data-id=\"473b7292\" data-element_type=\"widget\" data-settings=\"{&quot;marker&quot;:&quot;double&quot;,&quot;highlighted_text&quot;:&quot;Caract\\u00e9ristique technique&quot;,&quot;headline_style&quot;:&quot;highlight&quot;,&quot;highlight_animation_duration&quot;:1200}\" data-widget_type=\"animated-headline.default\">\n\t\t\t\t<div class=\"elementor-widget-container\">\n\t\t\t\t\t\t\t<h2 class=\"elementor-headline\">\n\t\t\t\t<span class=\"elementor-headline-dynamic-wrapper elementor-headline-text-wrapper\">\n\t\t\t\t\t<span class=\"elementor-headline-dynamic-text elementor-headline-text-active\">Caract\u00e9ristique technique<\/span>\n\t\t\t\t<\/span>\n\t\t\t\t<\/h2>\n\t\t\t\t\t\t<\/div>\n\t\t\t\t<\/div>\n\t\t<div class=\"elementor-element elementor-element-1ff50816 e-con-full e-flex e-con e-child\" data-id=\"1ff50816\" data-element_type=\"container\">\n\t\t<div class=\"elementor-element elementor-element-5e7c38d2 e-con-full e-flex e-con e-child\" data-id=\"5e7c38d2\" data-element_type=\"container\">\n\t\t<div class=\"elementor-element elementor-element-7070bb83 e-grid e-con-full e-con e-child\" data-id=\"7070bb83\" data-element_type=\"container\">\n\t\t<div class=\"elementor-element elementor-element-1271a15d e-con-full e-flex e-con e-child\" data-id=\"1271a15d\" data-element_type=\"container\">\n\t\t<div class=\"elementor-element elementor-element-2744e89 e-con-full e-flex e-con e-child\" data-id=\"2744e89\" data-element_type=\"container\">\n\t\t\t\t<div class=\"elementor-element elementor-element-3ded492f elementor-widget elementor-widget-image\" data-id=\"3ded492f\" data-element_type=\"widget\" data-widget_type=\"image.default\">\n\t\t\t\t<div class=\"elementor-widget-container\">\n\t\t\t\t\t\t\t\t\t\t\t\t\t\t\t<img decoding=\"async\" width=\"150\" height=\"150\" src=\"https:\/\/www.carmelec.fr\/wp-content\/uploads\/2025\/06\/vision-2-150x150.png\" class=\"attachment-thumbnail size-thumbnail wp-image-159\" alt=\"\" srcset=\"https:\/\/www.carmelec.fr\/wp-content\/uploads\/2025\/06\/vision-2-150x150.png 150w, https:\/\/www.carmelec.fr\/wp-content\/uploads\/2025\/06\/vision-2-300x300.png 300w, https:\/\/www.carmelec.fr\/wp-content\/uploads\/2025\/06\/vision-2.png 512w\" sizes=\"(max-width: 150px) 100vw, 150px\" \/>\t\t\t\t\t\t\t\t\t\t\t\t\t\t\t<\/div>\n\t\t\t\t<\/div>\n\t\t\t\t<\/div>\n\t\t<div class=\"elementor-element elementor-element-551a8b7f e-con-full e-flex e-con e-child\" data-id=\"551a8b7f\" data-element_type=\"container\">\n\t\t\t\t<div class=\"elementor-element elementor-element-581f82fe elementor-widget elementor-widget-heading\" data-id=\"581f82fe\" data-element_type=\"widget\" data-widget_type=\"heading.default\">\n\t\t\t\t<div class=\"elementor-widget-container\">\n\t\t\t\t\t<h3 class=\"elementor-heading-title elementor-size-default\">Carat\u00e9ristique de d\u00e9tection<\/h3>\t\t\t\t<\/div>\n\t\t\t\t<\/div>\n\t\t\t\t<div class=\"elementor-element elementor-element-747b56c elementor-widget elementor-widget-text-editor\" data-id=\"747b56c\" data-element_type=\"widget\" data-widget_type=\"text-editor.default\">\n\t\t\t\t<div class=\"elementor-widget-container\">\n\t\t\t\t\t\t\t\t\t<ul><li>Grandeur de r\u00e9f\u00e9rence : activit\u00e9 ramen\u00e9e \u00e0 une surface frott\u00e9e de 300 cm\u00b2<\/li><li>D\u00e9tecteur : Geiger M\u00fcller type Pancake sensible aux b\u00eata \u00e0 partir de 15 keV et aux alpha \u00e0 partir de 4,5 MeV.<\/li><li>Unit\u00e9 : Bq\/cm\u00b2<\/li><li>Source de r\u00e9f\u00e9rence : Cobalt 60<\/li><li>Surface sensible : 15,5 cm\u00b2<\/li><li>Sensiblit\u00e9 \u03b1 et \u03b2 : 4,5 c\/s\/Bq\/cm\u00b2<\/li><li>Gamme d\u2019affichage : de 0 \u00e0 199,99 Bq\/cm\u00b2<\/li><li>Temps de r\u00e9ponse : &lt; 1 s lors d\u2019une variation significative de 0 \u00e0 23 Bq\/cm\u00b2<\/li><li>Temps d\u2019int\u00e9gration : automatique de 0,5 \u00e0 60 secondes.<\/li><\/ul>\t\t\t\t\t\t\t\t<\/div>\n\t\t\t\t<\/div>\n\t\t\t\t<\/div>\n\t\t\t\t<\/div>\n\t\t<div class=\"elementor-element elementor-element-6bb4c0b2 e-con-full e-flex e-con e-child\" data-id=\"6bb4c0b2\" data-element_type=\"container\">\n\t\t<div class=\"elementor-element elementor-element-10cda140 e-con-full e-flex e-con e-child\" data-id=\"10cda140\" data-element_type=\"container\">\n\t\t\t\t<div class=\"elementor-element elementor-element-487eeda0 elementor-widget elementor-widget-image\" data-id=\"487eeda0\" data-element_type=\"widget\" data-widget_type=\"image.default\">\n\t\t\t\t<div class=\"elementor-widget-container\">\n\t\t\t\t\t\t\t\t\t\t\t\t\t\t\t<img decoding=\"async\" width=\"150\" height=\"150\" src=\"https:\/\/www.carmelec.fr\/wp-content\/uploads\/2025\/06\/parametre-150x150.png\" class=\"attachment-thumbnail size-thumbnail wp-image-165\" alt=\"\" srcset=\"https:\/\/www.carmelec.fr\/wp-content\/uploads\/2025\/06\/parametre-150x150.png 150w, https:\/\/www.carmelec.fr\/wp-content\/uploads\/2025\/06\/parametre-300x300.png 300w, https:\/\/www.carmelec.fr\/wp-content\/uploads\/2025\/06\/parametre.png 512w\" sizes=\"(max-width: 150px) 100vw, 150px\" \/>\t\t\t\t\t\t\t\t\t\t\t\t\t\t\t<\/div>\n\t\t\t\t<\/div>\n\t\t\t\t<\/div>\n\t\t<div class=\"elementor-element elementor-element-6acb75d8 e-con-full e-flex e-con e-child\" data-id=\"6acb75d8\" data-element_type=\"container\">\n\t\t\t\t<div class=\"elementor-element elementor-element-51433d09 elementor-widget elementor-widget-heading\" data-id=\"51433d09\" data-element_type=\"widget\" data-widget_type=\"heading.default\">\n\t\t\t\t<div class=\"elementor-widget-container\">\n\t\t\t\t\t<h3 class=\"elementor-heading-title elementor-size-default\">Caract\u00e9ristiques m\u00e9caniques et environnementales\u200b<\/h3>\t\t\t\t<\/div>\n\t\t\t\t<\/div>\n\t\t\t\t<div class=\"elementor-element elementor-element-71715b70 elementor-widget elementor-widget-text-editor\" data-id=\"71715b70\" data-element_type=\"widget\" data-widget_type=\"text-editor.default\">\n\t\t\t\t<div class=\"elementor-widget-container\">\n\t\t\t\t\t\t\t\t\t<ul><li>Dimension : 114 x 72 x 34 mm<\/li><li>Poids : 320 g avec pile<\/li><li>Indice de protection : IP54<\/li><\/ul>\t\t\t\t\t\t\t\t<\/div>\n\t\t\t\t<\/div>\n\t\t\t\t<\/div>\n\t\t\t\t<\/div>\n\t\t<div class=\"elementor-element elementor-element-2b7b1b75 e-con-full e-flex e-con e-child\" data-id=\"2b7b1b75\" data-element_type=\"container\">\n\t\t<div class=\"elementor-element elementor-element-67d34c7b e-con-full e-flex e-con e-child\" data-id=\"67d34c7b\" data-element_type=\"container\">\n\t\t\t\t<div class=\"elementor-element elementor-element-21e284ad elementor-widget elementor-widget-image\" data-id=\"21e284ad\" data-element_type=\"widget\" data-widget_type=\"image.default\">\n\t\t\t\t<div class=\"elementor-widget-container\">\n\t\t\t\t\t\t\t\t\t\t\t\t\t\t\t<img loading=\"lazy\" decoding=\"async\" width=\"150\" height=\"150\" src=\"https:\/\/www.carmelec.fr\/wp-content\/uploads\/2025\/06\/eclair-150x150.png\" class=\"attachment-thumbnail size-thumbnail wp-image-166\" alt=\"\" srcset=\"https:\/\/www.carmelec.fr\/wp-content\/uploads\/2025\/06\/eclair-150x150.png 150w, https:\/\/www.carmelec.fr\/wp-content\/uploads\/2025\/06\/eclair-300x300.png 300w, https:\/\/www.carmelec.fr\/wp-content\/uploads\/2025\/06\/eclair.png 512w\" sizes=\"(max-width: 150px) 100vw, 150px\" \/>\t\t\t\t\t\t\t\t\t\t\t\t\t\t\t<\/div>\n\t\t\t\t<\/div>\n\t\t\t\t<\/div>\n\t\t<div class=\"elementor-element elementor-element-502ff277 e-con-full e-flex e-con e-child\" data-id=\"502ff277\" data-element_type=\"container\">\n\t\t\t\t<div class=\"elementor-element elementor-element-1104c262 elementor-widget elementor-widget-heading\" data-id=\"1104c262\" data-element_type=\"widget\" data-widget_type=\"heading.default\">\n\t\t\t\t<div class=\"elementor-widget-container\">\n\t\t\t\t\t<h3 class=\"elementor-heading-title elementor-size-default\">Caract\u00e9ristiques \u00e9lectriques\u200b<\/h3>\t\t\t\t<\/div>\n\t\t\t\t<\/div>\n\t\t\t\t<div class=\"elementor-element elementor-element-7446deb1 elementor-widget elementor-widget-text-editor\" data-id=\"7446deb1\" data-element_type=\"widget\" data-widget_type=\"text-editor.default\">\n\t\t\t\t<div class=\"elementor-widget-container\">\n\t\t\t\t\t\t\t\t\t<div class=\"wpb_text_column wpb_content_element  descriptionsElectricity\"><div class=\"wpb_wrapper\"><ul><li>Alimentation : pile 9 V<\/li><li>Autonomie : jusqu\u2019\u00e0 80 heures<\/li><\/ul><\/div><\/div>\t\t\t\t\t\t\t\t<\/div>\n\t\t\t\t<\/div>\n\t\t\t\t<\/div>\n\t\t\t\t<\/div>\n\t\t\t\t<\/div>\n\t\t\t\t<\/div>\n\t\t<div class=\"elementor-element elementor-element-61c44e66 e-con-full e-flex e-con e-child\" data-id=\"61c44e66\" data-element_type=\"container\">\n\t\t<div class=\"elementor-element elementor-element-53efb0f2 e-con-full e-flex e-con e-child\" data-id=\"53efb0f2\" data-element_type=\"container\">\n\t\t<div class=\"elementor-element elementor-element-362ad846 e-con-full e-flex e-con e-child\" data-id=\"362ad846\" data-element_type=\"container\">\n\t\t\t\t<div class=\"elementor-element elementor-element-3f3317b3 elementor-widget elementor-widget-image\" data-id=\"3f3317b3\" data-element_type=\"widget\" data-widget_type=\"image.default\">\n\t\t\t\t<div class=\"elementor-widget-container\">\n\t\t\t\t\t\t\t\t\t\t\t\t\t\t\t<img loading=\"lazy\" decoding=\"async\" width=\"150\" height=\"150\" src=\"https:\/\/www.carmelec.fr\/wp-content\/uploads\/2025\/06\/parapluie-1-150x150.png\" class=\"attachment-thumbnail size-thumbnail wp-image-160\" alt=\"\" srcset=\"https:\/\/www.carmelec.fr\/wp-content\/uploads\/2025\/06\/parapluie-1-150x150.png 150w, https:\/\/www.carmelec.fr\/wp-content\/uploads\/2025\/06\/parapluie-1-300x300.png 300w, https:\/\/www.carmelec.fr\/wp-content\/uploads\/2025\/06\/parapluie-1.png 512w\" sizes=\"(max-width: 150px) 100vw, 150px\" \/>\t\t\t\t\t\t\t\t\t\t\t\t\t\t\t<\/div>\n\t\t\t\t<\/div>\n\t\t\t\t<div class=\"elementor-element elementor-element-9c1555c elementor-widget elementor-widget-heading\" data-id=\"9c1555c\" data-element_type=\"widget\" data-widget_type=\"heading.default\">\n\t\t\t\t<div class=\"elementor-widget-container\">\n\t\t\t\t\t<h4 class=\"elementor-heading-title elementor-size-default\">IP54<\/h4>\t\t\t\t<\/div>\n\t\t\t\t<\/div>\n\t\t\t\t<\/div>\n\t\t<div class=\"elementor-element elementor-element-207d2c81 e-con-full e-flex e-con e-child\" data-id=\"207d2c81\" data-element_type=\"container\">\n\t\t\t\t<div class=\"elementor-element elementor-element-55c3cee4 elementor-widget elementor-widget-image\" data-id=\"55c3cee4\" data-element_type=\"widget\" data-widget_type=\"image.default\">\n\t\t\t\t<div class=\"elementor-widget-container\">\n\t\t\t\t\t\t\t\t\t\t\t\t\t\t\t<img loading=\"lazy\" decoding=\"async\" width=\"150\" height=\"150\" src=\"https:\/\/www.carmelec.fr\/wp-content\/uploads\/2025\/06\/batterie-1-150x150.png\" class=\"attachment-thumbnail size-thumbnail wp-image-161\" alt=\"\" srcset=\"https:\/\/www.carmelec.fr\/wp-content\/uploads\/2025\/06\/batterie-1-150x150.png 150w, https:\/\/www.carmelec.fr\/wp-content\/uploads\/2025\/06\/batterie-1-300x300.png 300w, https:\/\/www.carmelec.fr\/wp-content\/uploads\/2025\/06\/batterie-1.png 512w\" sizes=\"(max-width: 150px) 100vw, 150px\" \/>\t\t\t\t\t\t\t\t\t\t\t\t\t\t\t<\/div>\n\t\t\t\t<\/div>\n\t\t\t\t<div class=\"elementor-element elementor-element-34aea8c1 elementor-widget elementor-widget-heading\" data-id=\"34aea8c1\" data-element_type=\"widget\" data-widget_type=\"heading.default\">\n\t\t\t\t<div class=\"elementor-widget-container\">\n\t\t\t\t\t<h4 class=\"elementor-heading-title elementor-size-default\">80H<\/h4>\t\t\t\t<\/div>\n\t\t\t\t<\/div>\n\t\t\t\t<\/div>\n\t\t<div class=\"elementor-element elementor-element-18db1430 e-con-full e-flex e-con e-child\" data-id=\"18db1430\" data-element_type=\"container\">\n\t\t\t\t<div class=\"elementor-element elementor-element-5014d519 elementor-widget elementor-widget-image\" data-id=\"5014d519\" data-element_type=\"widget\" data-widget_type=\"image.default\">\n\t\t\t\t<div class=\"elementor-widget-container\">\n\t\t\t\t\t\t\t\t\t\t\t\t\t\t\t<img loading=\"lazy\" decoding=\"async\" width=\"150\" height=\"150\" src=\"https:\/\/www.carmelec.fr\/wp-content\/uploads\/2025\/06\/poids-leger-150x150.png\" class=\"attachment-thumbnail size-thumbnail wp-image-163\" alt=\"\" srcset=\"https:\/\/www.carmelec.fr\/wp-content\/uploads\/2025\/06\/poids-leger-150x150.png 150w, https:\/\/www.carmelec.fr\/wp-content\/uploads\/2025\/06\/poids-leger-300x300.png 300w, https:\/\/www.carmelec.fr\/wp-content\/uploads\/2025\/06\/poids-leger.png 512w\" sizes=\"(max-width: 150px) 100vw, 150px\" \/>\t\t\t\t\t\t\t\t\t\t\t\t\t\t\t<\/div>\n\t\t\t\t<\/div>\n\t\t\t\t<div class=\"elementor-element elementor-element-7d79c13d elementor-widget elementor-widget-heading\" data-id=\"7d79c13d\" data-element_type=\"widget\" data-widget_type=\"heading.default\">\n\t\t\t\t<div class=\"elementor-widget-container\">\n\t\t\t\t\t<h4 class=\"elementor-heading-title elementor-size-default\">320g<\/h4>\t\t\t\t<\/div>\n\t\t\t\t<\/div>\n\t\t\t\t<\/div>\n\t\t\t\t<\/div>\n\t\t\t\t<\/div>\n\t\t\t\t<\/div>\n\t\t\t\t\t<\/div>\n\t\t\t\t<\/div>\n\t\t\t\t<\/div>\n\t\t","protected":false},"excerpt":{"rendered":"<p>Dolphy Frottis Un contaminam\u00e8tre compact pour assurer votre s\u00e9curit\u00e9 Cet appareil est destin\u00e9 \u00e0 la mesure ou au d\u00e9pistage de la contamination de surface pour les rayonnements b\u00eata. Il est utilisable pour la contamination alpha \u00e0 condition d\u2019avoir identifi\u00e9 au pr\u00e9alable le type de contamination. Id\u00e9al pour la mesure de frottis pour les op\u00e9rations de [&hellip;]<\/p>\n","protected":false},"author":1,"featured_media":0,"parent":0,"menu_order":0,"comment_status":"closed","ping_status":"closed","template":"","meta":{"footnotes":""},"class_list":["post-720","page","type-page","status-publish","hentry"],"_links":{"self":[{"href":"https:\/\/www.carmelec.fr\/fr\/wp-json\/wp\/v2\/pages\/720","targetHints":{"allow":["GET"]}}],"collection":[{"href":"https:\/\/www.carmelec.fr\/fr\/wp-json\/wp\/v2\/pages"}],"about":[{"href":"https:\/\/www.carmelec.fr\/fr\/wp-json\/wp\/v2\/types\/page"}],"author":[{"embeddable":true,"href":"https:\/\/www.carmelec.fr\/fr\/wp-json\/wp\/v2\/users\/1"}],"replies":[{"embeddable":true,"href":"https:\/\/www.carmelec.fr\/fr\/wp-json\/wp\/v2\/comments?post=720"}],"version-history":[{"count":16,"href":"https:\/\/www.carmelec.fr\/fr\/wp-json\/wp\/v2\/pages\/720\/revisions"}],"predecessor-version":[{"id":1540,"href":"https:\/\/www.carmelec.fr\/fr\/wp-json\/wp\/v2\/pages\/720\/revisions\/1540"}],"wp:attachment":[{"href":"https:\/\/www.carmelec.fr\/fr\/wp-json\/wp\/v2\/media?parent=720"}],"curies":[{"name":"wp","href":"https:\/\/api.w.org\/{rel}","templated":true}]}}