{"id":911,"date":"2025-09-24T16:39:40","date_gmt":"2025-09-24T14:39:40","guid":{"rendered":"http:\/\/carmelec.local\/?page_id=911"},"modified":"2026-01-08T14:20:12","modified_gmt":"2026-01-08T13:20:12","slug":"convertisseur","status":"publish","type":"page","link":"https:\/\/www.carmelec.fr\/fr\/convertisseur\/","title":{"rendered":"Convertisseur"},"content":{"rendered":"\t\t<div data-elementor-type=\"wp-page\" data-elementor-id=\"911\" class=\"elementor elementor-911\" data-elementor-post-type=\"page\">\n\t\t\t\t<div class=\"elementor-element elementor-element-8422ea7 unit-converter e-flex e-con-boxed e-con e-parent\" data-id=\"8422ea7\" data-element_type=\"container\" data-settings=\"{&quot;background_background&quot;:&quot;classic&quot;}\">\n\t\t\t\t\t<div class=\"e-con-inner\">\n\t\t\t\t<div class=\"elementor-element elementor-element-be2218e elementor-headline--style-highlight elementor-widget elementor-widget-animated-headline\" data-id=\"be2218e\" data-element_type=\"widget\" data-settings=\"{&quot;marker&quot;:&quot;underline&quot;,&quot;highlighted_text&quot;:&quot;Convertisseur&quot;,&quot;headline_style&quot;:&quot;highlight&quot;,&quot;highlight_animation_duration&quot;:1200}\" data-widget_type=\"animated-headline.default\">\n\t\t\t\t<div class=\"elementor-widget-container\">\n\t\t\t\t\t\t\t<h3 class=\"elementor-headline\">\n\t\t\t\t<span class=\"elementor-headline-dynamic-wrapper elementor-headline-text-wrapper\">\n\t\t\t\t\t<span class=\"elementor-headline-dynamic-text elementor-headline-text-active\">Convertisseur<\/span>\n\t\t\t\t<\/span>\n\t\t\t\t<\/h3>\n\t\t\t\t\t\t<\/div>\n\t\t\t\t<\/div>\n\t\t<div class=\"elementor-element elementor-element-c3f860c e-con-full .unit-converter e-flex e-con e-child\" data-id=\"c3f860c\" data-element_type=\"container\">\n\t\t<div class=\"elementor-element elementor-element-c00f423 e-con-full e-flex e-con e-child\" data-id=\"c00f423\" data-element_type=\"container\">\n\t\t\t\t<div class=\"elementor-element elementor-element-006ee0e elementor-widget elementor-widget-text-editor\" data-id=\"006ee0e\" data-element_type=\"widget\" data-widget_type=\"text-editor.default\">\n\t\t\t\t<div class=\"elementor-widget-container\">\n\t\t\t\t\t\t\t\t\t<p>Choisissez la famille de conversion, puis tapez le nombre que vous souhaitez convertir dans la zone de texte pour voir les r\u00e9sultats dans le tableau.<\/p>\t\t\t\t\t\t\t\t<\/div>\n\t\t\t\t<\/div>\n\t\t\t\t<\/div>\n\t\t<div class=\"elementor-element elementor-element-1c82ac3 e-con-full e-flex e-con e-child\" data-id=\"1c82ac3\" data-element_type=\"container\">\n\t\t\t\t<div class=\"elementor-element elementor-element-ff9e565 elementor-widget elementor-widget-html\" data-id=\"ff9e565\" data-element_type=\"widget\" data-widget_type=\"html.default\">\n\t\t\t\t<div class=\"elementor-widget-container\">\n\t\t\t\t\t<div class=\"icon-wrap\">\r\n  <img id=\"logoUnit\" alt=\"Ic\u00f4ne\">\r\n<\/div>\r\n\t\t\t\t<\/div>\n\t\t\t\t<\/div>\n\t\t\t\t<\/div>\n\t\t<div class=\"elementor-element elementor-element-89a8a11 e-con-full e-flex e-con e-child\" data-id=\"89a8a11\" data-element_type=\"container\">\n\t\t\t\t<div class=\"elementor-element elementor-element-677178b elementor-widget elementor-widget-html\" data-id=\"677178b\" data-element_type=\"widget\" data-widget_type=\"html.default\">\n\t\t\t\t<div class=\"elementor-widget-container\">\n\t\t\t\t\t<select id=\"choiceTypeUnit\">\r\n    <option value=\"1\">Champ magn\u00e9tique<\/option>\r\n    <option value=\"2\">Radioactivit\u00e9 (dose\/h)<\/option>\r\n    <option value=\"3\">\u00c9clairement lumineux<\/option>\r\n    <option value=\"4\">\u00c9clairement \u00e9nerg\u00e9tique<\/option>\r\n<\/select>\r\n\t\t\t\t<\/div>\n\t\t\t\t<\/div>\n\t\t\t\t<\/div>\n\t\t<div class=\"elementor-element elementor-element-6de6f13 e-con-full e-flex e-con e-child\" data-id=\"6de6f13\" data-element_type=\"container\" data-settings=\"{&quot;background_background&quot;:&quot;classic&quot;}\">\n\t\t<div class=\"elementor-element elementor-element-c9676cc e-con-full e-flex e-con e-child\" data-id=\"c9676cc\" data-element_type=\"container\">\n\t\t\t\t<div class=\"elementor-element elementor-element-4278b73 elementor-widget elementor-widget-html\" data-id=\"4278b73\" data-element_type=\"widget\" data-widget_type=\"html.default\">\n\t\t\t\t<div class=\"elementor-widget-container\">\n\t\t\t\t\t<input id=\"start\" type=\"text\" value=\"1\" inputmode=\"decimal\">\r\n\t\t\t\t<\/div>\n\t\t\t\t<\/div>\n\t\t\t\t<\/div>\n\t\t<div class=\"elementor-element elementor-element-e6cc699 e-con-full e-flex e-con e-child\" data-id=\"e6cc699\" data-element_type=\"container\">\n\t\t\t\t<div class=\"elementor-element elementor-element-edf0e27 .unit-converter elementor-widget elementor-widget-html\" data-id=\"edf0e27\" data-element_type=\"widget\" data-widget_type=\"html.default\">\n\t\t\t\t<div class=\"elementor-widget-container\">\n\t\t\t\t\t<select id=\"unitStart\"><\/select>\r\n\t\t\t\t<\/div>\n\t\t\t\t<\/div>\n\t\t\t\t<\/div>\n\t\t\t\t<\/div>\n\t\t<div class=\"elementor-element elementor-element-9ca4381 e-con-full e-flex e-con e-child\" data-id=\"9ca4381\" data-element_type=\"container\">\n\t\t\t\t<div class=\"elementor-element elementor-element-0c7fc42 elementor-widget elementor-widget-html\" data-id=\"0c7fc42\" data-element_type=\"widget\" data-widget_type=\"html.default\">\n\t\t\t\t<div class=\"elementor-widget-container\">\n\t\t\t\t\t<div class=\"conv-grid\">\r\n  <table id=\"left\"  class=\"conv-table\"><\/table>\r\n  <table id=\"right\" class=\"conv-table\"><\/table>\r\n<\/div>\r\n\t\t\t\t<\/div>\n\t\t\t\t<\/div>\n\t\t\t\t<\/div>\n\t\t\t\t<\/div>\n\t\t\t\t\t<\/div>\n\t\t\t\t<\/div>\n\t\t\t\t<\/div>\n\t\t","protected":false},"excerpt":{"rendered":"<p>Convertisseur Choisissez la famille de conversion, puis tapez le nombre que vous souhaitez convertir dans la zone de texte pour voir les r\u00e9sultats dans le tableau. Champ magn\u00e9tiqueRadioactivit\u00e9 (dose\/h)\u00c9clairement lumineux\u00c9clairement \u00e9nerg\u00e9tique<\/p>\n","protected":false},"author":1,"featured_media":0,"parent":0,"menu_order":0,"comment_status":"closed","ping_status":"closed","template":"","meta":{"footnotes":""},"class_list":["post-911","page","type-page","status-publish","hentry"],"_links":{"self":[{"href":"https:\/\/www.carmelec.fr\/fr\/wp-json\/wp\/v2\/pages\/911","targetHints":{"allow":["GET"]}}],"collection":[{"href":"https:\/\/www.carmelec.fr\/fr\/wp-json\/wp\/v2\/pages"}],"about":[{"href":"https:\/\/www.carmelec.fr\/fr\/wp-json\/wp\/v2\/types\/page"}],"author":[{"embeddable":true,"href":"https:\/\/www.carmelec.fr\/fr\/wp-json\/wp\/v2\/users\/1"}],"replies":[{"embeddable":true,"href":"https:\/\/www.carmelec.fr\/fr\/wp-json\/wp\/v2\/comments?post=911"}],"version-history":[{"count":91,"href":"https:\/\/www.carmelec.fr\/fr\/wp-json\/wp\/v2\/pages\/911\/revisions"}],"predecessor-version":[{"id":1255,"href":"https:\/\/www.carmelec.fr\/fr\/wp-json\/wp\/v2\/pages\/911\/revisions\/1255"}],"wp:attachment":[{"href":"https:\/\/www.carmelec.fr\/fr\/wp-json\/wp\/v2\/media?parent=911"}],"curies":[{"name":"wp","href":"https:\/\/api.w.org\/{rel}","templated":true}]}}